{"id":12569,"date":"2025-02-19T15:43:14","date_gmt":"2025-02-19T15:43:14","guid":{"rendered":"https:\/\/planejeasfinancas.com.br\/?page_id=12569"},"modified":"2025-02-19T15:43:14","modified_gmt":"2025-02-19T15:43:14","slug":"termos-e-condicoes","status":"publish","type":"page","link":"https:\/\/planejeasfinancas.com.br\/cs\/termos-e-condicoes\/","title":{"rendered":"Obchodn\u00ed podm\u00ednky"},"content":{"rendered":"<html><body><p>P\u0159i p\u0159\u00edstupu na webov\u00e9 str\u00e1nky\u00a0<a href=\"https:\/\/politicaprivacidade.com\/planejeasfinancas.com.br\">Napl\u00e1nujte si sv\u00e9 finance<\/a>, souhlas\u00edte s dodr\u017eov\u00e1n\u00edm t\u011bchto podm\u00ednek slu\u017eby, v\u0161ech platn\u00fdch z\u00e1kon\u016f a p\u0159edpis\u016f a souhlas\u00edte s t\u00edm, \u017ee jste zodpov\u011bdn\u00ed za dodr\u017eov\u00e1n\u00ed v\u0161ech platn\u00fdch m\u00edstn\u00edch z\u00e1kon\u016f. Pokud s n\u011bkterou z t\u011bchto podm\u00ednek nesouhlas\u00edte, je v\u00e1m zak\u00e1z\u00e1no tyto str\u00e1nky pou\u017e\u00edvat nebo k nim p\u0159istupovat. Materi\u00e1ly obsa\u017een\u00e9 na t\u011bchto webov\u00fdch str\u00e1nk\u00e1ch jsou chr\u00e1n\u011bny platn\u00fdmi autorsk\u00fdmi pr\u00e1vy a z\u00e1kony o ochrann\u00fdch zn\u00e1mk\u00e1ch.<\/p>\n\n\n\n<h2 class=\"wp-block-heading\">2. Pou\u017eijte licenci<\/h2>\n\n\n\n<p>Je ud\u011bleno povolen\u00ed k do\u010dasn\u00e9mu sta\u017een\u00ed jedn\u00e9 kopie materi\u00e1l\u016f (informac\u00ed nebo softwaru) z webov\u00fdch str\u00e1nek spole\u010dnosti Planeje as Finan\u00e7as pouze pro osobn\u00ed, nekomer\u010dn\u00ed a p\u0159echodn\u00e9 prohl\u00ed\u017een\u00ed. Jedn\u00e1 se o ud\u011blen\u00ed licence, nikoli o p\u0159evod vlastnictv\u00ed, a na z\u00e1klad\u011b t\u00e9to licence nesm\u00edte:\u00a0<\/p>\n\n\n\n<ol class=\"wp-block-list\">\n<li>upravovat nebo kop\u00edrovat materi\u00e1ly;\u00a0<\/li>\n\n\n\n<li>pou\u017e\u00edvat materi\u00e1ly pro jak\u00e9koli komer\u010dn\u00ed \u00fa\u010dely nebo pro jak\u00e9koli ve\u0159ejn\u00e9 zobrazen\u00ed (komer\u010dn\u00ed \u010di nekomer\u010dn\u00ed);\u00a0<\/li>\n\n\n\n<li>pokou\u0161et se dekompilovat nebo zp\u011btn\u011b analyzovat jak\u00fdkoli software obsa\u017een\u00fd na webov\u00fdch str\u00e1nk\u00e1ch Planeje as Finan\u00e7as;\u00a0<\/li>\n\n\n\n<li>odstranit z materi\u00e1l\u016f jak\u00e9koli pozn\u00e1mky o autorsk\u00fdch pr\u00e1vech nebo jin\u00e9 ochrann\u00e9 zn\u00e1mky; nebo\u00a0<\/li>\n\n\n\n<li>p\u0159en\u00e9st materi\u00e1ly na jinou osobu ani je \u201ezrcadlit\u201c na jak\u00fdkoli jin\u00fd server.<\/li>\n<\/ol>\n\n\n\n<p>Tato licence automaticky zanik\u00e1, pokud poru\u0161\u00edte kter\u00e9koli z t\u011bchto omezen\u00ed, a spole\u010dnost Planeje as Finan\u00e7as ji m\u016f\u017ee kdykoli ukon\u010dit. Po ukon\u010den\u00ed prohl\u00ed\u017een\u00ed t\u011bchto materi\u00e1l\u016f nebo po ukon\u010den\u00ed t\u00e9to licence mus\u00edte zni\u010dit ve\u0161ker\u00e9 sta\u017een\u00e9 materi\u00e1ly, kter\u00e9 m\u00e1te ve sv\u00e9m dr\u017een\u00ed, a\u0165 u\u017e v elektronick\u00e9 nebo ti\u0161t\u011bn\u00e9 podob\u011b.<\/p>\n\n\n\n<h2 class=\"wp-block-heading\">3. Prohl\u00e1\u0161en\u00ed o vylou\u010den\u00ed odpov\u011bdnosti<\/h2>\n\n\n\n<ol class=\"wp-block-list\">\n<li>Materi\u00e1ly na webov\u00fdch str\u00e1nk\u00e1ch spole\u010dnosti Planeje as Finan\u00e7as jsou poskytov\u00e1ny \u201etak, jak jsou\u201c. Spole\u010dnost Planeje as Finan\u00e7as neposkytuje \u017e\u00e1dn\u00e9 z\u00e1ruky, v\u00fdslovn\u00e9 ani implicitn\u00ed, a t\u00edmto se z\u0159\u00edk\u00e1 a pop\u00edr\u00e1 ve\u0161ker\u00e9 ostatn\u00ed z\u00e1ruky, v\u010detn\u011b, mimo jin\u00e9, implicitn\u00edch z\u00e1ruk nebo podm\u00ednek prodejnosti, vhodnosti pro konkr\u00e9tn\u00ed \u00fa\u010del nebo neporu\u0161en\u00ed du\u0161evn\u00edho vlastnictv\u00ed \u010di jin\u00e9ho poru\u0161en\u00ed pr\u00e1v.<\/li>\n\n\n\n<li>Spole\u010dnost Planeje as Finan\u00e7as d\u00e1le nezaru\u010duje ani neposkytuje \u017e\u00e1dn\u00e1 prohl\u00e1\u0161en\u00ed t\u00fdkaj\u00edc\u00ed se p\u0159esnosti, pravd\u011bpodobn\u00fdch v\u00fdsledk\u016f nebo spolehlivosti pou\u017eit\u00ed materi\u00e1l\u016f na sv\u00fdch webov\u00fdch str\u00e1nk\u00e1ch nebo jinak souvisej\u00edc\u00edch s t\u011bmito materi\u00e1ly nebo na jak\u00fdchkoli str\u00e1nk\u00e1ch odkazovan\u00fdch na tyto str\u00e1nky.<\/li>\n<\/ol>\n\n\n\n<h2 class=\"wp-block-heading\">4. Omezen\u00ed<\/h2>\n\n\n\n<p>Spole\u010dnost Planeje as Finan\u00e7as ani jej\u00ed dodavatel\u00e9 nenesou v \u017e\u00e1dn\u00e9m p\u0159\u00edpad\u011b odpov\u011bdnost za jak\u00e9koli \u0161kody (v\u010detn\u011b, mimo jin\u00e9, \u0161kod zp\u016fsoben\u00fdch ztr\u00e1tou dat nebo zisku nebo \u0161kod zp\u016fsoben\u00fdch p\u0159eru\u0161en\u00edm obchodn\u00ed \u010dinnosti) vznikl\u00e9 v d\u016fsledku pou\u017eit\u00ed nebo nemo\u017enosti pou\u017eit\u00ed materi\u00e1l\u016f na internetov\u00fdch str\u00e1nk\u00e1ch spole\u010dnosti Planeje as Finan\u00e7as, a to ani v p\u0159\u00edpad\u011b, \u017ee spole\u010dnost Planeje as Finan\u00e7as nebo jej\u00ed zmocn\u011bn\u00fd z\u00e1stupce byli \u00fastn\u011b nebo p\u00edsemn\u011b informov\u00e1ni o mo\u017enosti vzniku takov\u00e9 \u0161kody. Proto\u017ee n\u011bkter\u00e9 jurisdikce neumo\u017e\u0148uj\u00ed omezen\u00ed implicitn\u00edch z\u00e1ruk ani omezen\u00ed odpov\u011bdnosti za n\u00e1sledn\u00e9 nebo n\u00e1hodn\u00e9 \u0161kody, nemus\u00ed se na v\u00e1s tato omezen\u00ed vztahovat.<\/p>\n\n\n\n<h2 class=\"wp-block-heading\">5. P\u0159esnost materi\u00e1l\u016f<\/h2>\n\n\n\n<p>Materi\u00e1ly zobrazen\u00e9 na webov\u00fdch str\u00e1nk\u00e1ch spole\u010dnosti Planeje as Finan\u00e7as mohou obsahovat technick\u00e9, typografick\u00e9 nebo fotografick\u00e9 chyby. Spole\u010dnost Planeje as Finan\u00e7as nezaru\u010duje, \u017ee jak\u00fdkoli materi\u00e1l na jej\u00edch webov\u00fdch str\u00e1nk\u00e1ch je p\u0159esn\u00fd, \u00fapln\u00fd nebo aktu\u00e1ln\u00ed. Spole\u010dnost Planeje as Finan\u00e7as si vyhrazuje pr\u00e1vo kdykoli bez p\u0159edchoz\u00edho upozorn\u011bn\u00ed prov\u00e1d\u011bt zm\u011bny v materi\u00e1lech obsa\u017een\u00fdch na sv\u00fdch webov\u00fdch str\u00e1nk\u00e1ch. Spole\u010dnost Planeje as Finan\u00e7as se v\u0161ak nezavazuje k aktualizaci materi\u00e1l\u016f.<\/p>\n\n\n\n<h2 class=\"wp-block-heading\">6. Odkazy<\/h2>\n\n\n\n<p>Spole\u010dnost Planeje as Finan\u00e7as nekontrolovala v\u0161echny str\u00e1nky odkazovan\u00e9 na jej\u00ed webov\u00e9 str\u00e1nky a nenese odpov\u011bdnost za obsah \u017e\u00e1dn\u00fdch takov\u00fdch odkazovan\u00fdch str\u00e1nek. Zahrnut\u00ed jak\u00e9hokoli odkazu neznamen\u00e1, \u017ee spole\u010dnost Planeje as Financ\u00e7as schvaluje dan\u00fd web. Pou\u017e\u00edv\u00e1n\u00ed jak\u00e9koli propojen\u00e9 webov\u00e9 str\u00e1nky je na vlastn\u00ed nebezpe\u010d\u00ed u\u017eivatele.<\/p>\n\n\n\n<h3 class=\"wp-block-heading\">Modifikace<\/h3>\n\n\n\n<p>Spole\u010dnost Planeje as Finan\u00e7as si vyhrazuje pr\u00e1vo kdykoli bez p\u0159edchoz\u00edho upozorn\u011bn\u00ed zm\u011bnit tyto podm\u00ednky pou\u017e\u00edv\u00e1n\u00ed webov\u00fdch str\u00e1nek. Pou\u017e\u00edv\u00e1n\u00edm t\u011bchto webov\u00fdch str\u00e1nek souhlas\u00edte s t\u00edm, \u017ee budete v\u00e1z\u00e1ni aktu\u00e1ln\u00ed verz\u00ed t\u011bchto podm\u00ednek slu\u017eby.<\/p>\n\n\n\n<h3 class=\"wp-block-heading\">Rozhodn\u00e9 pr\u00e1vo<\/h3>\n\n\n\n<p>Tyto obchodn\u00ed podm\u00ednky se \u0159\u00edd\u00ed a vykl\u00e1daj\u00ed v souladu se z\u00e1kony spole\u010dnosti Planeje as Finan\u00e7as a vy se neodvolateln\u011b pod\u0159izujete v\u00fdlu\u010dn\u00e9 jurisdikci soud\u016f v dan\u00e9m st\u00e1t\u011b nebo m\u00edst\u011b.<\/p>\n<\/body><\/html>","protected":false},"excerpt":{"rendered":"<p>Ao acessar ao site\u00a0Planeje as Finan\u00e7as, concorda em cumprir estes termos de servi\u00e7o, todas as leis e regulamentos aplic\u00e1veis \u200b\u200be concorda que \u00e9 respons\u00e1vel pelo cumprimento de todas as leis locais aplic\u00e1veis. Se voc\u00ea n\u00e3o concordar com algum desses termos, est\u00e1 proibido de usar ou acessar este site. Os materiais contidos neste site s\u00e3o protegidos [&hellip;]<\/p>\n","protected":false},"author":4,"featured_media":0,"parent":0,"menu_order":0,"comment_status":"closed","ping_status":"closed","template":"","meta":{"footnotes":""},"class_list":["post-12569","page","type-page","status-publish","hentry"],"_links":{"self":[{"href":"https:\/\/planejeasfinancas.com.br\/cs\/wp-json\/wp\/v2\/pages\/12569","targetHints":{"allow":["GET"]}}],"collection":[{"href":"https:\/\/planejeasfinancas.com.br\/cs\/wp-json\/wp\/v2\/pages"}],"about":[{"href":"https:\/\/planejeasfinancas.com.br\/cs\/wp-json\/wp\/v2\/types\/page"}],"author":[{"embeddable":true,"href":"https:\/\/planejeasfinancas.com.br\/cs\/wp-json\/wp\/v2\/users\/4"}],"replies":[{"embeddable":true,"href":"https:\/\/planejeasfinancas.com.br\/cs\/wp-json\/wp\/v2\/comments?post=12569"}],"version-history":[{"count":1,"href":"https:\/\/planejeasfinancas.com.br\/cs\/wp-json\/wp\/v2\/pages\/12569\/revisions"}],"predecessor-version":[{"id":12570,"href":"https:\/\/planejeasfinancas.com.br\/cs\/wp-json\/wp\/v2\/pages\/12569\/revisions\/12570"}],"wp:attachment":[{"href":"https:\/\/planejeasfinancas.com.br\/cs\/wp-json\/wp\/v2\/media?parent=12569"}],"curies":[{"name":"wp","href":"https:\/\/api.w.org\/{rel}","templated":true}]}}