{"id":3,"date":"2025-02-19T14:27:01","date_gmt":"2025-02-19T14:27:01","guid":{"rendered":"https:\/\/planejeasfinancas.com.br\/?page_id=3"},"modified":"2025-02-19T15:42:45","modified_gmt":"2025-02-19T15:42:45","slug":"privacy-policy","status":"publish","type":"page","link":"https:\/\/planejeasfinancas.com.br\/cs\/privacy-policy\/","title":{"rendered":"Z\u00e1sady ochrany osobn\u00edch \u00fadaj\u016f"},"content":{"rendered":"<html><body><p>Va\u0161e soukrom\u00ed je pro n\u00e1s d\u016fle\u017eit\u00e9. Spole\u010dnost Planeje as Finan\u00e7as respektuje va\u0161e soukrom\u00ed, pokud jde o ve\u0161ker\u00e9 informace, kter\u00e9 od v\u00e1s m\u016f\u017eeme shroma\u017e\u010fovat na na\u0161ich webov\u00fdch str\u00e1nk\u00e1ch.\u00a0<a href=\"https:\/\/politicaprivacidade.com\/planejeasfinancas.com.br\">Napl\u00e1nujte si sv\u00e9 finance<\/a>a dal\u0161\u00ed webov\u00e9 str\u00e1nky, kter\u00e9 vlastn\u00edme a provozujeme.<\/p>\n\n\n\n<p>Osobn\u00ed \u00fadaje po\u017eadujeme pouze tehdy, kdy\u017e je skute\u010dn\u011b pot\u0159ebujeme k poskytnut\u00ed slu\u017eby. D\u011bl\u00e1me tak spravedliv\u00fdmi a z\u00e1konn\u00fdmi prost\u0159edky s va\u0161\u00edm v\u011bdom\u00edm a souhlasem. Tak\u00e9 v\u00e1m d\u00e1me v\u011bd\u011bt, pro\u010d je shroma\u017e\u010fujeme a jak budou pou\u017eity.<\/p>\n\n\n\n<p>Shrom\u00e1\u017ed\u011bn\u00e9 informace uchov\u00e1v\u00e1me pouze po dobu nezbytn\u011b nutnou k poskytnut\u00ed v\u00e1mi po\u017eadovan\u00e9 slu\u017eby. Jak\u00e1koli data, kter\u00e1 uchov\u00e1v\u00e1me, budeme chr\u00e1nit komer\u010dn\u011b p\u0159ijateln\u00fdmi prost\u0159edky, abychom zabr\u00e1nili jejich ztr\u00e1t\u011b a kr\u00e1de\u017ei, jako\u017e i neopr\u00e1vn\u011bn\u00e9mu p\u0159\u00edstupu, zve\u0159ejn\u011bn\u00ed, kop\u00edrov\u00e1n\u00ed, pou\u017eit\u00ed nebo \u00faprav\u011b.<\/p>\n\n\n\n<p>Nesd\u00edl\u00edme \u017e\u00e1dn\u00e9 osobn\u00ed \u00fadaje ve\u0159ejn\u011b ani se t\u0159et\u00edmi stranami, s v\u00fdjimkou p\u0159\u00edpad\u016f, kdy to vy\u017eaduje z\u00e1kon.<\/p>\n\n\n\n<p>Na\u0161e webov\u00e9 str\u00e1nky mohou obsahovat odkazy na extern\u00ed webov\u00e9 str\u00e1nky, kter\u00e9 neprovozujeme. Upozor\u0148ujeme, \u017ee nem\u00e1me \u017e\u00e1dnou kontrolu nad obsahem a postupy t\u011bchto str\u00e1nek a nem\u016f\u017eeme n\u00e9st odpov\u011bdnost za jejich p\u0159\u00edslu\u0161n\u00e9\u00a0<a href=\"https:\/\/politicaprivacidade.com\/\" rel=\"noreferrer noopener\" target=\"_blank\">z\u00e1sady ochrany osobn\u00edch \u00fadaj\u016f<\/a>.<\/p>\n\n\n\n<p>\u017d\u00e1dost o va\u0161e osobn\u00ed \u00fadaje m\u016f\u017eete odm\u00edtnout s t\u00edm, \u017ee v\u00e1m mo\u017en\u00e1 nebudeme moci poskytnout n\u011bkter\u00e9 z v\u00e1mi po\u017eadovan\u00fdch slu\u017eeb.<\/p>\n\n\n\n<p>Va\u0161e dal\u0161\u00ed pou\u017e\u00edv\u00e1n\u00ed na\u0161ich webov\u00fdch str\u00e1nek bude pova\u017eov\u00e1no za souhlas s na\u0161imi postupy t\u00fdkaj\u00edc\u00edmi se ochrany osobn\u00edch \u00fadaj\u016f a ochrany osobn\u00edch \u00fadaj\u016f. Pokud m\u00e1te jak\u00e9koli dotazy ohledn\u011b toho, jak nakl\u00e1d\u00e1me s u\u017eivatelsk\u00fdmi \u00fadaji a osobn\u00edmi \u00fadaji, kontaktujte n\u00e1s.<\/p>\n\n\n\n<ul class=\"wp-block-list\">\n<li>Slu\u017eba Google AdSense, kterou pou\u017e\u00edv\u00e1me k zobrazov\u00e1n\u00ed reklamy, pou\u017e\u00edv\u00e1 soubor cookie DoubleClick k zobrazov\u00e1n\u00ed relevantn\u011bj\u0161\u00edch reklam na webu a k omezen\u00ed po\u010dtu zobrazen\u00ed dan\u00e9 reklamy.<\/li>\n\n\n\n<li>Dal\u0161\u00ed informace o slu\u017eb\u011b Google AdSense naleznete v ofici\u00e1ln\u00edch nej\u010dast\u011bj\u0161\u00edch dotazech k ochran\u011b osobn\u00edch \u00fadaj\u016f v Google AdSense.<\/li>\n\n\n\n<li>Reklamy pou\u017e\u00edv\u00e1me k pokryt\u00ed n\u00e1klad\u016f na provoz t\u011bchto webov\u00fdch str\u00e1nek a k zaji\u0161t\u011bn\u00ed financov\u00e1n\u00ed budouc\u00edho rozvoje. Soubory cookie pro behavior\u00e1ln\u00ed reklamu pou\u017e\u00edvan\u00e9 t\u011bmito str\u00e1nkami jsou navr\u017eeny tak, abychom v\u00e1m poskytovali co nejrelevantn\u011bj\u0161\u00ed reklamy, a to anonymn\u00edm sledov\u00e1n\u00edm va\u0161ich z\u00e1jm\u016f a prezentac\u00ed podobn\u00fdch v\u011bc\u00ed, kter\u00e9 by v\u00e1s mohly zaj\u00edmat.<\/li>\n\n\n\n<li>N\u011bkolik partner\u016f inzeruje na\u0161\u00edm jm\u00e9nem a soubory cookie pro sledov\u00e1n\u00ed affiliate partner\u016f n\u00e1m jednodu\u0161e umo\u017e\u0148uj\u00ed zjistit, zda na\u0161i z\u00e1kazn\u00edci p\u0159i\u0161li na web prost\u0159ednictv\u00edm jednoho z na\u0161ich partnersk\u00fdch web\u016f, abychom jim mohli odpov\u00eddaj\u00edc\u00edm zp\u016fsobem p\u0159ipsat kredit a p\u0159\u00edpadn\u011b umo\u017enit na\u0161im affiliate partner\u016fm poskytnout v\u00e1m jak\u00fdkoli bonus, kter\u00fd v\u00e1m mohou poskytnout za proveden\u00ed n\u00e1kupu.<\/li>\n<\/ul>\n\n\n\n<h3 class=\"wp-block-heading\">Z\u00e1vazek u\u017eivatele<\/h3>\n\n\n\n<p>U\u017eivatel se zavazuje, \u017ee bude vhodn\u00fdm zp\u016fsobem vyu\u017e\u00edvat obsah a informace, kter\u00e9 spole\u010dnost Planeje as Finan\u00e7as nab\u00edz\u00ed na webov\u00fdch str\u00e1nk\u00e1ch, a to nap\u0159\u00edklad, ale nikoli v\u00fdhradn\u011b:<\/p>\n\n\n\n<ul class=\"wp-block-list\">\n<li>A) Nezapojovat se do \u010dinnost\u00ed, kter\u00e9 jsou nez\u00e1konn\u00e9 nebo v rozporu s dobrou v\u00edrou a ve\u0159ejn\u00fdm po\u0159\u00e1dkem;<\/li>\n\n\n\n<li>B) Ne\u0161\u00ed\u0159it propagandu ani obsah rasistick\u00e9 \u010di xenofobn\u00ed povahy,\u00a0<a href=\"https:\/\/betnacionalbrasil.br.com\/\">N\u00e1rodn\u00ed s\u00e1zka<\/a>\u00a0nebo sm\u016fla, jak\u00fdkoli druh neleg\u00e1ln\u00ed pornografie, na podporu terorismu nebo proti lidsk\u00fdm pr\u00e1v\u016fm;<\/li>\n\n\n\n<li>C) Nepo\u0161kozovat fyzick\u00e9 (hardwarov\u00e9) a logick\u00e9 (softwarov\u00e9) syst\u00e9my spole\u010dnosti Planeje as Finan\u00e7as, jej\u00edch dodavatel\u016f ani t\u0159et\u00edch stran, zav\u00e1d\u011bt ani \u0161\u00ed\u0159it po\u010d\u00edta\u010dov\u00e9 viry nebo jak\u00e9koli jin\u00e9 hardwarov\u00e9 \u010di softwarov\u00e9 syst\u00e9my, kter\u00e9 by mohly zp\u016fsobit v\u00fd\u0161e uveden\u00e9 \u0161kody.<\/li>\n<\/ul>\n\n\n\n<h3 class=\"wp-block-heading\">V\u00edce informac\u00ed<\/h3>\n\n\n\n<p>Douf\u00e1m, \u017ee v\u00e1m to objasnilo situaci, a jak ji\u017e bylo zm\u00edn\u011bno, pokud si nejste jisti, zda n\u011bco pot\u0159ebujete, je obvykle bezpe\u010dn\u011bj\u0161\u00ed ponechat soubory cookie povolen\u00e9 pro p\u0159\u00edpad, \u017ee by to interagovalo s n\u011bkterou z funkc\u00ed, kter\u00e9 na na\u0161ich str\u00e1nk\u00e1ch pou\u017e\u00edv\u00e1te.<\/p>\n\n\n\n<p>Tato politika je \u00fa\u010dinn\u00e1 od 19. \u00fanora 2025 15:41<\/p>\n<\/body><\/html>","protected":false},"excerpt":{"rendered":"<p>A sua privacidade \u00e9 importante para n\u00f3s. \u00c9 pol\u00edtica do Planeje as Finan\u00e7as respeitar a sua privacidade em rela\u00e7\u00e3o a qualquer informa\u00e7\u00e3o sua que possamos coletar no site\u00a0Planeje as Finan\u00e7as, e outros sites que possu\u00edmos e operamos. Solicitamos informa\u00e7\u00f5es pessoais apenas quando realmente precisamos delas para lhe fornecer um servi\u00e7o. Fazemo-lo por meios justos e [&hellip;]<\/p>\n","protected":false},"author":4,"featured_media":0,"parent":0,"menu_order":0,"comment_status":"closed","ping_status":"open","template":"","meta":{"footnotes":""},"class_list":["post-3","page","type-page","status-publish","hentry"],"_links":{"self":[{"href":"https:\/\/planejeasfinancas.com.br\/cs\/wp-json\/wp\/v2\/pages\/3","targetHints":{"allow":["GET"]}}],"collection":[{"href":"https:\/\/planejeasfinancas.com.br\/cs\/wp-json\/wp\/v2\/pages"}],"about":[{"href":"https:\/\/planejeasfinancas.com.br\/cs\/wp-json\/wp\/v2\/types\/page"}],"author":[{"embeddable":true,"href":"https:\/\/planejeasfinancas.com.br\/cs\/wp-json\/wp\/v2\/users\/4"}],"replies":[{"embeddable":true,"href":"https:\/\/planejeasfinancas.com.br\/cs\/wp-json\/wp\/v2\/comments?post=3"}],"version-history":[{"count":1,"href":"https:\/\/planejeasfinancas.com.br\/cs\/wp-json\/wp\/v2\/pages\/3\/revisions"}],"predecessor-version":[{"id":12568,"href":"https:\/\/planejeasfinancas.com.br\/cs\/wp-json\/wp\/v2\/pages\/3\/revisions\/12568"}],"wp:attachment":[{"href":"https:\/\/planejeasfinancas.com.br\/cs\/wp-json\/wp\/v2\/media?parent=3"}],"curies":[{"name":"wp","href":"https:\/\/api.w.org\/{rel}","templated":true}]}}