{"id":12569,"date":"2025-02-19T15:43:14","date_gmt":"2025-02-19T15:43:14","guid":{"rendered":"https:\/\/planejeasfinancas.com.br\/?page_id=12569"},"modified":"2025-02-19T15:43:14","modified_gmt":"2025-02-19T15:43:14","slug":"termos-e-condicoes","status":"publish","type":"page","link":"https:\/\/planejeasfinancas.com.br\/de\/termos-e-condicoes\/","title":{"rendered":"Gesch\u00e4ftsbedingungen"},"content":{"rendered":"<html><body><p>Beim Zugriff auf die Website\u00a0<a href=\"https:\/\/politicaprivacidade.com\/planejeasfinancas.com.br\">Planen Sie Ihre Finanzen<\/a>, erkl\u00e4ren Sie sich damit einverstanden, diese Servicebedingungen sowie alle geltenden Gesetze und Vorschriften einzuhalten, und stimmen zu, dass Sie f\u00fcr die Einhaltung aller geltenden lokalen Gesetze verantwortlich sind. Wenn Sie mit diesen Bedingungen nicht einverstanden sind, ist Ihnen die Nutzung oder der Zugriff auf diese Site untersagt. Die auf dieser Website enthaltenen Materialien sind durch geltendes Urheber- und Markenrecht gesch\u00fctzt.<\/p>\n\n\n\n<h2 class=\"wp-block-heading\">2. Nutzungslizenz<\/h2>\n\n\n\n<p>Es wird die Erlaubnis erteilt, vor\u00fcbergehend eine Kopie der Materialien (Informationen oder Software) auf der Website von Planeje as Finan\u00e7as herunterzuladen, und zwar ausschlie\u00dflich zur pers\u00f6nlichen, nicht kommerziellen, vor\u00fcbergehenden Ansicht. Es handelt sich hierbei um die Gew\u00e4hrung einer Lizenz und nicht um eine \u00dcbertragung des Eigentumsrechts. Im Rahmen dieser Lizenz d\u00fcrfen Sie nicht:\u00a0<\/p>\n\n\n\n<ol class=\"wp-block-list\">\n<li>die Materialien ver\u00e4ndern oder kopieren;\u00a0<\/li>\n\n\n\n<li>die Materialien f\u00fcr kommerzielle Zwecke oder f\u00fcr eine \u00f6ffentliche Darstellung (kommerziell oder nicht kommerziell) zu verwenden;\u00a0<\/li>\n\n\n\n<li>versuchen, die auf der Website von Planeje as Finan\u00e7as enthaltene Software zu dekompilieren oder zur\u00fcckzuentwickeln;\u00a0<\/li>\n\n\n\n<li>jegliche Urheberrechts- oder sonstige Eigentumsvermerke aus den Materialien entfernen; oder\u00a0<\/li>\n\n\n\n<li>die Materialien an eine andere Person \u00fcbertragen oder die Materialien auf einem anderen Server \u201espiegeln\u201c.<\/li>\n<\/ol>\n\n\n\n<p>Diese Lizenz erlischt automatisch, wenn Sie gegen eine dieser Einschr\u00e4nkungen versto\u00dfen, und kann von Planeje as Finan\u00e7as jederzeit gek\u00fcndigt werden. Wenn Sie die Anzeige dieser Materialien beenden oder diese Lizenz erlischt, m\u00fcssen Sie s\u00e4mtliche heruntergeladenen Materialien in Ihrem Besitz vernichten, unabh\u00e4ngig davon, ob sie in elektronischer oder gedruckter Form vorliegen.<\/p>\n\n\n\n<h2 class=\"wp-block-heading\">3. Haftungsausschluss<\/h2>\n\n\n\n<ol class=\"wp-block-list\">\n<li>Die Materialien auf der Website von Planeje as Finan\u00e7as werden \u201ewie besehen\u201c bereitgestellt. Planeje as Finan\u00e7as \u00fcbernimmt keine ausdr\u00fccklichen oder stillschweigenden Garantien und schlie\u00dft hiermit alle anderen Garantien aus, einschlie\u00dflich, aber nicht beschr\u00e4nkt auf stillschweigende Garantien oder Gew\u00e4hrleistungen hinsichtlich der Marktg\u00e4ngigkeit, Eignung f\u00fcr einen bestimmten Zweck oder Nichtverletzung von Rechten an geistigem Eigentum oder andere Rechtsverletzungen.<\/li>\n\n\n\n<li>Dar\u00fcber hinaus \u00fcbernimmt Planeje as Finan\u00e7as keine Garantie oder Zusicherung hinsichtlich der Genauigkeit, der wahrscheinlichen Ergebnisse oder der Zuverl\u00e4ssigkeit der Verwendung der Materialien auf seiner Website oder in sonstiger Weise in Bezug auf diese Materialien oder auf Websites, die mit dieser Website verlinkt sind.<\/li>\n<\/ol>\n\n\n\n<h2 class=\"wp-block-heading\">4. Einschr\u00e4nkungen<\/h2>\n\n\n\n<p>Planeje as Finan\u00e7as oder seine Lieferanten haften unter keinen Umst\u00e4nden f\u00fcr Sch\u00e4den (einschlie\u00dflich, aber nicht beschr\u00e4nkt auf Sch\u00e4den durch Datenverlust oder entgangenen Gewinn oder aufgrund von Gesch\u00e4ftsunterbrechungen), die aus der Nutzung oder der Unm\u00f6glichkeit der Nutzung der Materialien auf der Internet-Site von Planeje as Finan\u00e7as entstehen, selbst wenn Planeje as Finan\u00e7as oder ein autorisierter Vertreter von Planeje as Finan\u00e7as m\u00fcndlich oder schriftlich \u00fcber die M\u00f6glichkeit derartiger Sch\u00e4den informiert wurde. Da in einigen Rechtsgebieten die Einschr\u00e4nkung stillschweigender Garantien oder die Haftung f\u00fcr Folge- oder Nebensch\u00e4den nicht zul\u00e4ssig ist, gelten diese Einschr\u00e4nkungen m\u00f6glicherweise nicht f\u00fcr Sie.<\/p>\n\n\n\n<h2 class=\"wp-block-heading\">5. Genauigkeit der Materialien<\/h2>\n\n\n\n<p>Die auf der Website von Planeje as Finan\u00e7as angezeigten Materialien k\u00f6nnen technische, typografische oder fotografische Fehler enthalten. Planeje as Finan\u00e7as \u00fcbernimmt keine Gew\u00e4hr f\u00fcr die Richtigkeit, Vollst\u00e4ndigkeit oder Aktualit\u00e4t der auf seiner Website enthaltenen Materialien. Planeje as Finan\u00e7as kann jederzeit und ohne Vorank\u00fcndigung \u00c4nderungen an den auf seiner Website enthaltenen Materialien vornehmen. Planeje as Finan\u00e7as verpflichtet sich jedoch nicht zur Aktualisierung der Materialien.<\/p>\n\n\n\n<h2 class=\"wp-block-heading\">6. Links<\/h2>\n\n\n\n<p>Planeje as Finan\u00e7as hat nicht alle mit seiner Website verkn\u00fcpften Sites \u00fcberpr\u00fcft und ist nicht f\u00fcr den Inhalt dieser verkn\u00fcpften Sites verantwortlich. Die Einbindung eines Links bedeutet nicht, dass Planeje as Finan\u00e7as die Site unterst\u00fctzt. Die Nutzung aller verlinkten Websites erfolgt auf eigene Gefahr des Benutzers.<\/p>\n\n\n\n<h3 class=\"wp-block-heading\">\u00c4nderungen<\/h3>\n\n\n\n<p>Planeje as Finan\u00e7as kann die Nutzungsbedingungen dieser Website jederzeit und ohne Vorank\u00fcndigung \u00e4ndern. Durch die Nutzung dieser Website erkl\u00e4ren Sie sich mit der jeweils aktuellen Version dieser Servicebedingungen einverstanden.<\/p>\n\n\n\n<h3 class=\"wp-block-heading\">Geltendes Recht<\/h3>\n\n\n\n<p>Diese Gesch\u00e4ftsbedingungen unterliegen den Gesetzen von Planeje as Finan\u00e7as und werden entsprechend ausgelegt. Sie unterwerfen sich unwiderruflich der ausschlie\u00dflichen Zust\u00e4ndigkeit der Gerichte in diesem Staat oder an diesem Ort.<\/p>\n<\/body><\/html>","protected":false},"excerpt":{"rendered":"<p>Ao acessar ao site\u00a0Planeje as Finan\u00e7as, concorda em cumprir estes termos de servi\u00e7o, todas as leis e regulamentos aplic\u00e1veis \u200b\u200be concorda que \u00e9 respons\u00e1vel pelo cumprimento de todas as leis locais aplic\u00e1veis. Se voc\u00ea n\u00e3o concordar com algum desses termos, est\u00e1 proibido de usar ou acessar este site. Os materiais contidos neste site s\u00e3o protegidos [&hellip;]<\/p>\n","protected":false},"author":4,"featured_media":0,"parent":0,"menu_order":0,"comment_status":"closed","ping_status":"closed","template":"","meta":{"footnotes":""},"class_list":["post-12569","page","type-page","status-publish","hentry"],"_links":{"self":[{"href":"https:\/\/planejeasfinancas.com.br\/de\/wp-json\/wp\/v2\/pages\/12569","targetHints":{"allow":["GET"]}}],"collection":[{"href":"https:\/\/planejeasfinancas.com.br\/de\/wp-json\/wp\/v2\/pages"}],"about":[{"href":"https:\/\/planejeasfinancas.com.br\/de\/wp-json\/wp\/v2\/types\/page"}],"author":[{"embeddable":true,"href":"https:\/\/planejeasfinancas.com.br\/de\/wp-json\/wp\/v2\/users\/4"}],"replies":[{"embeddable":true,"href":"https:\/\/planejeasfinancas.com.br\/de\/wp-json\/wp\/v2\/comments?post=12569"}],"version-history":[{"count":1,"href":"https:\/\/planejeasfinancas.com.br\/de\/wp-json\/wp\/v2\/pages\/12569\/revisions"}],"predecessor-version":[{"id":12570,"href":"https:\/\/planejeasfinancas.com.br\/de\/wp-json\/wp\/v2\/pages\/12569\/revisions\/12570"}],"wp:attachment":[{"href":"https:\/\/planejeasfinancas.com.br\/de\/wp-json\/wp\/v2\/media?parent=12569"}],"curies":[{"name":"wp","href":"https:\/\/api.w.org\/{rel}","templated":true}]}}