{"id":3,"date":"2025-02-19T14:27:01","date_gmt":"2025-02-19T14:27:01","guid":{"rendered":"https:\/\/planejeasfinancas.com.br\/?page_id=3"},"modified":"2025-02-19T15:42:45","modified_gmt":"2025-02-19T15:42:45","slug":"privacy-policy","status":"publish","type":"page","link":"https:\/\/planejeasfinancas.com.br\/de\/privacy-policy\/","title":{"rendered":"Datenschutzrichtlinie"},"content":{"rendered":"<html><body><p>Ihre Privatsph\u00e4re ist uns wichtig. Es ist die Politik von Planeje as Finan\u00e7as, Ihre Privatsph\u00e4re hinsichtlich aller Informationen zu respektieren, die wir \u00fcber unsere Website von Ihnen erfassen.\u00a0<a href=\"https:\/\/politicaprivacidade.com\/planejeasfinancas.com.br\">Planen Sie Ihre Finanzen<\/a>, und andere Websites, die wir besitzen und betreiben.<\/p>\n\n\n\n<p>Wir fragen nur dann nach pers\u00f6nlichen Informationen, wenn wir diese wirklich ben\u00f6tigen, um Ihnen einen Service zu bieten. Wir tun dies auf faire und rechtm\u00e4\u00dfige Weise und mit Ihrem Wissen und Ihrer Zustimmung. Wir teilen Ihnen auch mit, warum wir diese Daten erfassen und wie sie verwendet werden.<\/p>\n\n\n\n<p>Wir bewahren die erfassten Informationen nur so lange auf, wie es f\u00fcr die Bereitstellung des von Ihnen gew\u00fcnschten Dienstes erforderlich ist. Die von uns gespeicherten Daten sch\u00fctzen wir mit kommerziell vertretbaren Mitteln, um Verlust und Diebstahl sowie unbefugten Zugriff, Offenlegung, Kopieren, Verwendung oder \u00c4nderung zu verhindern.<\/p>\n\n\n\n<p>Wir geben keine personenbezogenen Daten \u00f6ffentlich oder an Dritte weiter, es sei denn, wir sind gesetzlich dazu verpflichtet.<\/p>\n\n\n\n<p>Unsere Website kann Links zu externen Websites enthalten, die nicht von uns betrieben werden. Bitte beachten Sie, dass wir keine Kontrolle \u00fcber den Inhalt und die Praktiken dieser Websites haben und keine Verantwortung f\u00fcr deren jeweilige\u00a0<a href=\"https:\/\/politicaprivacidade.com\/\" rel=\"noreferrer noopener\" target=\"_blank\">Datenschutzrichtlinien<\/a>.<\/p>\n\n\n\n<p>Es steht Ihnen frei, unsere Anfrage nach Ihren pers\u00f6nlichen Daten abzulehnen, allerdings mit dem Verst\u00e4ndnis, dass wir Ihnen dann m\u00f6glicherweise einige der von Ihnen gew\u00fcnschten Dienste nicht zur Verf\u00fcgung stellen k\u00f6nnen.<\/p>\n\n\n\n<p>Ihre fortgesetzte Nutzung unserer Website gilt als Zustimmung zu unseren Praktiken in Bezug auf Datenschutz und personenbezogene Daten. Wenn Sie Fragen zu unserem Umgang mit Benutzerdaten und pers\u00f6nlichen Informationen haben, kontaktieren Sie uns bitte.<\/p>\n\n\n\n<ul class=\"wp-block-list\">\n<li>Der von uns zur Schaltung von Werbung verwendete Google AdSense-Dienst verwendet ein DoubleClick-Cookie, um im gesamten Web relevantere Anzeigen zu schalten und die H\u00e4ufigkeit zu begrenzen, mit der Ihnen eine bestimmte Anzeige angezeigt wird.<\/li>\n\n\n\n<li>Weitere Informationen zu Google AdSense finden Sie in den offiziellen FAQs zum Datenschutz bei Google AdSense.<\/li>\n\n\n\n<li>Wir verwenden Anzeigen, um die Kosten f\u00fcr den Betrieb dieser Website zu decken und die Finanzierung der zuk\u00fcnftigen Entwicklung sicherzustellen. Die von dieser Site verwendeten Cookies f\u00fcr verhaltensbasierte Werbung sollen sicherstellen, dass wir Ihnen m\u00f6glichst relevante Werbung bereitstellen, indem wir Ihre Interessen anonym verfolgen und Ihnen \u00e4hnliche Dinge pr\u00e4sentieren, die f\u00fcr Sie von Interesse sein k\u00f6nnten.<\/li>\n\n\n\n<li>Mehrere Partner werben in unserem Namen und mithilfe von Affiliate-Tracking-Cookies k\u00f6nnen wir einfach feststellen, ob unsere Kunden \u00fcber eine unserer Partner-Sites auf die Site gelangt sind, sodass wir ihnen den entsprechenden Betrag gutschreiben und unseren Affiliate-Partnern gegebenenfalls erm\u00f6glichen k\u00f6nnen, Ihnen einen Bonus f\u00fcr einen Einkauf zu gew\u00e4hren.<\/li>\n<\/ul>\n\n\n\n<h3 class=\"wp-block-heading\">Benutzerverpflichtung<\/h3>\n\n\n\n<p>Der Benutzer verpflichtet sich, die Inhalte und Informationen, die Planeje as Finan\u00e7as auf der Website anbietet, angemessen zu nutzen, beispielsweise, aber nicht beschr\u00e4nkt auf:<\/p>\n\n\n\n<ul class=\"wp-block-list\">\n<li>A) sich nicht an Aktivit\u00e4ten zu beteiligen, die illegal sind oder gegen Treu und Glauben und die \u00f6ffentliche Ordnung versto\u00dfen;<\/li>\n\n\n\n<li>B) Verbreiten Sie keine Propaganda oder Inhalte rassistischer, fremdenfeindlicher Natur,\u00a0<a href=\"https:\/\/betnacionalbrasil.br.com\/\">Nationale Wette<\/a>\u00a0oder Ungl\u00fcck, jede Art illegaler Pornografie, zur Unterst\u00fctzung des Terrorismus oder gegen die Menschenrechte;<\/li>\n\n\n\n<li>C) Keine Sch\u00e4den an den physischen (Hardware) und logischen (Software) Systemen von Planeje as Finan\u00e7as, seinen Lieferanten oder Dritten zu verursachen, keine Computerviren oder andere Hardware- oder Softwaresysteme einzuf\u00fchren oder zu verbreiten, die die oben genannten Sch\u00e4den verursachen k\u00f6nnen.<\/li>\n<\/ul>\n\n\n\n<h3 class=\"wp-block-heading\">Weitere Informationen<\/h3>\n\n\n\n<p>Hoffentlich hat das die Dinge f\u00fcr Sie gekl\u00e4rt, und wie bereits erw\u00e4hnt, ist es normalerweise sicherer, Cookies aktiviert zu lassen, falls sie mit einer der Funktionen interagieren, die Sie auf unserer Site verwenden, wenn Sie sich nicht sicher sind, ob Sie etwas ben\u00f6tigen oder nicht.<\/p>\n\n\n\n<p>Diese Richtlinie ist ab dem 19. Februar 2025 um 15:41 Uhr g\u00fcltig.<\/p>\n<\/body><\/html>","protected":false},"excerpt":{"rendered":"<p>A sua privacidade \u00e9 importante para n\u00f3s. \u00c9 pol\u00edtica do Planeje as Finan\u00e7as respeitar a sua privacidade em rela\u00e7\u00e3o a qualquer informa\u00e7\u00e3o sua que possamos coletar no site\u00a0Planeje as Finan\u00e7as, e outros sites que possu\u00edmos e operamos. Solicitamos informa\u00e7\u00f5es pessoais apenas quando realmente precisamos delas para lhe fornecer um servi\u00e7o. Fazemo-lo por meios justos e [&hellip;]<\/p>\n","protected":false},"author":4,"featured_media":0,"parent":0,"menu_order":0,"comment_status":"closed","ping_status":"open","template":"","meta":{"footnotes":""},"class_list":["post-3","page","type-page","status-publish","hentry"],"_links":{"self":[{"href":"https:\/\/planejeasfinancas.com.br\/de\/wp-json\/wp\/v2\/pages\/3","targetHints":{"allow":["GET"]}}],"collection":[{"href":"https:\/\/planejeasfinancas.com.br\/de\/wp-json\/wp\/v2\/pages"}],"about":[{"href":"https:\/\/planejeasfinancas.com.br\/de\/wp-json\/wp\/v2\/types\/page"}],"author":[{"embeddable":true,"href":"https:\/\/planejeasfinancas.com.br\/de\/wp-json\/wp\/v2\/users\/4"}],"replies":[{"embeddable":true,"href":"https:\/\/planejeasfinancas.com.br\/de\/wp-json\/wp\/v2\/comments?post=3"}],"version-history":[{"count":1,"href":"https:\/\/planejeasfinancas.com.br\/de\/wp-json\/wp\/v2\/pages\/3\/revisions"}],"predecessor-version":[{"id":12568,"href":"https:\/\/planejeasfinancas.com.br\/de\/wp-json\/wp\/v2\/pages\/3\/revisions\/12568"}],"wp:attachment":[{"href":"https:\/\/planejeasfinancas.com.br\/de\/wp-json\/wp\/v2\/media?parent=3"}],"curies":[{"name":"wp","href":"https:\/\/api.w.org\/{rel}","templated":true}]}}