{"id":12569,"date":"2025-02-19T15:43:14","date_gmt":"2025-02-19T15:43:14","guid":{"rendered":"https:\/\/planejeasfinancas.com.br\/?page_id=12569"},"modified":"2025-02-19T15:43:14","modified_gmt":"2025-02-19T15:43:14","slug":"termos-e-condicoes","status":"publish","type":"page","link":"https:\/\/planejeasfinancas.com.br\/en\/termos-e-condicoes\/","title":{"rendered":"Terms and conditions"},"content":{"rendered":"<html><body><p>When accessing the site\u00a0<a href=\"https:\/\/politicaprivacidade.com\/planejeasfinancas.com.br\">Plan your finances<\/a>If you agree to be bound by these terms of service, you agree to comply with all applicable laws and regulations, and you agree that you are responsible for compliance with any applicable local laws. If you do not agree to any of these terms, you are prohibited from using or accessing this site. The materials on this site are protected by applicable copyright and trademark laws.<\/p>\n\n\n\n<h2 class=\"wp-block-heading\">2. License use<\/h2>\n\n\n\n<p>Permission is granted to temporarily download one copy of the materials (information or software) on Planeje as Finan\u00e7as's web site for personal, non-commercial transitory viewing only. This is the grant of a license, not a transfer of title, and under this license you may not:\u00a0<\/p>\n\n\n\n<ol class=\"wp-block-list\">\n<li>modify or copy the materials;\u00a0<\/li>\n\n\n\n<li>use the materials for any commercial purpose or for public display (commercial or non-commercial);\u00a0<\/li>\n\n\n\n<li>attempt to decompile or reverse engineer any software contained on the Plan Your Finances website;\u00a0<\/li>\n\n\n\n<li>remove any copyright or other proprietary notations from the materials; or\u00a0<\/li>\n\n\n\n<li>transfer the materials to someone else or 'mirror' the materials on any other server.<\/li>\n<\/ol>\n\n\n\n<p>This license shall automatically terminate if you violate any of these restrictions and may be terminated by Plan Finance at any time. Upon terminating your viewing of these materials or upon the termination of this license, you must delete all downloaded materials in your possession, whether in electronic or printed format.<\/p>\n\n\n\n<h2 class=\"wp-block-heading\">3. Disclaimer<\/h2>\n\n\n\n<ol class=\"wp-block-list\">\n<li>The materials on Planeje as Finan\u00e7as's web site are provided 'as is'. Plan Finance makes no warranties, expressed or implied, and hereby disclaims and negates all other warranties, including without limitation, implied warranties or conditions of merchantability, fitness for a particular purpose, or non-infringement of intellectual property or other violation of rights.<\/li>\n\n\n\n<li>Further, Plan Your Finances does not warrant or make any representations concerning the accuracy, likely results, or reliability of the use of the materials on its Internet web site or otherwise relating to such materials or on any sites linked to this site.<\/li>\n<\/ol>\n\n\n\n<h2 class=\"wp-block-heading\">4. Limitations<\/h2>\n\n\n\n<p>In no event shall Plan Finance or its suppliers be liable for any damages (including, without limitation, damages for loss of data or profit, or due to business interruption) arising out of the use or inability to use the materials on Plan Finance, even if Plan Finance or a Plan Finance authorized representative has been notified orally or in writing of the possibility of such damage. Because some jurisdictions do not allow limitations on implied warranties, or limitations of liability for consequential or incidental damages, these limitations may not apply to you.<\/p>\n\n\n\n<h2 class=\"wp-block-heading\">5. Accuracy of materials<\/h2>\n\n\n\n<p>The materials appearing on Planeje as Finan\u00e7as's website could include technical, typographical, or photographic errors. Planeje as Finan\u00e7as does not warrant that any of the materials on its web site are accurate, complete, or current. Planeje as Finan\u00e7as may make changes to the materials contained on its web site at any time without notice. However Planeje as Finan\u00e7as does not make any commitment to update the materials.<\/p>\n\n\n\n<h2 class=\"wp-block-heading\">6. Links<\/h2>\n\n\n\n<p>Planeje as Finan\u00e7as has not reviewed all of the sites linked to its website and is not responsible for the contents of any such linked site. The inclusion of any link does not imply endorsement by Planeje as Finan\u00e7as of the site. Use of any linked site is at the user's own risk.<\/p>\n\n\n\n<h3 class=\"wp-block-heading\">Modifications<\/h3>\n\n\n\n<p>Planeje as Finan\u00e7as may revise these terms of service at any time without notice. By using this site, you agree to be bound by the current version of these terms of service.<\/p>\n\n\n\n<h3 class=\"wp-block-heading\">Applicable law<\/h3>\n\n\n\n<p>These terms and conditions shall be governed by and construed in accordance with the laws of Planned Parenthood and you irrevocably submit to the exclusive jurisdiction of the courts in that state or location.<\/p>\n<\/body><\/html>","protected":false},"excerpt":{"rendered":"<p>Ao acessar ao site\u00a0Planeje as Finan\u00e7as, concorda em cumprir estes termos de servi\u00e7o, todas as leis e regulamentos aplic\u00e1veis \u200b\u200be concorda que \u00e9 respons\u00e1vel pelo cumprimento de todas as leis locais aplic\u00e1veis. Se voc\u00ea n\u00e3o concordar com algum desses termos, est\u00e1 proibido de usar ou acessar este site. Os materiais contidos neste site s\u00e3o protegidos [&hellip;]<\/p>\n","protected":false},"author":4,"featured_media":0,"parent":0,"menu_order":0,"comment_status":"closed","ping_status":"closed","template":"","meta":{"footnotes":""},"class_list":["post-12569","page","type-page","status-publish","hentry"],"_links":{"self":[{"href":"https:\/\/planejeasfinancas.com.br\/en\/wp-json\/wp\/v2\/pages\/12569","targetHints":{"allow":["GET"]}}],"collection":[{"href":"https:\/\/planejeasfinancas.com.br\/en\/wp-json\/wp\/v2\/pages"}],"about":[{"href":"https:\/\/planejeasfinancas.com.br\/en\/wp-json\/wp\/v2\/types\/page"}],"author":[{"embeddable":true,"href":"https:\/\/planejeasfinancas.com.br\/en\/wp-json\/wp\/v2\/users\/4"}],"replies":[{"embeddable":true,"href":"https:\/\/planejeasfinancas.com.br\/en\/wp-json\/wp\/v2\/comments?post=12569"}],"version-history":[{"count":1,"href":"https:\/\/planejeasfinancas.com.br\/en\/wp-json\/wp\/v2\/pages\/12569\/revisions"}],"predecessor-version":[{"id":12570,"href":"https:\/\/planejeasfinancas.com.br\/en\/wp-json\/wp\/v2\/pages\/12569\/revisions\/12570"}],"wp:attachment":[{"href":"https:\/\/planejeasfinancas.com.br\/en\/wp-json\/wp\/v2\/media?parent=12569"}],"curies":[{"name":"wp","href":"https:\/\/api.w.org\/{rel}","templated":true}]}}