{"id":3,"date":"2025-02-19T14:27:01","date_gmt":"2025-02-19T14:27:01","guid":{"rendered":"https:\/\/planejeasfinancas.com.br\/?page_id=3"},"modified":"2025-02-19T15:42:45","modified_gmt":"2025-02-19T15:42:45","slug":"privacy-policy","status":"publish","type":"page","link":"https:\/\/planejeasfinancas.com.br\/en\/privacy-policy\/","title":{"rendered":"Privacy Policy"},"content":{"rendered":"<html><body><p>Your privacy is important to us. It is Planeje as Finan\u00e7as&#039; policy to respect your privacy regarding any information we may collect from you across our website.\u00a0<a href=\"https:\/\/politicaprivacidade.com\/planejeasfinancas.com.br\">Plan your finances<\/a>, and other websites we own and operate.<\/p>\n\n\n\n<p>We only ask for personal information when we truly need it to provide a service to you. We collect it by fair and lawful means, with your knowledge and consent. We also let you know why we\u2019re collecting it and how it will be used.<\/p>\n\n\n\n<p>We only retain collected information for as long as necessary to provide you with your requested service. What data we store, we\u2019ll protect within commercially acceptable means to prevent loss and theft, as well as unauthorized access, disclosure, copying, use or modification.<\/p>\n\n\n\n<p>We don\u2019t share any personally identifying information publicly or with third-parties, except when required to by law.<\/p>\n\n\n\n<p>Our website may link to external sites that are not operated by us. Please be aware that we have no control over the content and practices of these sites, and cannot accept responsibility or liability for their respective\u00a0<a href=\"https:\/\/politicaprivacidade.com\/\" rel=\"noreferrer noopener\" target=\"_blank\">privacy policies<\/a>.<\/p>\n\n\n\n<p>You are free to refuse our request for your personal information, with the understanding that we may be unable to provide you with some of your desired services.<\/p>\n\n\n\n<p>Your continued use of our website will be regarded as acceptance of our practices around privacy and personal information. If you have any questions about how we handle user data and personal information, feel free to contact us.<\/p>\n\n\n\n<ul class=\"wp-block-list\">\n<li>The Google AdSense service we use to serve advertising uses a DoubleClick cookie to serve more relevant ads across the web and limit the number of times that a given ad is shown to you.<\/li>\n\n\n\n<li>For more information about Google AdSense, see the official Google AdSense Privacy FAQs.<\/li>\n\n\n\n<li>We use adverts to offset the costs of running this site and provide funding for further development. The behavioural advertising cookies used by this site are designed to ensure that we provide you with the most relevant adverts where possible by anonymously tracking your interests and presenting similar things that may be of interest.<\/li>\n\n\n\n<li>Several partners advertise on our behalf and affiliate tracking cookies simply allow us to see if our customers have come to the site through one of our partner sites so that we can credit them appropriately and, where applicable, allow our affiliate partners to provide any bonus they may provide you for making a purchase.<\/li>\n<\/ul>\n\n\n\n<h3 class=\"wp-block-heading\">User Commitment<\/h3>\n\n\n\n<p>The user undertakes to make appropriate use of the content and information that Planeje as Finan\u00e7as offers on the website and, by way of example but not limited to:<\/p>\n\n\n\n<ul class=\"wp-block-list\">\n<li>A) Not to engage in activities that are illegal or contrary to good faith and public order;<\/li>\n\n\n\n<li>B) Do not disseminate propaganda or content of a racist, xenophobic nature,\u00a0<a href=\"https:\/\/betnacionalbrasil.br.com\/\">National Bet<\/a>\u00a0or bad luck, any type of illegal pornography, in support of terrorism or against human rights;<\/li>\n\n\n\n<li>C) Not to cause damage to the physical (hardware) and logical (software) systems of Planeje as Finan\u00e7as, its suppliers or third parties, to introduce or disseminate computer viruses or any other hardware or software systems that are capable of causing the aforementioned damage.<\/li>\n<\/ul>\n\n\n\n<h3 class=\"wp-block-heading\">More information<\/h3>\n\n\n\n<p>Hopefully that has clarified things for you and as was previously mentioned if there is something that you aren&#039;t sure whether you need or not it&#039;s usually safer to leave cookies enabled in case it does interact with one of the features you use on our site.<\/p>\n\n\n\n<p>This policy is effective as of 19 February 2025 15:41<\/p>\n<\/body><\/html>","protected":false},"excerpt":{"rendered":"<p>A sua privacidade \u00e9 importante para n\u00f3s. \u00c9 pol\u00edtica do Planeje as Finan\u00e7as respeitar a sua privacidade em rela\u00e7\u00e3o a qualquer informa\u00e7\u00e3o sua que possamos coletar no site\u00a0Planeje as Finan\u00e7as, e outros sites que possu\u00edmos e operamos. Solicitamos informa\u00e7\u00f5es pessoais apenas quando realmente precisamos delas para lhe fornecer um servi\u00e7o. Fazemo-lo por meios justos e [&hellip;]<\/p>\n","protected":false},"author":4,"featured_media":0,"parent":0,"menu_order":0,"comment_status":"closed","ping_status":"open","template":"","meta":{"footnotes":""},"class_list":["post-3","page","type-page","status-publish","hentry"],"_links":{"self":[{"href":"https:\/\/planejeasfinancas.com.br\/en\/wp-json\/wp\/v2\/pages\/3","targetHints":{"allow":["GET"]}}],"collection":[{"href":"https:\/\/planejeasfinancas.com.br\/en\/wp-json\/wp\/v2\/pages"}],"about":[{"href":"https:\/\/planejeasfinancas.com.br\/en\/wp-json\/wp\/v2\/types\/page"}],"author":[{"embeddable":true,"href":"https:\/\/planejeasfinancas.com.br\/en\/wp-json\/wp\/v2\/users\/4"}],"replies":[{"embeddable":true,"href":"https:\/\/planejeasfinancas.com.br\/en\/wp-json\/wp\/v2\/comments?post=3"}],"version-history":[{"count":1,"href":"https:\/\/planejeasfinancas.com.br\/en\/wp-json\/wp\/v2\/pages\/3\/revisions"}],"predecessor-version":[{"id":12568,"href":"https:\/\/planejeasfinancas.com.br\/en\/wp-json\/wp\/v2\/pages\/3\/revisions\/12568"}],"wp:attachment":[{"href":"https:\/\/planejeasfinancas.com.br\/en\/wp-json\/wp\/v2\/media?parent=3"}],"curies":[{"name":"wp","href":"https:\/\/api.w.org\/{rel}","templated":true}]}}