{"id":12569,"date":"2025-02-19T15:43:14","date_gmt":"2025-02-19T15:43:14","guid":{"rendered":"https:\/\/planejeasfinancas.com.br\/?page_id=12569"},"modified":"2025-02-19T15:43:14","modified_gmt":"2025-02-19T15:43:14","slug":"termos-e-condicoes","status":"publish","type":"page","link":"https:\/\/planejeasfinancas.com.br\/es\/termos-e-condicoes\/","title":{"rendered":"Condiciones generales"},"content":{"rendered":"<html><body><p>Al acceder al sitio\u00a0<a href=\"https:\/\/politicaprivacidade.com\/planejeasfinancas.com.br\">Planifique sus finanzas<\/a>Si acepta quedar vinculado por estas condiciones de servicio, se compromete a cumplir todas las leyes y reglamentos aplicables, y acepta que es responsable del cumplimiento de cualquier ley local aplicable. Si no est\u00e1 de acuerdo con alguna de estas condiciones, se le proh\u00edbe utilizar o acceder a este sitio. Los materiales de este sitio est\u00e1n protegidos por la legislaci\u00f3n aplicable en materia de derechos de autor y marcas registradas.<\/p>\n\n\n\n<h2 class=\"wp-block-heading\">2. Uso de la licencia<\/h2>\n\n\n\n<p>Se concede permiso para descargar temporalmente una copia de los materiales (informaci\u00f3n o software) del sitio web de Planeje as Finan\u00e7as \u00fanicamente para su visualizaci\u00f3n transitoria personal y no comercial. Esto es la concesi\u00f3n de una licencia, no una transferencia de t\u00edtulo, y bajo esta licencia usted no puede:\u00a0<\/p>\n\n\n\n<ol class=\"wp-block-list\">\n<li>modificar o copiar los materiales;\u00a0<\/li>\n\n\n\n<li>utilizar los materiales para cualquier fin comercial o para su exhibici\u00f3n p\u00fablica (comercial o no comercial);\u00a0<\/li>\n\n\n\n<li>intentar descompilar o realizar ingenier\u00eda inversa de cualquier software contenido en el sitio web Plan Your Finances;\u00a0<\/li>\n\n\n\n<li>eliminar de los materiales cualquier menci\u00f3n relativa a derechos de autor u otros derechos de propiedad; o\u00a0<\/li>\n\n\n\n<li>transferir los materiales a otra persona o \"reflejar\" los materiales en cualquier otro servidor.<\/li>\n<\/ol>\n\n\n\n<p>Esta licencia terminar\u00e1 autom\u00e1ticamente si usted viola cualquiera de estas restricciones y puede ser terminada por Plan Finance en cualquier momento. Cuando deje de ver estos materiales o cuando finalice esta licencia, deber\u00e1 eliminar todos los materiales descargados que est\u00e9n en su posesi\u00f3n, ya sea en formato electr\u00f3nico o impreso.<\/p>\n\n\n\n<h2 class=\"wp-block-heading\">3. Descargo de responsabilidad<\/h2>\n\n\n\n<ol class=\"wp-block-list\">\n<li>Os materiais no site Web de Planeje as Finan\u00e7as s\u00e3o fornecidos \"tal como s\u00e3o\". Planeje as Finan\u00e7as no ofrece ninguna garant\u00eda, expresa o impl\u00edcita, y por la presente renuncia y niega todas las dem\u00e1s garant\u00edas, incluyendo, sin limitaci\u00f3n, las garant\u00edas o condiciones impl\u00edcitas de comerciabilidad, idoneidad para un prop\u00f3sito particular, o no infracci\u00f3n de la propiedad intelectual o cualquier otra violaci\u00f3n de los derechos.<\/li>\n\n\n\n<li>Adem\u00e1s, Plan Your Finances no garantiza ni hace ninguna declaraci\u00f3n relativa a la exactitud, los resultados probables o la fiabilidad del uso de los materiales en su sitio web de Internet o de otro tipo relativa a dichos materiales o en cualquier sitio vinculado a este sitio.<\/li>\n<\/ol>\n\n\n\n<h2 class=\"wp-block-heading\">4. Limitaciones<\/h2>\n\n\n\n<p>En ning\u00fan caso Plan Finance o sus proveedores ser\u00e1n responsables de ning\u00fan da\u00f1o (incluidos, entre otros, los da\u00f1os por p\u00e9rdida de datos o beneficios, o debidos a la interrupci\u00f3n de la actividad empresarial) que se derive del uso o la imposibilidad de uso de los materiales de Plan Finance, incluso si Plan Finance o un representante autorizado de Plan Finance ha sido notificado oralmente o por escrito de la posibilidad de tales da\u00f1os. Debido a que algunas jurisdicciones no permiten limitaciones en las garant\u00edas impl\u00edcitas, o limitaciones de responsabilidad por da\u00f1os consecuenciales o incidentales, estas limitaciones pueden no aplicarse en su caso.<\/p>\n\n\n\n<h2 class=\"wp-block-heading\">5. Exactitud de los materiales<\/h2>\n\n\n\n<p>Los materiales que aparecen en el sitio web de Planeje as Finan\u00e7as podr\u00edan incluir errores t\u00e9cnicos, tipogr\u00e1ficos o fotogr\u00e1ficos. Planeje as Finan\u00e7as no garantiza que ninguno de los materiales contenidos en su sitio web sean precisos, completos o actuales. Planeje as Finan\u00e7as puede hacer cambios a los materiales contenidos en su sitio web en cualquier momento sin previo aviso. Sin embargo Planeje as Finan\u00e7as no se compromete a actualizar los materiales.<\/p>\n\n\n\n<h2 class=\"wp-block-heading\">6. Enlaces<\/h2>\n\n\n\n<p>Planeje as Finan\u00e7as no ha analizado todos los sitios vinculados a su sitio web y no es responsable de los contenidos de ninguno de dichos sitios vinculados. La inclusi\u00f3n de cualquier enlace no implica la aprobaci\u00f3n del sitio por Planeje as Finan\u00e7as. El uso de cualquier sitio enlazado es por cuenta y riesgo del usuario.<\/p>\n\n\n\n<h3 class=\"wp-block-heading\">Modificaciones<\/h3>\n\n\n\n<p>Planeje as Finan\u00e7as podr\u00e1 revisar estas condiciones de servicio en cualquier momento y sin previo aviso. Al utilizar este sitio, usted acepta quedar vinculado por la versi\u00f3n actual de estas condiciones de servicio.<\/p>\n\n\n\n<h3 class=\"wp-block-heading\">Legislaci\u00f3n aplicable<\/h3>\n\n\n\n<p>Estos t\u00e9rminos y condiciones se rigen e interpretan de acuerdo con las leyes de Plan Finance y usted se somete irrevocablemente a la jurisdicci\u00f3n exclusiva de los tribunales de dicho estado o localidad.<\/p>\n<\/body><\/html>","protected":false},"excerpt":{"rendered":"<p>Ao acessar ao site\u00a0Planeje as Finan\u00e7as, concorda em cumprir estes termos de servi\u00e7o, todas as leis e regulamentos aplic\u00e1veis \u200b\u200be concorda que \u00e9 respons\u00e1vel pelo cumprimento de todas as leis locais aplic\u00e1veis. Se voc\u00ea n\u00e3o concordar com algum desses termos, est\u00e1 proibido de usar ou acessar este site. Os materiais contidos neste site s\u00e3o protegidos [&hellip;]<\/p>\n","protected":false},"author":4,"featured_media":0,"parent":0,"menu_order":0,"comment_status":"closed","ping_status":"closed","template":"","meta":{"footnotes":""},"class_list":["post-12569","page","type-page","status-publish","hentry"],"_links":{"self":[{"href":"https:\/\/planejeasfinancas.com.br\/es\/wp-json\/wp\/v2\/pages\/12569","targetHints":{"allow":["GET"]}}],"collection":[{"href":"https:\/\/planejeasfinancas.com.br\/es\/wp-json\/wp\/v2\/pages"}],"about":[{"href":"https:\/\/planejeasfinancas.com.br\/es\/wp-json\/wp\/v2\/types\/page"}],"author":[{"embeddable":true,"href":"https:\/\/planejeasfinancas.com.br\/es\/wp-json\/wp\/v2\/users\/4"}],"replies":[{"embeddable":true,"href":"https:\/\/planejeasfinancas.com.br\/es\/wp-json\/wp\/v2\/comments?post=12569"}],"version-history":[{"count":1,"href":"https:\/\/planejeasfinancas.com.br\/es\/wp-json\/wp\/v2\/pages\/12569\/revisions"}],"predecessor-version":[{"id":12570,"href":"https:\/\/planejeasfinancas.com.br\/es\/wp-json\/wp\/v2\/pages\/12569\/revisions\/12570"}],"wp:attachment":[{"href":"https:\/\/planejeasfinancas.com.br\/es\/wp-json\/wp\/v2\/media?parent=12569"}],"curies":[{"name":"wp","href":"https:\/\/api.w.org\/{rel}","templated":true}]}}