{"id":12569,"date":"2025-02-19T15:43:14","date_gmt":"2025-02-19T15:43:14","guid":{"rendered":"https:\/\/planejeasfinancas.com.br\/?page_id=12569"},"modified":"2025-02-19T15:43:14","modified_gmt":"2025-02-19T15:43:14","slug":"termos-e-condicoes","status":"publish","type":"page","link":"https:\/\/planejeasfinancas.com.br\/fi\/termos-e-condicoes\/","title":{"rendered":"K\u00e4ytt\u00f6ehdot"},"content":{"rendered":"<html><body><p>Kun k\u00e4yt\u00e4t verkkosivustoa\u00a0<a href=\"https:\/\/politicaprivacidade.com\/planejeasfinancas.com.br\">Suunnittele taloutesi<\/a>, sitoudut noudattamaan n\u00e4it\u00e4 k\u00e4ytt\u00f6ehtoja, kaikkia sovellettavia lakeja ja m\u00e4\u00e4r\u00e4yksi\u00e4 ja hyv\u00e4ksyt, ett\u00e4 olet vastuussa kaikkien sovellettavien paikallisten lakien noudattamisesta. Jos et hyv\u00e4ksy n\u00e4it\u00e4 ehtoja, et saa k\u00e4ytt\u00e4\u00e4 t\u00e4t\u00e4 sivustoa tai p\u00e4\u00e4st\u00e4 sille. T\u00e4m\u00e4n verkkosivuston materiaalit ovat sovellettavien tekij\u00e4noikeus- ja tavaramerkkilakien suojaamia.<\/p>\n\n\n\n<h2 class=\"wp-block-heading\">2. K\u00e4ytt\u00f6oikeus<\/h2>\n\n\n\n<p>Lupa antaa tilap\u00e4isesti ladata yhden kopion Planeje as Finan\u00e7asin verkkosivuston materiaaleista (tiedoista tai ohjelmistoista) ainoastaan henkil\u00f6kohtaiseen, ei-kaupalliseen ja tilap\u00e4iseen katseluun. T\u00e4m\u00e4 on lisenssin my\u00f6nt\u00e4minen, ei omistusoikeuden siirto, ja t\u00e4m\u00e4n lisenssin nojalla et saa:\u00a0<\/p>\n\n\n\n<ol class=\"wp-block-list\">\n<li>muokata tai kopioida materiaaleja;\u00a0<\/li>\n\n\n\n<li>k\u00e4ytt\u00e4\u00e4 materiaaleja mihink\u00e4\u00e4n kaupalliseen tarkoitukseen tai mihink\u00e4\u00e4n julkiseen esittelyyn (kaupalliseen tai ei-kaupalliseen);\u00a0<\/li>\n\n\n\n<li>yrit\u00e4 purkaa tai takaisinmallintaa mit\u00e4\u00e4n Planeje as Finan\u00e7as -verkkosivustolla olevaa ohjelmistoa;\u00a0<\/li>\n\n\n\n<li>poista materiaaleista kaikki tekij\u00e4noikeus- tai muut omistusoikeusmerkinn\u00e4t; tai\u00a0<\/li>\n\n\n\n<li>siirt\u00e4\u00e4 materiaaleja toiselle henkil\u00f6lle tai &quot;peilata&quot; materiaaleja mille tahansa muulle palvelimelle.<\/li>\n<\/ol>\n\n\n\n<p>T\u00e4m\u00e4 lisenssi p\u00e4\u00e4ttyy automaattisesti, jos rikot jotakin n\u00e4ist\u00e4 rajoituksista, ja Planeje as Finan\u00e7as voi irtisanoa sen milloin tahansa. Kun lopetat n\u00e4iden materiaalien katselun tai t\u00e4m\u00e4 k\u00e4ytt\u00f6oikeus p\u00e4\u00e4ttyy, sinun on tuhottava kaikki hallussasi olevat ladatut materiaalit sek\u00e4 s\u00e4hk\u00f6isess\u00e4 ett\u00e4 tulostetussa muodossa.<\/p>\n\n\n\n<h2 class=\"wp-block-heading\">3. Vastuuvapauslauseke<\/h2>\n\n\n\n<ol class=\"wp-block-list\">\n<li>Planeje as Finan\u00e7asin verkkosivuston materiaalit tarjotaan &quot;sellaisenaan&quot;. Planeje as Finan\u00e7as ei anna mit\u00e4\u00e4n takuita, ei suoria eik\u00e4 ep\u00e4suoria, ja kiist\u00e4\u00e4 ja kiist\u00e4\u00e4 t\u00e4ten kaikki muut takuut, mukaan lukien rajoituksetta ep\u00e4suorat takuut tai ehdot myyntikelpoisuudesta, soveltuvuudesta tiettyyn tarkoitukseen tai immateriaalioikeuksien loukkaamattomuudesta tai muista oikeuksien loukkauksista.<\/li>\n\n\n\n<li>Lis\u00e4ksi Planeje as Finan\u00e7as ei takaa eik\u00e4 anna mit\u00e4\u00e4n vakuutuksia verkkosivustollaan olevien materiaalien tai muutoin n\u00e4ihin materiaaleihin tai t\u00e4h\u00e4n sivustoon linkitettyjen sivustojen materiaalien tarkkuudesta, todenn\u00e4k\u00f6isist\u00e4 tuloksista tai luotettavuudesta.<\/li>\n<\/ol>\n\n\n\n<h2 class=\"wp-block-heading\">4. Rajoitukset<\/h2>\n\n\n\n<p>Planeje as Finan\u00e7as tai sen toimittajat eiv\u00e4t miss\u00e4\u00e4n tapauksessa ole vastuussa mist\u00e4\u00e4n vahingoista (mukaan lukien rajoituksetta vahingot tietojen tai voiton menetyksest\u00e4 tai liiketoiminnan keskeytymisest\u00e4), jotka johtuvat Planeje as Finan\u00e7asin internetsivustolla olevien materiaalien k\u00e4yt\u00f6st\u00e4 tai k\u00e4yt\u00f6n estymisest\u00e4, vaikka Planeje as Finan\u00e7asille tai Planeje as Finan\u00e7asin valtuutetulle edustajalle olisi ilmoitettu suullisesti tai kirjallisesti t\u00e4llaisen vahingon mahdollisuudesta. Koska jotkut laink\u00e4ytt\u00f6alueet eiv\u00e4t salli oletettujen takuiden rajoituksia tai v\u00e4lillisten tai satunnaisten vahinkojen vastuun rajoituksia, n\u00e4m\u00e4 rajoitukset eiv\u00e4t v\u00e4ltt\u00e4m\u00e4tt\u00e4 koske sinua.<\/p>\n\n\n\n<h2 class=\"wp-block-heading\">5. Materiaalien tarkkuus<\/h2>\n\n\n\n<p>Planeje as Finan\u00e7asin verkkosivustolla n\u00e4ytetyiss\u00e4 materiaaleissa saattaa olla teknisi\u00e4, typografisia tai valokuvavirheit\u00e4. Planeje as Finan\u00e7as ei takaa, ett\u00e4 sen verkkosivustolla oleva materiaali on tarkkaa, t\u00e4ydellist\u00e4 tai ajantasaista. Planeje as Finan\u00e7as voi tehd\u00e4 muutoksia verkkosivustollaan olevaan materiaaliin milloin tahansa ilman erillist\u00e4 ilmoitusta. Planeje as Finan\u00e7as ei kuitenkaan sitoudu p\u00e4ivitt\u00e4m\u00e4\u00e4n materiaaleja.<\/p>\n\n\n\n<h2 class=\"wp-block-heading\">6. Linkit<\/h2>\n\n\n\n<p>Planeje as Finan\u00e7as ei ole tarkistanut kaikkia verkkosivustoonsa linkitettyj\u00e4 sivustoja eik\u00e4 ole vastuussa mink\u00e4\u00e4n t\u00e4llaisten linkitettyjen sivustojen sis\u00e4ll\u00f6st\u00e4. Linkin sis\u00e4llytt\u00e4minen ei tarkoita, ett\u00e4 Planeje Finan\u00e7as-yhti\u00f6n\u00e4 hyv\u00e4ksyisi sivuston. Linkitetyn verkkosivuston k\u00e4ytt\u00f6 on k\u00e4ytt\u00e4j\u00e4n omalla vastuulla.<\/p>\n\n\n\n<h3 class=\"wp-block-heading\">Muutokset<\/h3>\n\n\n\n<p>Planeje as Finan\u00e7as voi muuttaa n\u00e4it\u00e4 verkkosivuston k\u00e4ytt\u00f6ehtoja milloin tahansa ilman erillist\u00e4 ilmoitusta. K\u00e4ytt\u00e4m\u00e4ll\u00e4 t\u00e4t\u00e4 verkkosivustoa hyv\u00e4ksyt n\u00e4iden k\u00e4ytt\u00f6ehtojen kulloinkin voimassa olevan version.<\/p>\n\n\n\n<h3 class=\"wp-block-heading\">Sovellettava laki<\/h3>\n\n\n\n<p>N\u00e4ihin ehtoihin sovelletaan ja niit\u00e4 tulkitaan Planeje as Finan\u00e7asin lakien mukaisesti, ja suostut peruuttamattomasti kyseisen osavaltion tai paikan tuomioistuinten yksinomaiseen toimivaltaan.<\/p>\n<\/body><\/html>","protected":false},"excerpt":{"rendered":"<p>Ao acessar ao site\u00a0Planeje as Finan\u00e7as, concorda em cumprir estes termos de servi\u00e7o, todas as leis e regulamentos aplic\u00e1veis \u200b\u200be concorda que \u00e9 respons\u00e1vel pelo cumprimento de todas as leis locais aplic\u00e1veis. Se voc\u00ea n\u00e3o concordar com algum desses termos, est\u00e1 proibido de usar ou acessar este site. Os materiais contidos neste site s\u00e3o protegidos [&hellip;]<\/p>\n","protected":false},"author":4,"featured_media":0,"parent":0,"menu_order":0,"comment_status":"closed","ping_status":"closed","template":"","meta":{"footnotes":""},"class_list":["post-12569","page","type-page","status-publish","hentry"],"_links":{"self":[{"href":"https:\/\/planejeasfinancas.com.br\/fi\/wp-json\/wp\/v2\/pages\/12569","targetHints":{"allow":["GET"]}}],"collection":[{"href":"https:\/\/planejeasfinancas.com.br\/fi\/wp-json\/wp\/v2\/pages"}],"about":[{"href":"https:\/\/planejeasfinancas.com.br\/fi\/wp-json\/wp\/v2\/types\/page"}],"author":[{"embeddable":true,"href":"https:\/\/planejeasfinancas.com.br\/fi\/wp-json\/wp\/v2\/users\/4"}],"replies":[{"embeddable":true,"href":"https:\/\/planejeasfinancas.com.br\/fi\/wp-json\/wp\/v2\/comments?post=12569"}],"version-history":[{"count":1,"href":"https:\/\/planejeasfinancas.com.br\/fi\/wp-json\/wp\/v2\/pages\/12569\/revisions"}],"predecessor-version":[{"id":12570,"href":"https:\/\/planejeasfinancas.com.br\/fi\/wp-json\/wp\/v2\/pages\/12569\/revisions\/12570"}],"wp:attachment":[{"href":"https:\/\/planejeasfinancas.com.br\/fi\/wp-json\/wp\/v2\/media?parent=12569"}],"curies":[{"name":"wp","href":"https:\/\/api.w.org\/{rel}","templated":true}]}}