{"id":3,"date":"2025-02-19T14:27:01","date_gmt":"2025-02-19T14:27:01","guid":{"rendered":"https:\/\/planejeasfinancas.com.br\/?page_id=3"},"modified":"2025-02-19T15:42:45","modified_gmt":"2025-02-19T15:42:45","slug":"privacy-policy","status":"publish","type":"page","link":"https:\/\/planejeasfinancas.com.br\/fi\/privacy-policy\/","title":{"rendered":"Tietosuojak\u00e4yt\u00e4nt\u00f6"},"content":{"rendered":"<html><body><p>Tietosuojasi on meille t\u00e4rke\u00e4\u00e4. Planeje as Finan\u00e7asin k\u00e4yt\u00e4nt\u00f6n\u00e4 on kunnioittaa yksityisyytt\u00e4si kaikkien verkkosivustollamme ker\u00e4\u00e4miemme tietojen suhteen.\u00a0<a href=\"https:\/\/politicaprivacidade.com\/planejeasfinancas.com.br\">Suunnittele taloutesi<\/a>ja muut omistamamme ja yll\u00e4pit\u00e4m\u00e4mme verkkosivustot.<\/p>\n\n\n\n<p>Kysymme henkil\u00f6tietoja vain silloin, kun todella tarvitsemme niit\u00e4 palvelun tarjoamiseksi sinulle. Teemme niin oikeudenmukaisin ja laillisin keinoin, tietoisesti ja suostumuksellasi. Kerromme my\u00f6s, miksi ker\u00e4\u00e4mme tietoja ja miten niit\u00e4 k\u00e4ytet\u00e4\u00e4n.<\/p>\n\n\n\n<p>S\u00e4ilyt\u00e4mme ker\u00e4ttyj\u00e4 tietoja vain niin kauan kuin on tarpeen pyyt\u00e4m\u00e4si palvelun tarjoamiseksi. Suojaamme tallentamiamme tietoja kaupallisesti hyv\u00e4ksytt\u00e4vin keinoin est\u00e4\u00e4ksemme katoamisen ja varkauden sek\u00e4 luvattoman p\u00e4\u00e4syn, paljastamisen, kopioinnin, k\u00e4yt\u00f6n tai muokkaamisen.<\/p>\n\n\n\n<p>Emme jaa henkil\u00f6tietoja julkisesti tai kolmansille osapuolille, paitsi lain niin vaatiessa.<\/p>\n\n\n\n<p>Verkkosivustomme saattaa sis\u00e4lt\u00e4\u00e4 linkkej\u00e4 ulkoisille verkkosivustoille, joita emme yll\u00e4pid\u00e4. Huomaathan, ett\u00e4 meill\u00e4 ei ole m\u00e4\u00e4r\u00e4ysvaltaa n\u00e4iden sivustojen sis\u00e4lt\u00f6\u00f6n ja k\u00e4yt\u00e4nt\u00f6ihin, emmek\u00e4 voi ottaa vastuuta niiden vastaavista ominaisuuksista.\u00a0<a href=\"https:\/\/politicaprivacidade.com\/\" rel=\"noreferrer noopener\" target=\"_blank\">tietosuojak\u00e4yt\u00e4nn\u00f6t<\/a>.<\/p>\n\n\n\n<p>Voit vapaasti kielt\u00e4yty\u00e4 pyynn\u00f6st\u00e4mme saada henkil\u00f6tietojasi ymm\u00e4rt\u00e4en, ett\u00e4 emme v\u00e4ltt\u00e4m\u00e4tt\u00e4 pysty tarjoamaan sinulle joitakin haluamiasi palveluita.<\/p>\n\n\n\n<p>Jatkamalla verkkosivustomme k\u00e4ytt\u00f6\u00e4 hyv\u00e4ksyt tietosuoja- ja henkil\u00f6tietojesi k\u00e4sittelyyn liittyv\u00e4t k\u00e4yt\u00e4nt\u00f6mme. Jos sinulla on kysytt\u00e4v\u00e4\u00e4 siit\u00e4, miten k\u00e4sittelemme k\u00e4ytt\u00e4j\u00e4tietoja ja henkil\u00f6tietoja, ota meihin yhteytt\u00e4.<\/p>\n\n\n\n<ul class=\"wp-block-list\">\n<li>Mainosten n\u00e4ytt\u00e4miseen k\u00e4ytt\u00e4m\u00e4mme Google AdSense -palvelu k\u00e4ytt\u00e4\u00e4 DoubleClick-ev\u00e4stett\u00e4 n\u00e4ytt\u00e4\u00e4kseen osuvampia mainoksia verkossa ja rajoittaakseen tietyn mainoksen n\u00e4ytt\u00f6kertojen m\u00e4\u00e4r\u00e4\u00e4 sinulle.<\/li>\n\n\n\n<li>Lis\u00e4tietoja Google AdSensesta on Google AdSensen virallisissa tietosuojaa koskevissa usein kysytyiss\u00e4 kysymyksiss\u00e4.<\/li>\n\n\n\n<li>K\u00e4yt\u00e4mme mainoksia kattaaksemme t\u00e4m\u00e4n verkkosivuston yll\u00e4pitokustannukset ja rahoittaaksemme tulevaa kehityst\u00e4. T\u00e4m\u00e4n sivuston k\u00e4ytt\u00e4m\u00e4t k\u00e4ytt\u00e4ytymiseen perustuvat mainontaev\u00e4steet on suunniteltu varmistamaan, ett\u00e4 tarjoamme sinulle mahdollisimman osuvia mainoksia seuraamalla kiinnostuksen kohteitasi nimett\u00f6m\u00e4sti ja n\u00e4ytt\u00e4m\u00e4ll\u00e4 samankaltaisia \u200b\u200basioita, jotka saattavat kiinnostaa sinua.<\/li>\n\n\n\n<li>Useat kumppanit mainostavat puolestamme, ja kumppanuusmarkkinointiev\u00e4steet antavat meille mahdollisuuden n\u00e4hd\u00e4, ovatko asiakkaamme tulleet sivustolle jonkin kumppanisivustomme kautta, jotta voimme hyvitt\u00e4\u00e4 heille asianmukaisesti ja tarvittaessa antaa kumppanuuskumppaneillemme mahdollisuuden tarjota sinulle ostoksen yhteydess\u00e4 mahdollisesti tarjoamiaan bonuksia.<\/li>\n<\/ul>\n\n\n\n<h3 class=\"wp-block-heading\">K\u00e4ytt\u00e4j\u00e4n sitoumus<\/h3>\n\n\n\n<p>K\u00e4ytt\u00e4j\u00e4 sitoutuu k\u00e4ytt\u00e4m\u00e4\u00e4n Planeje as Finan\u00e7asin verkkosivustolla tarjoamaa sis\u00e4lt\u00f6\u00e4 ja tietoja asianmukaisesti, ja esimerkiksi, mutta ei rajoittuen:<\/p>\n\n\n\n<ul class=\"wp-block-list\">\n<li>A) Ei saa harjoittaa toimintaa, joka on laitonta tai vastoin vilpit\u00f6nt\u00e4 mielt\u00e4 ja yleist\u00e4 j\u00e4rjestyst\u00e4;<\/li>\n\n\n\n<li>B) \u00c4l\u00e4 levit\u00e4 rasistista tai muukalaisvihamielist\u00e4 propagandaa tai sis\u00e4lt\u00f6\u00e4,\u00a0<a href=\"https:\/\/betnacionalbrasil.br.com\/\">Kansallinen veto<\/a>\u00a0tai huonoa onnea, mink\u00e4 tahansa tyyppist\u00e4 laitonta pornografiaa, joka tukee terrorismia tai on ihmisoikeuksia vastaan;<\/li>\n\n\n\n<li>C) \u00c4l\u00e4 vahingoita Planeje as Finan\u00e7asin, sen toimittajien tai kolmansien osapuolten fyysisi\u00e4 (laitteisto) ja loogisia (ohjelmisto) j\u00e4rjestelmi\u00e4, \u00e4l\u00e4k\u00e4 levit\u00e4 tietokoneviruksia tai muita laitteisto- tai ohjelmistoj\u00e4rjestelmi\u00e4, jotka voivat aiheuttaa edell\u00e4 mainittuja vahinkoja.<\/li>\n<\/ul>\n\n\n\n<h3 class=\"wp-block-heading\">Lis\u00e4tietoja<\/h3>\n\n\n\n<p>Toivottavasti t\u00e4m\u00e4 selvensi asioita sinulle, ja kuten aiemmin mainittiin, jos et ole varma, tarvitsetko ev\u00e4steit\u00e4 vai et, on yleens\u00e4 turvallisempaa pit\u00e4\u00e4 ne k\u00e4yt\u00f6ss\u00e4 silt\u00e4 varalta, ett\u00e4 ne vaikuttavat johonkin sivustollamme k\u00e4ytt\u00e4miisi ominaisuuksiin.<\/p>\n\n\n\n<p>T\u00e4m\u00e4 k\u00e4yt\u00e4nt\u00f6 on voimassa 19. helmikuuta 2025 klo 15.41 alkaen.<\/p>\n<\/body><\/html>","protected":false},"excerpt":{"rendered":"<p>A sua privacidade \u00e9 importante para n\u00f3s. \u00c9 pol\u00edtica do Planeje as Finan\u00e7as respeitar a sua privacidade em rela\u00e7\u00e3o a qualquer informa\u00e7\u00e3o sua que possamos coletar no site\u00a0Planeje as Finan\u00e7as, e outros sites que possu\u00edmos e operamos. Solicitamos informa\u00e7\u00f5es pessoais apenas quando realmente precisamos delas para lhe fornecer um servi\u00e7o. Fazemo-lo por meios justos e [&hellip;]<\/p>\n","protected":false},"author":4,"featured_media":0,"parent":0,"menu_order":0,"comment_status":"closed","ping_status":"open","template":"","meta":{"footnotes":""},"class_list":["post-3","page","type-page","status-publish","hentry"],"_links":{"self":[{"href":"https:\/\/planejeasfinancas.com.br\/fi\/wp-json\/wp\/v2\/pages\/3","targetHints":{"allow":["GET"]}}],"collection":[{"href":"https:\/\/planejeasfinancas.com.br\/fi\/wp-json\/wp\/v2\/pages"}],"about":[{"href":"https:\/\/planejeasfinancas.com.br\/fi\/wp-json\/wp\/v2\/types\/page"}],"author":[{"embeddable":true,"href":"https:\/\/planejeasfinancas.com.br\/fi\/wp-json\/wp\/v2\/users\/4"}],"replies":[{"embeddable":true,"href":"https:\/\/planejeasfinancas.com.br\/fi\/wp-json\/wp\/v2\/comments?post=3"}],"version-history":[{"count":1,"href":"https:\/\/planejeasfinancas.com.br\/fi\/wp-json\/wp\/v2\/pages\/3\/revisions"}],"predecessor-version":[{"id":12568,"href":"https:\/\/planejeasfinancas.com.br\/fi\/wp-json\/wp\/v2\/pages\/3\/revisions\/12568"}],"wp:attachment":[{"href":"https:\/\/planejeasfinancas.com.br\/fi\/wp-json\/wp\/v2\/media?parent=3"}],"curies":[{"name":"wp","href":"https:\/\/api.w.org\/{rel}","templated":true}]}}