{"id":12569,"date":"2025-02-19T15:43:14","date_gmt":"2025-02-19T15:43:14","guid":{"rendered":"https:\/\/planejeasfinancas.com.br\/?page_id=12569"},"modified":"2025-02-19T15:43:14","modified_gmt":"2025-02-19T15:43:14","slug":"termos-e-condicoes","status":"publish","type":"page","link":"https:\/\/planejeasfinancas.com.br\/fr\/termos-e-condicoes\/","title":{"rendered":"Conditions g\u00e9n\u00e9rales d'utilisation"},"content":{"rendered":"<html><body><p>Lors de l&#039;acc\u00e8s au site Web\u00a0<a href=\"https:\/\/politicaprivacidade.com\/planejeasfinancas.com.br\">Planifiez vos finances<\/a>, vous acceptez de vous conformer aux pr\u00e9sentes conditions de service, \u00e0 toutes les lois et r\u00e9glementations applicables, et acceptez que vous \u00eates responsable du respect de toutes les lois locales applicables. Si vous n&#039;\u00eates pas d&#039;accord avec l&#039;une de ces conditions, il vous est interdit d&#039;utiliser ou d&#039;acc\u00e9der \u00e0 ce site. Les \u00e9l\u00e9ments contenus dans ce site Web sont prot\u00e9g\u00e9s par les lois applicables en mati\u00e8re de droit d\u2019auteur et de marques.<\/p>\n\n\n\n<h2 class=\"wp-block-heading\">2. Licence d&#039;utilisation<\/h2>\n\n\n\n<p>L&#039;autorisation est accord\u00e9e de t\u00e9l\u00e9charger temporairement une copie du mat\u00e9riel (information ou logiciel) sur le site Web de Planeje as Finan\u00e7as pour une visualisation transitoire personnelle et non commerciale uniquement. Il s&#039;agit de l&#039;octroi d&#039;une licence, et non d&#039;un transfert de titre, et en vertu de cette licence, vous ne pouvez pas :\u00a0<\/p>\n\n\n\n<ol class=\"wp-block-list\">\n<li>modifier ou copier les documents ;\u00a0<\/li>\n\n\n\n<li>utiliser les mat\u00e9riaux \u00e0 des fins commerciales ou pour toute exposition publique (commerciale ou non commerciale)\u00a0;\u00a0<\/li>\n\n\n\n<li>tenter de d\u00e9compiler ou de proc\u00e9der \u00e0 l&#039;ing\u00e9nierie inverse de tout logiciel contenu sur le site Web de Planeje as Finan\u00e7as\u00a0;\u00a0<\/li>\n\n\n\n<li>supprimer tout droit d\u2019auteur ou autre mention de propri\u00e9t\u00e9 des documents\u00a0; ou\u00a0<\/li>\n\n\n\n<li>transf\u00e9rer les documents \u00e0 une autre personne ou \u00ab refl\u00e9ter \u00bb les documents sur un autre serveur.<\/li>\n<\/ol>\n\n\n\n<p>Cette licence sera automatiquement r\u00e9sili\u00e9e si vous violez l&#039;une de ces restrictions et pourra \u00eatre r\u00e9sili\u00e9e par Planeje as Finan\u00e7as \u00e0 tout moment. \u00c0 la fin de votre consultation de ces documents ou \u00e0 la r\u00e9siliation de cette licence, vous devez d\u00e9truire tout document t\u00e9l\u00e9charg\u00e9 en votre possession, qu&#039;il soit sous format \u00e9lectronique ou imprim\u00e9.<\/p>\n\n\n\n<h2 class=\"wp-block-heading\">3. Clause de non-responsabilit\u00e9<\/h2>\n\n\n\n<ol class=\"wp-block-list\">\n<li>Les \u00e9l\u00e9ments pr\u00e9sents sur le site Web de Planeje as Finan\u00e7as sont fournis \u00ab tels quels \u00bb. Planeje as Finan\u00e7as ne donne aucune garantie, expresse ou implicite, et d\u00e9cline et nie par la pr\u00e9sente toutes les autres garanties, y compris, sans limitation, les garanties ou conditions implicites de qualit\u00e9 marchande, d&#039;ad\u00e9quation \u00e0 un usage particulier ou de non-violation de la propri\u00e9t\u00e9 intellectuelle ou autre violation des droits.<\/li>\n\n\n\n<li>En outre, Planeje as Finan\u00e7as ne garantit ni ne fait aucune d\u00e9claration concernant l&#039;exactitude, les r\u00e9sultats probables ou la fiabilit\u00e9 de l&#039;utilisation des mat\u00e9riaux sur son site Web ou li\u00e9s \u00e0 ces mat\u00e9riaux ou sur tout site li\u00e9 \u00e0 ce site.<\/li>\n<\/ol>\n\n\n\n<h2 class=\"wp-block-heading\">4. Limitations<\/h2>\n\n\n\n<p>En aucun cas, Planeje as Finan\u00e7as ou ses fournisseurs ne pourront \u00eatre tenus responsables de tout dommage (y compris, sans limitation, les dommages pour perte de donn\u00e9es ou de profit, ou en raison d&#039;une interruption d&#039;activit\u00e9) d\u00e9coulant de l&#039;utilisation ou de l&#039;impossibilit\u00e9 d&#039;utiliser les mat\u00e9riaux du site Internet de Planeje as Finan\u00e7as, m\u00eame si Planeje as Finan\u00e7as ou un repr\u00e9sentant autoris\u00e9 de Planeje as Finan\u00e7as a \u00e9t\u00e9 inform\u00e9 oralement ou par \u00e9crit de la possibilit\u00e9 de tels dommages. \u00c9tant donn\u00e9 que certaines juridictions n\u2019autorisent pas les limitations des garanties implicites ou les limitations de responsabilit\u00e9 pour les dommages indirects ou accessoires, ces limitations peuvent ne pas s\u2019appliquer \u00e0 vous.<\/p>\n\n\n\n<h2 class=\"wp-block-heading\">5. Exactitude des mat\u00e9riaux<\/h2>\n\n\n\n<p>Les documents affich\u00e9s sur le site Web de Planeje as Finan\u00e7as peuvent contenir des erreurs techniques, typographiques ou photographiques. Planeje as Finan\u00e7as ne garantit pas que tout mat\u00e9riel sur son site Web est exact, complet ou \u00e0 jour. Planeje as Finan\u00e7as peut apporter des modifications aux \u00e9l\u00e9ments contenus sur son site Web \u00e0 tout moment et sans pr\u00e9avis. Cependant, Planeje as Finan\u00e7as ne prend aucun engagement de mettre \u00e0 jour les mat\u00e9riaux.<\/p>\n\n\n\n<h2 class=\"wp-block-heading\">6. Liens<\/h2>\n\n\n\n<p>Planeje as Finan\u00e7as n&#039;a pas examin\u00e9 tous les sites li\u00e9s \u00e0 son site Web et n&#039;est pas responsable du contenu de ces sites li\u00e9s. L&#039;inclusion de tout lien n&#039;implique pas l&#039;approbation par Planeje as Finan\u00e7as du site. L&#039;utilisation de tout site Web li\u00e9 se fait aux risques et p\u00e9rils de l&#039;utilisateur.<\/p>\n\n\n\n<h3 class=\"wp-block-heading\">Modifications<\/h3>\n\n\n\n<p>Planeje as Finan\u00e7as peut r\u00e9viser les pr\u00e9sentes conditions d&#039;utilisation du site Web \u00e0 tout moment et sans pr\u00e9avis. En utilisant ce site Web, vous acceptez d&#039;\u00eatre li\u00e9 par la version alors en vigueur de ces conditions de service.<\/p>\n\n\n\n<h3 class=\"wp-block-heading\">Loi applicable<\/h3>\n\n\n\n<p>Ces termes et conditions sont r\u00e9gis et interpr\u00e9t\u00e9s conform\u00e9ment aux lois de Planeje as Finan\u00e7as et vous vous soumettez irr\u00e9vocablement \u00e0 la juridiction exclusive des tribunaux de cet \u00c9tat ou de cet endroit.<\/p>\n<\/body><\/html>","protected":false},"excerpt":{"rendered":"<p>Ao acessar ao site\u00a0Planeje as Finan\u00e7as, concorda em cumprir estes termos de servi\u00e7o, todas as leis e regulamentos aplic\u00e1veis \u200b\u200be concorda que \u00e9 respons\u00e1vel pelo cumprimento de todas as leis locais aplic\u00e1veis. Se voc\u00ea n\u00e3o concordar com algum desses termos, est\u00e1 proibido de usar ou acessar este site. Os materiais contidos neste site s\u00e3o protegidos [&hellip;]<\/p>\n","protected":false},"author":4,"featured_media":0,"parent":0,"menu_order":0,"comment_status":"closed","ping_status":"closed","template":"","meta":{"footnotes":""},"class_list":["post-12569","page","type-page","status-publish","hentry"],"_links":{"self":[{"href":"https:\/\/planejeasfinancas.com.br\/fr\/wp-json\/wp\/v2\/pages\/12569","targetHints":{"allow":["GET"]}}],"collection":[{"href":"https:\/\/planejeasfinancas.com.br\/fr\/wp-json\/wp\/v2\/pages"}],"about":[{"href":"https:\/\/planejeasfinancas.com.br\/fr\/wp-json\/wp\/v2\/types\/page"}],"author":[{"embeddable":true,"href":"https:\/\/planejeasfinancas.com.br\/fr\/wp-json\/wp\/v2\/users\/4"}],"replies":[{"embeddable":true,"href":"https:\/\/planejeasfinancas.com.br\/fr\/wp-json\/wp\/v2\/comments?post=12569"}],"version-history":[{"count":1,"href":"https:\/\/planejeasfinancas.com.br\/fr\/wp-json\/wp\/v2\/pages\/12569\/revisions"}],"predecessor-version":[{"id":12570,"href":"https:\/\/planejeasfinancas.com.br\/fr\/wp-json\/wp\/v2\/pages\/12569\/revisions\/12570"}],"wp:attachment":[{"href":"https:\/\/planejeasfinancas.com.br\/fr\/wp-json\/wp\/v2\/media?parent=12569"}],"curies":[{"name":"wp","href":"https:\/\/api.w.org\/{rel}","templated":true}]}}