{"id":12569,"date":"2025-02-19T15:43:14","date_gmt":"2025-02-19T15:43:14","guid":{"rendered":"https:\/\/planejeasfinancas.com.br\/?page_id=12569"},"modified":"2025-02-19T15:43:14","modified_gmt":"2025-02-19T15:43:14","slug":"termos-e-condicoes","status":"publish","type":"page","link":"https:\/\/planejeasfinancas.com.br\/it\/termos-e-condicoes\/","title":{"rendered":"Termini e Condizioni"},"content":{"rendered":"<html><body><p>Quando si accede al sito web\u00a0<a href=\"https:\/\/politicaprivacidade.com\/planejeasfinancas.com.br\">Pianifica le tue finanze<\/a>, accetti di rispettare i presenti termini di servizio, tutte le leggi e i regolamenti applicabili e accetti di essere responsabile del rispetto di tutte le leggi locali applicabili. Se non accetti uno qualsiasi di questi termini, ti \u00e8 vietato utilizzare o accedere a questo sito. I materiali contenuti in questo sito web sono protetti dalle leggi vigenti in materia di copyright e marchi.<\/p>\n\n\n\n<h2 class=\"wp-block-heading\">2. Licenza d&#039;uso<\/h2>\n\n\n\n<p>\u00c8 concesso il permesso di scaricare temporaneamente una copia dei materiali (informazioni o software) dal sito web di Planeje as Finan\u00e7as esclusivamente per la visualizzazione transitoria personale e non commerciale. Questa \u00e8 la concessione di una licenza, non un trasferimento di propriet\u00e0, e in base a questa licenza non puoi:\u00a0<\/p>\n\n\n\n<ol class=\"wp-block-list\">\n<li>modificare o copiare i materiali;\u00a0<\/li>\n\n\n\n<li>utilizzare i materiali per qualsiasi scopo commerciale o per qualsiasi esposizione al pubblico (commerciale o non commerciale);\u00a0<\/li>\n\n\n\n<li>tentare di decompilare o sottoporre a reverse engineering qualsiasi software contenuto nel sito web Planeje as Finan\u00e7as;\u00a0<\/li>\n\n\n\n<li>rimuovere qualsiasi copyright o altre annotazioni proprietarie dai materiali; O\u00a0<\/li>\n\n\n\n<li>trasferire i materiali a un&#039;altra persona o &#039;specchiarli&#039; su un altro server.<\/li>\n<\/ol>\n\n\n\n<p>La presente licenza verr\u00e0 automaticamente revocata in caso di violazione di una qualsiasi di queste restrizioni e potr\u00e0 essere revocata da Planeje as Finan\u00e7as in qualsiasi momento. Al termine della visualizzazione di questi materiali o alla scadenza della presente licenza, dovrai distruggere tutti i materiali scaricati in tuo possesso, sia in formato elettronico che cartaceo.<\/p>\n\n\n\n<h2 class=\"wp-block-heading\">3. Dichiarazione di esclusione di responsabilit\u00e0<\/h2>\n\n\n\n<ol class=\"wp-block-list\">\n<li>I materiali presenti sul sito web di Planeje as Finan\u00e7as vengono forniti &quot;cos\u00ec come sono&quot;. Planeje as Finan\u00e7as non fornisce alcuna garanzia, espressa o implicita, e con la presente nega e rifiuta tutte le altre garanzie, comprese, senza limitazioni, le garanzie o condizioni implicite di commerciabilit\u00e0, idoneit\u00e0 per uno scopo particolare o non violazione della propriet\u00e0 intellettuale o altra violazione dei diritti.<\/li>\n\n\n\n<li>Inoltre, Planeje as Finan\u00e7as non garantisce n\u00e9 rilascia alcuna dichiarazione in merito all&#039;accuratezza, ai probabili risultati o all&#039;affidabilit\u00e0 dell&#039;uso dei materiali presenti sul suo sito web o altrimenti relativi a tali materiali o su qualsiasi sito collegato a questo sito.<\/li>\n<\/ol>\n\n\n\n<h2 class=\"wp-block-heading\">4. Limitazioni<\/h2>\n\n\n\n<p>In nessun caso Planeje as Finan\u00e7as o i suoi fornitori saranno ritenuti responsabili per eventuali danni (inclusi, senza limitazioni, danni per perdita di dati o profitti, o dovuti a interruzione di attivit\u00e0) derivanti dall&#039;uso o dall&#039;impossibilit\u00e0 di utilizzare i materiali presenti sul sito Internet di Planeje as Finan\u00e7as, anche se Planeje as Finan\u00e7as o un rappresentante autorizzato di Planeje as Finan\u00e7as sono stati informati oralmente o per iscritto della possibilit\u00e0 di tale danno. Poich\u00e9 alcune giurisdizioni non consentono limitazioni sulle garanzie implicite o limitazioni di responsabilit\u00e0 per danni consequenziali o incidentali, tali limitazioni potrebbero non essere applicabili al tuo caso.<\/p>\n\n\n\n<h2 class=\"wp-block-heading\">5. Precisione dei materiali<\/h2>\n\n\n\n<p>I materiali visualizzati sul sito web di Planeje as Finan\u00e7as potrebbero contenere errori tecnici, tipografici o fotografici. Planeje as Finan\u00e7as non garantisce che il materiale presente sul suo sito web sia accurato, completo o aggiornato. Planeje as Finan\u00e7as pu\u00f2 apportare modifiche ai materiali contenuti nel suo sito web in qualsiasi momento e senza preavviso. Tuttavia, Planeje as Finan\u00e7as non si impegna ad aggiornare i materiali.<\/p>\n\n\n\n<h2 class=\"wp-block-heading\">6. Collegamenti<\/h2>\n\n\n\n<p>Planeje as Finan\u00e7as non ha esaminato tutti i siti collegati al proprio sito web e non \u00e8 responsabile dei contenuti di nessuno di tali siti collegati. L&#039;inclusione di qualsiasi collegamento non implica l&#039;approvazione del sito da parte di Planeje as Finan\u00e7as. L&#039;utilizzo di qualsiasi sito web collegato avviene a rischio e pericolo dell&#039;utente.<\/p>\n\n\n\n<h3 class=\"wp-block-heading\">Modifiche<\/h3>\n\n\n\n<p>Planeje as Finan\u00e7as pu\u00f2 modificare i termini di servizio del presente sito web in qualsiasi momento e senza preavviso. Utilizzando questo sito web accetti di essere vincolato dalla versione vigente di questi termini di servizio.<\/p>\n\n\n\n<h3 class=\"wp-block-heading\">Legge applicabile<\/h3>\n\n\n\n<p>I presenti termini e condizioni sono regolati e interpretati in conformit\u00e0 con le leggi di Planeje as Finan\u00e7as e l&#039;utente si sottopone irrevocabilmente alla giurisdizione esclusiva dei tribunali di tale Stato o localit\u00e0.<\/p>\n<\/body><\/html>","protected":false},"excerpt":{"rendered":"<p>Ao acessar ao site\u00a0Planeje as Finan\u00e7as, concorda em cumprir estes termos de servi\u00e7o, todas as leis e regulamentos aplic\u00e1veis \u200b\u200be concorda que \u00e9 respons\u00e1vel pelo cumprimento de todas as leis locais aplic\u00e1veis. Se voc\u00ea n\u00e3o concordar com algum desses termos, est\u00e1 proibido de usar ou acessar este site. Os materiais contidos neste site s\u00e3o protegidos [&hellip;]<\/p>\n","protected":false},"author":4,"featured_media":0,"parent":0,"menu_order":0,"comment_status":"closed","ping_status":"closed","template":"","meta":{"footnotes":""},"class_list":["post-12569","page","type-page","status-publish","hentry"],"_links":{"self":[{"href":"https:\/\/planejeasfinancas.com.br\/it\/wp-json\/wp\/v2\/pages\/12569","targetHints":{"allow":["GET"]}}],"collection":[{"href":"https:\/\/planejeasfinancas.com.br\/it\/wp-json\/wp\/v2\/pages"}],"about":[{"href":"https:\/\/planejeasfinancas.com.br\/it\/wp-json\/wp\/v2\/types\/page"}],"author":[{"embeddable":true,"href":"https:\/\/planejeasfinancas.com.br\/it\/wp-json\/wp\/v2\/users\/4"}],"replies":[{"embeddable":true,"href":"https:\/\/planejeasfinancas.com.br\/it\/wp-json\/wp\/v2\/comments?post=12569"}],"version-history":[{"count":1,"href":"https:\/\/planejeasfinancas.com.br\/it\/wp-json\/wp\/v2\/pages\/12569\/revisions"}],"predecessor-version":[{"id":12570,"href":"https:\/\/planejeasfinancas.com.br\/it\/wp-json\/wp\/v2\/pages\/12569\/revisions\/12570"}],"wp:attachment":[{"href":"https:\/\/planejeasfinancas.com.br\/it\/wp-json\/wp\/v2\/media?parent=12569"}],"curies":[{"name":"wp","href":"https:\/\/api.w.org\/{rel}","templated":true}]}}