{"id":3,"date":"2025-02-19T14:27:01","date_gmt":"2025-02-19T14:27:01","guid":{"rendered":"https:\/\/planejeasfinancas.com.br\/?page_id=3"},"modified":"2025-02-19T15:42:45","modified_gmt":"2025-02-19T15:42:45","slug":"privacy-policy","status":"publish","type":"page","link":"https:\/\/planejeasfinancas.com.br\/it\/privacy-policy\/","title":{"rendered":"politica sulla riservatezza"},"content":{"rendered":"<html><body><p>La tua privacy \u00e8 importante per noi. La politica di Planeje as Finan\u00e7as \u00e8 quella di rispettare la tua privacy in relazione a qualsiasi informazione che potremmo raccogliere da te tramite il nostro sito web.\u00a0<a href=\"https:\/\/politicaprivacidade.com\/planejeasfinancas.com.br\">Pianifica le tue finanze<\/a>e altri siti web di nostra propriet\u00e0 e da noi gestiti.<\/p>\n\n\n\n<p>Richiediamo informazioni personali solo quando ne abbiamo realmente bisogno per fornirti un servizio. Lo facciamo con mezzi equi e leciti, con la tua conoscenza e il tuo consenso. Ti spieghiamo anche perch\u00e9 raccogliamo queste informazioni e come verranno utilizzate.<\/p>\n\n\n\n<p>Conserviamo le informazioni raccolte solo per il tempo necessario a fornirti il \u200b\u200bservizio richiesto. I dati che memorizziamo saranno protetti con mezzi commercialmente accettabili per prevenirne la perdita e il furto, nonch\u00e9 l&#039;accesso, la divulgazione, la copia, l&#039;uso o la modifica non autorizzati.<\/p>\n\n\n\n<p>Non condividiamo alcuna informazione personale identificabile pubblicamente o con terze parti, salvo quando richiesto dalla legge.<\/p>\n\n\n\n<p>Il nostro sito web potrebbe contenere link a siti web esterni non gestiti da noi. Si prega di notare che non abbiamo alcun controllo sul contenuto e sulle pratiche di questi siti e non possiamo accettare la responsabilit\u00e0 per i rispettivi\u00a0<a href=\"https:\/\/politicaprivacidade.com\/\" rel=\"noreferrer noopener\" target=\"_blank\">politiche sulla privacy<\/a>.<\/p>\n\n\n\n<p>Puoi liberamente rifiutare la nostra richiesta di informazioni personali, con la consapevolezza che potremmo non essere in grado di fornirti alcuni dei servizi desiderati.<\/p>\n\n\n\n<p>L&#039;uso continuato del nostro sito web sar\u00e0 considerato come accettazione delle nostre pratiche in materia di privacy e dati personali. Se hai domande su come gestiamo i dati degli utenti e le informazioni personali, contattaci.<\/p>\n\n\n\n<ul class=\"wp-block-list\">\n<li>Il servizio Google AdSense che utilizziamo per pubblicare annunci pubblicitari utilizza un cookie DoubleClick per pubblicare annunci pi\u00f9 pertinenti sul Web e limitare il numero di volte in cui ti viene mostrato un determinato annuncio.<\/li>\n\n\n\n<li>Per maggiori informazioni su Google AdSense, consulta le FAQ ufficiali sulla privacy di Google AdSense.<\/li>\n\n\n\n<li>Utilizziamo la pubblicit\u00e0 per compensare i costi di gestione di questo sito web e per fornire finanziamenti per lo sviluppo futuro. I cookie pubblicitari comportamentali utilizzati da questo sito sono progettati per garantire che ti forniamo gli annunci pubblicitari pi\u00f9 pertinenti, ove possibile, monitorando in forma anonima i tuoi interessi e presentando cose simili che potrebbero interessarti.<\/li>\n\n\n\n<li>Diversi partner pubblicizzano per nostro conto e i cookie di tracciamento degli affiliati ci consentono semplicemente di verificare se i nostri clienti sono arrivati sul nostro sito tramite uno dei siti dei nostri partner, in modo da poterli riconoscere in modo appropriato e, ove applicabile, consentire ai nostri partner affiliati di fornire eventuali bonus per aver effettuato un acquisto.<\/li>\n<\/ul>\n\n\n\n<h3 class=\"wp-block-heading\">Impegno dell&#039;utente<\/h3>\n\n\n\n<p>L&#039;utente si impegna a fare un uso appropriato dei contenuti e delle informazioni che Planeje as Finan\u00e7as offre sul sito web e, a titolo esemplificativo e non esaustivo:<\/p>\n\n\n\n<ul class=\"wp-block-list\">\n<li>A) Non intraprendere attivit\u00e0 illegali o contrarie alla buona fede e all&#039;ordine pubblico;<\/li>\n\n\n\n<li>B) Non diffondere propaganda o contenuti di natura razzista, xenofoba,\u00a0<a href=\"https:\/\/betnacionalbrasil.br.com\/\">Scommessa nazionale<\/a>\u00a0o sfortuna, qualsiasi tipo di pornografia illegale, a sostegno del terrorismo o contro i diritti umani;<\/li>\n\n\n\n<li>C) Non causare danni ai sistemi fisici (hardware) e logici (software) di Planeje as Finan\u00e7as, dei suoi fornitori o di terzi, n\u00e9 introdurre o diffondere virus informatici o altri sistemi hardware o software in grado di causare i suddetti danni.<\/li>\n<\/ul>\n\n\n\n<h3 class=\"wp-block-heading\">Ulteriori informazioni<\/h3>\n\n\n\n<p>Speriamo che questo abbia chiarito le cose e, come detto in precedenza, se c&#039;\u00e8 qualcosa di cui non sei sicuro di aver bisogno o meno, di solito \u00e8 pi\u00f9 sicuro lasciare i cookie abilitati nel caso in cui interagiscano con una delle funzionalit\u00e0 che usi sul nostro sito.<\/p>\n\n\n\n<p>La presente politica \u00e8 in vigore a partire dal 19 febbraio 2025 alle ore 15:41<\/p>\n<\/body><\/html>","protected":false},"excerpt":{"rendered":"<p>A sua privacidade \u00e9 importante para n\u00f3s. \u00c9 pol\u00edtica do Planeje as Finan\u00e7as respeitar a sua privacidade em rela\u00e7\u00e3o a qualquer informa\u00e7\u00e3o sua que possamos coletar no site\u00a0Planeje as Finan\u00e7as, e outros sites que possu\u00edmos e operamos. Solicitamos informa\u00e7\u00f5es pessoais apenas quando realmente precisamos delas para lhe fornecer um servi\u00e7o. Fazemo-lo por meios justos e [&hellip;]<\/p>\n","protected":false},"author":4,"featured_media":0,"parent":0,"menu_order":0,"comment_status":"closed","ping_status":"open","template":"","meta":{"footnotes":""},"class_list":["post-3","page","type-page","status-publish","hentry"],"_links":{"self":[{"href":"https:\/\/planejeasfinancas.com.br\/it\/wp-json\/wp\/v2\/pages\/3","targetHints":{"allow":["GET"]}}],"collection":[{"href":"https:\/\/planejeasfinancas.com.br\/it\/wp-json\/wp\/v2\/pages"}],"about":[{"href":"https:\/\/planejeasfinancas.com.br\/it\/wp-json\/wp\/v2\/types\/page"}],"author":[{"embeddable":true,"href":"https:\/\/planejeasfinancas.com.br\/it\/wp-json\/wp\/v2\/users\/4"}],"replies":[{"embeddable":true,"href":"https:\/\/planejeasfinancas.com.br\/it\/wp-json\/wp\/v2\/comments?post=3"}],"version-history":[{"count":1,"href":"https:\/\/planejeasfinancas.com.br\/it\/wp-json\/wp\/v2\/pages\/3\/revisions"}],"predecessor-version":[{"id":12568,"href":"https:\/\/planejeasfinancas.com.br\/it\/wp-json\/wp\/v2\/pages\/3\/revisions\/12568"}],"wp:attachment":[{"href":"https:\/\/planejeasfinancas.com.br\/it\/wp-json\/wp\/v2\/media?parent=3"}],"curies":[{"name":"wp","href":"https:\/\/api.w.org\/{rel}","templated":true}]}}