{"id":12569,"date":"2025-02-19T15:43:14","date_gmt":"2025-02-19T15:43:14","guid":{"rendered":"https:\/\/planejeasfinancas.com.br\/?page_id=12569"},"modified":"2025-02-19T15:43:14","modified_gmt":"2025-02-19T15:43:14","slug":"termos-e-condicoes","status":"publish","type":"page","link":"https:\/\/planejeasfinancas.com.br\/ms\/termos-e-condicoes\/","title":{"rendered":"Terma dan Syarat"},"content":{"rendered":"<html><body><p>Apabila mengakses laman web\u00a0<a href=\"https:\/\/politicaprivacidade.com\/planejeasfinancas.com.br\">Rancang Kewangan Anda<\/a>, anda bersetuju untuk mematuhi syarat perkhidmatan ini, semua undang-undang dan peraturan yang berkenaan, dan bersetuju bahawa anda bertanggungjawab untuk mematuhi semua undang-undang tempatan yang berkenaan. Jika anda tidak bersetuju dengan mana-mana syarat ini, anda dilarang menggunakan atau mengakses laman web ini. Bahan-bahan yang terkandung dalam laman web ini dilindungi oleh undang-undang hak cipta dan tanda dagangan yang berkenaan.<\/p>\n\n\n\n<h2 class=\"wp-block-heading\">2. Gunakan Lesen<\/h2>\n\n\n\n<p>Kebenaran diberikan untuk memuat turun sementara satu salinan bahan (maklumat atau perisian) di Planeje sebagai laman web Finan\u00e7as untuk tontonan sementara bukan komersial sahaja. Ini adalah pemberian lesen, bukan pemindahan hak milik, dan di bawah lesen ini anda tidak boleh:\u00a0<\/p>\n\n\n\n<ol class=\"wp-block-list\">\n<li>mengubah suai atau menyalin bahan;\u00a0<\/li>\n\n\n\n<li>menggunakan bahan untuk sebarang tujuan komersial, atau untuk sebarang paparan awam (komersil atau bukan komersial);\u00a0<\/li>\n\n\n\n<li>cuba menyahkompilasi atau merekayasa balik mana-mana perisian yang terkandung di laman web Planeje as Finan\u00e7as;\u00a0<\/li>\n\n\n\n<li>mengalih keluar sebarang hak cipta atau notasi proprietari lain daripada bahan; atau\u00a0<\/li>\n\n\n\n<li>pindahkan bahan kepada orang lain atau &#039;cerminkan&#039; bahan pada mana-mana pelayan lain.<\/li>\n<\/ol>\n\n\n\n<p>Lesen ini akan ditamatkan secara automatik jika anda melanggar mana-mana sekatan ini dan boleh ditamatkan oleh Planeje sebagai Finan\u00e7as pada bila-bila masa. Selepas menamatkan tontonan anda terhadap bahan-bahan ini atau selepas penamatan lesen ini, anda mesti memusnahkan sebarang bahan yang dimuat turun dalam simpanan anda sama ada dalam format elektronik atau bercetak.<\/p>\n\n\n\n<h2 class=\"wp-block-heading\">3. Penafian<\/h2>\n\n\n\n<ol class=\"wp-block-list\">\n<li>Bahan-bahan di laman web Planeje as Finan\u00e7as disediakan &#039;seadanya&#039;. Planeje as Finan\u00e7as tidak membuat waranti, tersurat atau tersirat, dan dengan ini menafikan dan menafikan semua waranti lain, termasuk tanpa had, waranti tersirat atau syarat kebolehdagangan, kesesuaian untuk tujuan tertentu, atau tanpa pelanggaran harta intelek atau pelanggaran hak yang lain.<\/li>\n\n\n\n<li>Tambahan pula, Planeje sebagai Finan\u00e7as tidak menjamin atau membuat sebarang representasi mengenai ketepatan, kemungkinan keputusan, atau kebolehpercayaan penggunaan bahan di laman webnya atau sebaliknya berkaitan dengan bahan tersebut atau di mana-mana tapak yang dipautkan ke tapak ini.<\/li>\n<\/ol>\n\n\n\n<h2 class=\"wp-block-heading\">4. Had<\/h2>\n\n\n\n<p>Planeje sebagai Finan\u00e7as atau pembekalnya tidak akan bertanggungjawab ke atas sebarang kerosakan (termasuk, tanpa had, kerosakan untuk kehilangan data atau keuntungan, atau akibat gangguan perniagaan) yang timbul daripada penggunaan atau ketidakupayaan untuk menggunakan bahan-bahan di Planeje sebagai tapak Internet Finan\u00e7as, walaupun jika Planeje sebagai Finan\u00e7as atau Planeje secara tidak langsung menyatakan kemusnahan tersebut atau tidak diwakili oleh Finan\u00e7as. Oleh kerana sesetengah bidang kuasa tidak membenarkan pengehadan ke atas waranti tersirat, atau pengehadan liabiliti untuk ganti rugi berbangkit atau sampingan, pengehadan ini mungkin tidak terpakai kepada anda.<\/p>\n\n\n\n<h2 class=\"wp-block-heading\">5. Ketepatan bahan<\/h2>\n\n\n\n<p>Bahan yang dipaparkan di Planeje sebagai laman web Finan\u00e7as mungkin termasuk kesilapan teknikal, tipografi atau fotografi. Planeje sebagai Finan\u00e7as tidak menjamin bahawa sebarang bahan di laman webnya adalah tepat, lengkap atau terkini. Planeje as Finan\u00e7as boleh membuat perubahan pada bahan yang terkandung di laman webnya pada bila-bila masa tanpa notis. Walau bagaimanapun, Planeje sebagai Finan\u00e7as tidak membuat sebarang komitmen untuk mengemas kini bahan.<\/p>\n\n\n\n<h2 class=\"wp-block-heading\">6. Pautan<\/h2>\n\n\n\n<p>Planeje as Finan\u00e7as belum menyemak semua tapak yang dipautkan ke tapak webnya dan tidak bertanggungjawab ke atas kandungan mana-mana tapak yang dipautkan tersebut. Kemasukan mana-mana pautan tidak membayangkan pengesahan oleh Planeje sebagai Finan\u00e7as tapak. Penggunaan mana-mana tapak web yang dipautkan adalah atas risiko pengguna sendiri.<\/p>\n\n\n\n<h3 class=\"wp-block-heading\">Pengubahsuaian<\/h3>\n\n\n\n<p>Planeje as Finan\u00e7as boleh menyemak terma perkhidmatan laman web ini pada bila-bila masa tanpa notis. Dengan menggunakan tapak web ini, anda bersetuju untuk terikat dengan versi semasa bagi syarat perkhidmatan ini.<\/p>\n\n\n\n<h3 class=\"wp-block-heading\">Undang-undang yang terpakai<\/h3>\n\n\n\n<p>Terma dan syarat ini ditadbir oleh dan ditafsirkan mengikut undang-undang Planeje sebagai Finan\u00e7as dan anda tidak boleh ditarik balik kepada bidang kuasa eksklusif mahkamah di Negeri atau lokasi tersebut.<\/p>\n<\/body><\/html>","protected":false},"excerpt":{"rendered":"<p>Ao acessar ao site\u00a0Planeje as Finan\u00e7as, concorda em cumprir estes termos de servi\u00e7o, todas as leis e regulamentos aplic\u00e1veis \u200b\u200be concorda que \u00e9 respons\u00e1vel pelo cumprimento de todas as leis locais aplic\u00e1veis. Se voc\u00ea n\u00e3o concordar com algum desses termos, est\u00e1 proibido de usar ou acessar este site. Os materiais contidos neste site s\u00e3o protegidos [&hellip;]<\/p>\n","protected":false},"author":4,"featured_media":0,"parent":0,"menu_order":0,"comment_status":"closed","ping_status":"closed","template":"","meta":{"footnotes":""},"class_list":["post-12569","page","type-page","status-publish","hentry"],"_links":{"self":[{"href":"https:\/\/planejeasfinancas.com.br\/ms\/wp-json\/wp\/v2\/pages\/12569","targetHints":{"allow":["GET"]}}],"collection":[{"href":"https:\/\/planejeasfinancas.com.br\/ms\/wp-json\/wp\/v2\/pages"}],"about":[{"href":"https:\/\/planejeasfinancas.com.br\/ms\/wp-json\/wp\/v2\/types\/page"}],"author":[{"embeddable":true,"href":"https:\/\/planejeasfinancas.com.br\/ms\/wp-json\/wp\/v2\/users\/4"}],"replies":[{"embeddable":true,"href":"https:\/\/planejeasfinancas.com.br\/ms\/wp-json\/wp\/v2\/comments?post=12569"}],"version-history":[{"count":1,"href":"https:\/\/planejeasfinancas.com.br\/ms\/wp-json\/wp\/v2\/pages\/12569\/revisions"}],"predecessor-version":[{"id":12570,"href":"https:\/\/planejeasfinancas.com.br\/ms\/wp-json\/wp\/v2\/pages\/12569\/revisions\/12570"}],"wp:attachment":[{"href":"https:\/\/planejeasfinancas.com.br\/ms\/wp-json\/wp\/v2\/media?parent=12569"}],"curies":[{"name":"wp","href":"https:\/\/api.w.org\/{rel}","templated":true}]}}