{"id":12569,"date":"2025-02-19T15:43:14","date_gmt":"2025-02-19T15:43:14","guid":{"rendered":"https:\/\/planejeasfinancas.com.br\/?page_id=12569"},"modified":"2025-02-19T15:43:14","modified_gmt":"2025-02-19T15:43:14","slug":"termos-e-condicoes","status":"publish","type":"page","link":"https:\/\/planejeasfinancas.com.br\/pl\/termos-e-condicoes\/","title":{"rendered":"Warunki i postanowienia"},"content":{"rendered":"<html><body><p>Podczas uzyskiwania dost\u0119pu do witryny internetowej\u00a0<a href=\"https:\/\/politicaprivacidade.com\/planejeasfinancas.com.br\">Zaplanuj swoje finanse<\/a>, zgadzasz si\u0119 przestrzega\u0107 niniejszych warunk\u00f3w korzystania z us\u0142ugi, wszystkich obowi\u0105zuj\u0105cych przepis\u00f3w i regulacji oraz potwierdzasz, \u017ce ponosisz odpowiedzialno\u015b\u0107 za przestrzeganie wszystkich obowi\u0105zuj\u0105cych przepis\u00f3w lokalnych. Je\u015bli nie zgadzasz si\u0119 z kt\u00f3rymkolwiek z tych warunk\u00f3w, nie mo\u017cesz korzysta\u0107 z tej witryny ani uzyskiwa\u0107 do niej dost\u0119pu. Materia\u0142y zawarte na tej stronie internetowej s\u0105 chronione obowi\u0105zuj\u0105cymi przepisami prawa autorskiego i prawa znak\u00f3w towarowych.<\/p>\n\n\n\n<h2 class=\"wp-block-heading\">2. Licencja u\u017cytkowania<\/h2>\n\n\n\n<p>Udziela si\u0119 zgody na tymczasowe pobranie jednej kopii materia\u0142\u00f3w (informacji lub oprogramowania) ze strony internetowej Planeje as Finan\u00e7as wy\u0142\u0105cznie w celu osobistego, niekomercyjnego, przej\u015bciowego wykorzystania. Niniejsza umowa udziela licencji, a nie przenosi tytu\u0142u w\u0142asno\u015bci, a na mocy tej licencji nie wolno:\u00a0<\/p>\n\n\n\n<ol class=\"wp-block-list\">\n<li>modyfikowa\u0107 lub kopiowa\u0107 materia\u0142y;\u00a0<\/li>\n\n\n\n<li>u\u017cywa\u0107 materia\u0142\u00f3w do cel\u00f3w komercyjnych lub do ich publicznego wy\u015bwietlania (komercyjnego lub niekomercyjnego);\u00a0<\/li>\n\n\n\n<li>podejmowa\u0107 pr\u00f3b dekompilowania lub dokonywania in\u017cynierii wstecznej jakiegokolwiek oprogramowania zawartego na stronie internetowej Planeje as Finan\u00e7as;\u00a0<\/li>\n\n\n\n<li>usun\u0105\u0107 z materia\u0142\u00f3w wszelkie informacje o prawach autorskich lub inne informacje o w\u0142asno\u015bci; Lub\u00a0<\/li>\n\n\n\n<li>przekazywa\u0107 materia\u0142\u00f3w innej osobie lub \u201eprzenosi\u0107\u201d ich na inny serwer.<\/li>\n<\/ol>\n\n\n\n<p>Niniejsza licencja ulega automatycznemu rozwi\u0105zaniu w przypadku naruszenia kt\u00f3regokolwiek z niniejszych ogranicze\u0144 i mo\u017ce zosta\u0107 rozwi\u0105zana przez Planeje as Finan\u00e7as w dowolnym momencie. Po zako\u0144czeniu przegl\u0105dania materia\u0142\u00f3w lub po wyga\u015bni\u0119ciu niniejszej licencji, musisz zniszczy\u0107 wszelkie pobrane materia\u0142y b\u0119d\u0105ce w Twoim posiadaniu, niezale\u017cnie od tego, czy s\u0105 w formie elektronicznej, czy wydrukowanej.<\/p>\n\n\n\n<h2 class=\"wp-block-heading\">3. Zastrze\u017cenie<\/h2>\n\n\n\n<ol class=\"wp-block-list\">\n<li>Materia\u0142y zamieszczone na stronie internetowej Planeje as Finan\u00e7as s\u0105 udost\u0119pniane \u201etak jak s\u0105\u201d. Planeje as Finan\u00e7as nie udziela \u017cadnych gwarancji, wyra\u017anych ani dorozumianych, niniejszym zrzeka si\u0119 i neguje wszelkie inne gwarancje, w tym mi\u0119dzy innymi gwarancje dorozumiane lub warunki przydatno\u015bci handlowej, przydatno\u015bci do okre\u015blonego celu lub nienaruszania praw w\u0142asno\u015bci intelektualnej lub innego naruszenia praw.<\/li>\n\n\n\n<li>Ponadto Planeje as Finan\u00e7as nie udziela gwarancji i nie sk\u0142ada \u017cadnych o\u015bwiadcze\u0144 dotycz\u0105cych dok\u0142adno\u015bci, prawdopodobnych wynik\u00f3w lub niezawodno\u015bci korzystania z materia\u0142\u00f3w zamieszczonych na swojej stronie internetowej lub w inny spos\u00f3b powi\u0105zanych z takimi materia\u0142ami b\u0105d\u017a z witrynami po\u0142\u0105czonymi z t\u0105 witryn\u0105.<\/li>\n<\/ol>\n\n\n\n<h2 class=\"wp-block-heading\">4. Ograniczenia<\/h2>\n\n\n\n<p>W \u017cadnym wypadku Planeje as Finan\u00e7as ani jego dostawcy nie ponosz\u0105 odpowiedzialno\u015bci za jakiekolwiek szkody (w tym, bez ogranicze\u0144, szkody wynikaj\u0105ce z utraty danych lub zysk\u00f3w b\u0105d\u017a z przerwy w dzia\u0142alno\u015bci), powsta\u0142e w wyniku korzystania lub niemo\u017cno\u015bci korzystania z materia\u0142\u00f3w zamieszczonych na stronie internetowej Planeje as Finan\u00e7as, nawet je\u015bli Planeje as Finan\u00e7as lub upowa\u017cniony przedstawiciel Planeje as Finan\u00e7as zosta\u0142 poinformowany ustnie lub pisemnie o mo\u017cliwo\u015bci wyst\u0105pienia takich szk\u00f3d. Poniewa\u017c w niekt\u00f3rych jurysdykcjach nie s\u0105 dozwolone ograniczenia gwarancji dorozumianych lub ograniczenia odpowiedzialno\u015bci za szkody nast\u0119pcze lub przypadkowe, ograniczenia te mog\u0105 Ci\u0119 nie dotyczy\u0107.<\/p>\n\n\n\n<h2 class=\"wp-block-heading\">5. Dok\u0142adno\u015b\u0107 materia\u0142\u00f3w<\/h2>\n\n\n\n<p>Materia\u0142y zamieszczone na stronie internetowej Planeje as Finan\u00e7as mog\u0105 zawiera\u0107 b\u0142\u0119dy techniczne, typograficzne lub fotograficzne. Planeje as Finan\u00e7as nie gwarantuje, \u017ce jakiekolwiek materia\u0142y zamieszczone na jej stronie internetowej s\u0105 dok\u0142adne, kompletne lub aktualne. Planeje as Finan\u00e7as ma prawo dokonywa\u0107 zmian w materia\u0142ach zawartych na swojej stronie internetowej w dowolnym momencie i bez uprzedzenia. Planeje as Finan\u00e7as nie zobowi\u0105zuje si\u0119 jednak do aktualizowania materia\u0142\u00f3w.<\/p>\n\n\n\n<h2 class=\"wp-block-heading\">6. Linki<\/h2>\n\n\n\n<p>Planeje as Finan\u00e7as nie dokona\u0142o przegl\u0105du wszystkich stron internetowych, do kt\u00f3rych prowadz\u0105 linki z jego witryny internetowej, i nie ponosi odpowiedzialno\u015bci za zawarto\u015b\u0107 \u017cadnej z tych stron. Zamieszczenie jakiegokolwiek linka nie oznacza, \u017ce Planeje as Finan\u00e7as popiera dan\u0105 witryn\u0119. Korzystanie z podlinkowanych witryn internetowych odbywa si\u0119 na w\u0142asne ryzyko u\u017cytkownika.<\/p>\n\n\n\n<h3 class=\"wp-block-heading\">Modyfikacje<\/h3>\n\n\n\n<p>Planeje as Finan\u00e7as ma prawo w ka\u017cdej chwili i bez uprzedzenia dokona\u0107 zmiany warunk\u00f3w korzystania z serwisu. Korzystaj\u0105c z tej witryny internetowej wyra\u017casz zgod\u0119 na obowi\u0105zywanie aktualnej wersji niniejszych warunk\u00f3w korzystania z us\u0142ugi.<\/p>\n\n\n\n<h3 class=\"wp-block-heading\">Prawo w\u0142a\u015bciwe<\/h3>\n\n\n\n<p>Niniejsze warunki podlegaj\u0105 prawu Planeje as Finan\u00e7as i zgodnie z nim b\u0119d\u0105 interpretowane. Nieodwo\u0142alnie poddajesz si\u0119 wy\u0142\u0105cznej jurysdykcji s\u0105d\u00f3w tego pa\u0144stwa lub miejsca.<\/p>\n<\/body><\/html>","protected":false},"excerpt":{"rendered":"<p>Ao acessar ao site\u00a0Planeje as Finan\u00e7as, concorda em cumprir estes termos de servi\u00e7o, todas as leis e regulamentos aplic\u00e1veis \u200b\u200be concorda que \u00e9 respons\u00e1vel pelo cumprimento de todas as leis locais aplic\u00e1veis. Se voc\u00ea n\u00e3o concordar com algum desses termos, est\u00e1 proibido de usar ou acessar este site. Os materiais contidos neste site s\u00e3o protegidos [&hellip;]<\/p>\n","protected":false},"author":4,"featured_media":0,"parent":0,"menu_order":0,"comment_status":"closed","ping_status":"closed","template":"","meta":{"footnotes":""},"class_list":["post-12569","page","type-page","status-publish","hentry"],"_links":{"self":[{"href":"https:\/\/planejeasfinancas.com.br\/pl\/wp-json\/wp\/v2\/pages\/12569","targetHints":{"allow":["GET"]}}],"collection":[{"href":"https:\/\/planejeasfinancas.com.br\/pl\/wp-json\/wp\/v2\/pages"}],"about":[{"href":"https:\/\/planejeasfinancas.com.br\/pl\/wp-json\/wp\/v2\/types\/page"}],"author":[{"embeddable":true,"href":"https:\/\/planejeasfinancas.com.br\/pl\/wp-json\/wp\/v2\/users\/4"}],"replies":[{"embeddable":true,"href":"https:\/\/planejeasfinancas.com.br\/pl\/wp-json\/wp\/v2\/comments?post=12569"}],"version-history":[{"count":1,"href":"https:\/\/planejeasfinancas.com.br\/pl\/wp-json\/wp\/v2\/pages\/12569\/revisions"}],"predecessor-version":[{"id":12570,"href":"https:\/\/planejeasfinancas.com.br\/pl\/wp-json\/wp\/v2\/pages\/12569\/revisions\/12570"}],"wp:attachment":[{"href":"https:\/\/planejeasfinancas.com.br\/pl\/wp-json\/wp\/v2\/media?parent=12569"}],"curies":[{"name":"wp","href":"https:\/\/api.w.org\/{rel}","templated":true}]}}