{"id":3,"date":"2025-02-19T14:27:01","date_gmt":"2025-02-19T14:27:01","guid":{"rendered":"https:\/\/planejeasfinancas.com.br\/?page_id=3"},"modified":"2025-02-19T15:42:45","modified_gmt":"2025-02-19T15:42:45","slug":"privacy-policy","status":"publish","type":"page","link":"https:\/\/planejeasfinancas.com.br\/pl\/privacy-policy\/","title":{"rendered":"Polityka prywatno\u015bci"},"content":{"rendered":"<html><body><p>Twoja prywatno\u015b\u0107 jest dla nas wa\u017cna. Polityk\u0105 Planeje as Finan\u00e7as jest poszanowanie Twojej prywatno\u015bci w odniesieniu do wszelkich informacji, kt\u00f3re mo\u017cemy od Ciebie zbiera\u0107 za po\u015brednictwem naszej witryny internetowej.\u00a0<a href=\"https:\/\/politicaprivacidade.com\/planejeasfinancas.com.br\">Zaplanuj swoje finanse<\/a>oraz inne witryny internetowe, kt\u00f3rych jeste\u015bmy w\u0142a\u015bcicielami i operatorami.<\/p>\n\n\n\n<p>Prosimy o podanie danych osobowych wy\u0142\u0105cznie wtedy, gdy jest to niezb\u0119dne do \u015bwiadczenia Ci us\u0142ug. Robimy to w spos\u00f3b uczciwy i zgodny z prawem, za Twoj\u0105 wiedz\u0105 i zgod\u0105. Poinformujemy Ci\u0119 r\u00f3wnie\u017c, dlaczego zbieramy Twoje dane i w jaki spos\u00f3b b\u0119d\u0105 one wykorzystywane.<\/p>\n\n\n\n<p>Zebrane dane przechowujemy wy\u0142\u0105cznie tak d\u0142ugo, jak jest to konieczne do dostarczenia Ci \u017c\u0105danej us\u0142ugi. Wszelkie dane, kt\u00f3re przechowujemy, chronimy w spos\u00f3b komercyjnie akceptowalny, aby zapobiec ich utracie lub kradzie\u017cy, a tak\u017ce nieautoryzowanemu dost\u0119powi, ujawnieniu, kopiowaniu, wykorzystaniu lub modyfikacji.<\/p>\n\n\n\n<p>Nie udost\u0119pniamy \u017cadnych informacji umo\u017cliwiaj\u0105cych identyfikacj\u0119 u\u017cytkownika publicznie ani osobom trzecim, chyba \u017ce wymaga tego prawo.<\/p>\n\n\n\n<p>Nasza strona internetowa mo\u017ce zawiera\u0107 linki do zewn\u0119trznych stron internetowych, kt\u00f3rych nie obs\u0142ugujemy. Nale\u017cy pami\u0119ta\u0107, \u017ce nie mamy kontroli nad tre\u015bci\u0105 i praktykami stosowanymi na tych stronach i nie mo\u017cemy ponosi\u0107 odpowiedzialno\u015bci za ich tre\u015b\u0107 i praktyki.\u00a0<a href=\"https:\/\/politicaprivacidade.com\/\" rel=\"noreferrer noopener\" target=\"_blank\">polityka prywatno\u015bci<\/a>.<\/p>\n\n\n\n<p>Masz prawo odm\u00f3wi\u0107 podania swoich danych osobowych, ale pami\u0119taj, \u017ce w\u00f3wczas mo\u017cemy nie by\u0107 w stanie dostarczy\u0107 Ci niekt\u00f3rych us\u0142ug, kt\u00f3rych oczekujesz.<\/p>\n\n\n\n<p>Dalsze korzystanie z naszej witryny internetowej b\u0119dzie r\u00f3wnoznaczne z akceptacj\u0105 naszych zasad dotycz\u0105cych prywatno\u015bci i danych osobowych. Je\u015bli masz jakiekolwiek pytania dotycz\u0105ce sposobu przetwarzania danych u\u017cytkownik\u00f3w i informacji osobowych, skontaktuj si\u0119 z nami.<\/p>\n\n\n\n<ul class=\"wp-block-list\">\n<li>Us\u0142uga Google AdSense, z kt\u00f3rej korzystamy do wy\u015bwietlania reklam, korzysta z pliku cookie DoubleClick w celu wy\u015bwietlania trafniejszych reklam w Internecie i ograniczania liczby wy\u015bwietle\u0144 danej reklamy.<\/li>\n\n\n\n<li>Aby uzyska\u0107 wi\u0119cej informacji na temat us\u0142ugi Google AdSense, zapoznaj si\u0119 z oficjalnymi najcz\u0119\u015bciej zadawanymi pytaniami dotycz\u0105cymi prywatno\u015bci us\u0142ugi Google AdSense.<\/li>\n\n\n\n<li>Wykorzystujemy reklamy, aby pokry\u0107 koszty prowadzenia tej witryny internetowej i zapewni\u0107 fundusze na jej przysz\u0142y rozw\u00f3j. Pliki cookie reklam behawioralnych, z kt\u00f3rych korzysta ta witryna, maj\u0105 na celu zapewnienie Ci najbardziej odpowiednich reklam, w miar\u0119 mo\u017cliwo\u015bci poprzez anonimowe \u015bledzenie Twoich zainteresowa\u0144 i prezentowanie podobnych rzeczy, kt\u00f3re mog\u0105 Ci\u0119 zainteresowa\u0107.<\/li>\n\n\n\n<li>Kilku partner\u00f3w reklamuje si\u0119 w naszym imieniu, a pliki cookie \u015bledz\u0105ce partner\u00f3w po prostu pozwalaj\u0105 nam sprawdzi\u0107, czy nasi klienci trafili na nasz\u0105 stron\u0119 za po\u015brednictwem jednej z naszych stron partnerskich, dzi\u0119ki czemu mo\u017cemy odpowiednio ich doceni\u0107, a w stosownych przypadkach umo\u017cliwi\u0107 naszym partnerom partnerskim przyznanie bonus\u00f3w za dokonanie zakupu.<\/li>\n<\/ul>\n\n\n\n<h3 class=\"wp-block-heading\">Zaanga\u017cowanie u\u017cytkownika<\/h3>\n\n\n\n<p>U\u017cytkownik zobowi\u0105zuje si\u0119 do w\u0142a\u015bciwego korzystania z tre\u015bci i informacji udost\u0119pnianych przez Planeje as Finan\u00e7as na stronie internetowej, w tym m.in.:<\/p>\n\n\n\n<ul class=\"wp-block-list\">\n<li>A) nie podejmowa\u0107 dzia\u0142a\u0144 niezgodnych z prawem lub z dobr\u0105 wiar\u0105 i porz\u0105dkiem publicznym;<\/li>\n\n\n\n<li>B) Nie rozpowszechniaj propagandy ani tre\u015bci o charakterze rasistowskim, ksenofobicznym,\u00a0<a href=\"https:\/\/betnacionalbrasil.br.com\/\">Zak\u0142ad Narodowy<\/a>\u00a0lub pecha, wszelkiego rodzaju nielegaln\u0105 pornografi\u0119, wspieraj\u0105c\u0105 terroryzm lub sprzeciwiaj\u0105c\u0105 si\u0119 prawom cz\u0142owieka;<\/li>\n\n\n\n<li>C) Nie powodowa\u0107 uszkodze\u0144 system\u00f3w fizycznych (sprz\u0119towych) i logicznych (programowych) Planeje as Finan\u00e7as, jej dostawc\u00f3w lub os\u00f3b trzecich, nie wprowadza\u0107 ani nie rozpowszechnia\u0107 wirus\u00f3w komputerowych lub jakiegokolwiek innego sprz\u0119tu lub system\u00f3w programowych, kt\u00f3re mog\u0105 spowodowa\u0107 ww. uszkodzenia.<\/li>\n<\/ul>\n\n\n\n<h3 class=\"wp-block-heading\">Wi\u0119cej informacji<\/h3>\n\n\n\n<p>Mam nadziej\u0119, \u017ce powy\u017csze informacje rozja\u015bni\u0142y Ci spraw\u0119 i tak jak ju\u017c wcze\u015bniej wspomnia\u0142em, je\u015bli nie jeste\u015b pewien, czy czego\u015b potrzebujesz, zazwyczaj bezpieczniej jest pozostawi\u0107 obs\u0142ug\u0119 plik\u00f3w cookie w\u0142\u0105czon\u0105 na wypadek, gdyby mia\u0142a ona wp\u0142yw na jedn\u0105 z funkcji, z kt\u00f3rych korzystasz na naszej stronie.<\/p>\n\n\n\n<p>Niniejsza polityka obowi\u0105zuje od dnia 19 lutego 2025 r. 15:41<\/p>\n<\/body><\/html>","protected":false},"excerpt":{"rendered":"<p>A sua privacidade \u00e9 importante para n\u00f3s. \u00c9 pol\u00edtica do Planeje as Finan\u00e7as respeitar a sua privacidade em rela\u00e7\u00e3o a qualquer informa\u00e7\u00e3o sua que possamos coletar no site\u00a0Planeje as Finan\u00e7as, e outros sites que possu\u00edmos e operamos. Solicitamos informa\u00e7\u00f5es pessoais apenas quando realmente precisamos delas para lhe fornecer um servi\u00e7o. Fazemo-lo por meios justos e [&hellip;]<\/p>\n","protected":false},"author":4,"featured_media":0,"parent":0,"menu_order":0,"comment_status":"closed","ping_status":"open","template":"","meta":{"footnotes":""},"class_list":["post-3","page","type-page","status-publish","hentry"],"_links":{"self":[{"href":"https:\/\/planejeasfinancas.com.br\/pl\/wp-json\/wp\/v2\/pages\/3","targetHints":{"allow":["GET"]}}],"collection":[{"href":"https:\/\/planejeasfinancas.com.br\/pl\/wp-json\/wp\/v2\/pages"}],"about":[{"href":"https:\/\/planejeasfinancas.com.br\/pl\/wp-json\/wp\/v2\/types\/page"}],"author":[{"embeddable":true,"href":"https:\/\/planejeasfinancas.com.br\/pl\/wp-json\/wp\/v2\/users\/4"}],"replies":[{"embeddable":true,"href":"https:\/\/planejeasfinancas.com.br\/pl\/wp-json\/wp\/v2\/comments?post=3"}],"version-history":[{"count":1,"href":"https:\/\/planejeasfinancas.com.br\/pl\/wp-json\/wp\/v2\/pages\/3\/revisions"}],"predecessor-version":[{"id":12568,"href":"https:\/\/planejeasfinancas.com.br\/pl\/wp-json\/wp\/v2\/pages\/3\/revisions\/12568"}],"wp:attachment":[{"href":"https:\/\/planejeasfinancas.com.br\/pl\/wp-json\/wp\/v2\/media?parent=3"}],"curies":[{"name":"wp","href":"https:\/\/api.w.org\/{rel}","templated":true}]}}