{"id":12569,"date":"2025-02-19T15:43:14","date_gmt":"2025-02-19T15:43:14","guid":{"rendered":"https:\/\/planejeasfinancas.com.br\/?page_id=12569"},"modified":"2025-02-19T15:43:14","modified_gmt":"2025-02-19T15:43:14","slug":"termos-e-condicoes","status":"publish","type":"page","link":"https:\/\/planejeasfinancas.com.br\/tl\/termos-e-condicoes\/","title":{"rendered":"Mga Tuntunin at Kundisyon"},"content":{"rendered":"<html><body><p>Kapag ina-access ang website\u00a0<a href=\"https:\/\/politicaprivacidade.com\/planejeasfinancas.com.br\">Planuhin ang Iyong Pananalapi<\/a>, sumasang-ayon kang sumunod sa mga tuntunin ng serbisyong ito, sa lahat ng naaangkop na batas at regulasyon, at sumasang-ayon na responsable ka sa pagsunod sa lahat ng naaangkop na lokal na batas. Kung hindi ka sumasang-ayon sa alinman sa mga tuntuning ito, ipinagbabawal kang gamitin o i-access ang site na ito. Ang mga materyal na nilalaman sa website na ito ay protektado ng naaangkop na batas sa copyright at trademark.<\/p>\n\n\n\n<h2 class=\"wp-block-heading\">2. Gumamit ng Lisensya<\/h2>\n\n\n\n<p>Ipinagkaloob ang pahintulot na pansamantalang mag-download ng isang kopya ng mga materyal (impormasyon o software) sa Planeje bilang website ng Finan\u00e7as para sa personal, hindi pangkomersyal na panandaliang pagtingin lamang. Ito ang pagbibigay ng lisensya, hindi paglilipat ng titulo, at sa ilalim ng lisensyang ito ay hindi ka maaaring:\u00a0<\/p>\n\n\n\n<ol class=\"wp-block-list\">\n<li>baguhin o kopyahin ang mga materyales;\u00a0<\/li>\n\n\n\n<li>gamitin ang mga materyales para sa anumang komersyal na layunin, o para sa anumang pampublikong pagpapakita (komersyal o hindi pangkomersyal);\u00a0<\/li>\n\n\n\n<li>subukang i-decompile o i-reverse engineer ang anumang software na nasa website ng Planeje bilang Finan\u00e7as;\u00a0<\/li>\n\n\n\n<li>alisin ang anumang copyright o iba pang pagmamay-ari na notasyon mula sa mga materyales; o\u00a0<\/li>\n\n\n\n<li>ilipat ang mga materyales sa ibang tao o &#039;i-mirror&#039; ang mga materyales sa anumang ibang server.<\/li>\n<\/ol>\n\n\n\n<p>Ang lisensyang ito ay awtomatikong magwawakas kung lalabag ka sa alinman sa mga paghihigpit na ito at maaaring wakasan ng Planeje bilang Finan\u00e7as anumang oras. Sa pagtatapos ng iyong pagtingin sa mga materyal na ito o sa pagwawakas ng lisensyang ito, dapat mong sirain ang anumang mga na-download na materyal na nasa iyong pag-aari maging sa electronic o naka-print na format.<\/p>\n\n\n\n<h2 class=\"wp-block-heading\">3. Disclaimer<\/h2>\n\n\n\n<ol class=\"wp-block-list\">\n<li>Ang mga materyales sa website ng Planeje bilang Finan\u00e7as ay ibinigay &#039;as is&#039;. Ang Planeje bilang Finan\u00e7as ay hindi gumagawa ng mga warranty, ipinahayag o ipinahiwatig, at sa pamamagitan nito ay itinatanggi at tinatanggihan ang lahat ng iba pang mga warranty, kabilang ang walang limitasyon, mga ipinahiwatig na warranty o kundisyon ng kakayahang maikalakal, pagiging angkop para sa isang partikular na layunin, o hindi paglabag sa intelektwal na ari-arian o iba pang paglabag sa mga karapatan.<\/li>\n\n\n\n<li>Higit pa rito, ang Planeje bilang Finan\u00e7as ay hindi ginagarantiya o gumagawa ng anumang mga representasyon tungkol sa katumpakan, malamang na mga resulta, o pagiging maaasahan ng paggamit ng mga materyales sa website nito o kung hindi man ay nauugnay sa mga naturang materyal o sa anumang mga site na naka-link sa site na ito.<\/li>\n<\/ol>\n\n\n\n<h2 class=\"wp-block-heading\">4. Mga Limitasyon<\/h2>\n\n\n\n<p>Sa anumang pagkakataon ay mananagot ang Planeje bilang Finan\u00e7as o ang mga supplier nito para sa anumang mga pinsala (kabilang ang, nang walang limitasyon, mga pinsala para sa pagkawala ng data o kita, o dahil sa pagkagambala sa negosyo) na nagmumula sa paggamit o kawalan ng kakayahan na gamitin ang mga materyal sa Planeje bilang Internet site ng Finan\u00e7as, kahit na ang Planeje bilang Finan\u00e7as o isang Planeje bilang kinatawan ng Finan\u00e7as ay hindi pinahintulutan ng pagkasira o hindi pinahintulutan ng isang Planeje bilang kinatawan ng Finan\u00e7as. Dahil hindi pinapayagan ng ilang hurisdiksyon ang mga limitasyon sa ipinahiwatig na mga warranty, o mga limitasyon ng pananagutan para sa mga kinahinatnan o incidental na pinsala, maaaring hindi nalalapat sa iyo ang mga limitasyong ito.<\/p>\n\n\n\n<h2 class=\"wp-block-heading\">5. Katumpakan ng mga materyales<\/h2>\n\n\n\n<p>Ang mga materyal na ipinapakita sa Planeje bilang website ng Finan\u00e7as ay maaaring may kasamang teknikal, typographical, o photographic na mga error. Ang Planeje bilang Finan\u00e7as ay hindi ginagarantiyahan na ang anumang materyal sa website nito ay tumpak, kumpleto o napapanahon. Ang Planeje bilang Finan\u00e7as ay maaaring gumawa ng mga pagbabago sa mga materyal na nilalaman sa website nito anumang oras nang walang abiso. Gayunpaman, ang Planeje bilang Finan\u00e7as ay hindi gumagawa ng anumang pangako na i-update ang mga materyales.<\/p>\n\n\n\n<h2 class=\"wp-block-heading\">6. Mga link<\/h2>\n\n\n\n<p>Ang Planeje bilang Finan\u00e7as ay hindi nasuri ang lahat ng mga site na naka-link sa website nito at hindi responsable para sa mga nilalaman ng anumang naturang naka-link na site. Ang pagsasama ng anumang link ay hindi nagpapahiwatig ng pag-endorso ng Planeje bilang Finan\u00e7as ng site. Ang paggamit ng anumang naka-link na website ay nasa sariling peligro ng gumagamit.<\/p>\n\n\n\n<h3 class=\"wp-block-heading\">Mga pagbabago<\/h3>\n\n\n\n<p>Maaaring baguhin ng Planeje bilang Finan\u00e7as ang mga tuntunin ng serbisyo ng website anumang oras nang walang abiso. Sa pamamagitan ng paggamit sa website na ito, sumasang-ayon kang mapasailalim sa kasalukuyang bersyon ng mga tuntunin ng serbisyong ito.<\/p>\n\n\n\n<h3 class=\"wp-block-heading\">Naaangkop na batas<\/h3>\n\n\n\n<p>Ang mga tuntunin at kundisyon na ito ay pinamamahalaan at binibigyang-kahulugan alinsunod sa mga batas ng Planeje bilang Finan\u00e7as at hindi mo mababawi ang pagsumite sa eksklusibong hurisdiksyon ng mga hukuman sa Estado o lokasyong iyon.<\/p>\n<\/body><\/html>","protected":false},"excerpt":{"rendered":"<p>Ao acessar ao site\u00a0Planeje as Finan\u00e7as, concorda em cumprir estes termos de servi\u00e7o, todas as leis e regulamentos aplic\u00e1veis \u200b\u200be concorda que \u00e9 respons\u00e1vel pelo cumprimento de todas as leis locais aplic\u00e1veis. Se voc\u00ea n\u00e3o concordar com algum desses termos, est\u00e1 proibido de usar ou acessar este site. Os materiais contidos neste site s\u00e3o protegidos [&hellip;]<\/p>\n","protected":false},"author":4,"featured_media":0,"parent":0,"menu_order":0,"comment_status":"closed","ping_status":"closed","template":"","meta":{"footnotes":""},"class_list":["post-12569","page","type-page","status-publish","hentry"],"_links":{"self":[{"href":"https:\/\/planejeasfinancas.com.br\/tl\/wp-json\/wp\/v2\/pages\/12569","targetHints":{"allow":["GET"]}}],"collection":[{"href":"https:\/\/planejeasfinancas.com.br\/tl\/wp-json\/wp\/v2\/pages"}],"about":[{"href":"https:\/\/planejeasfinancas.com.br\/tl\/wp-json\/wp\/v2\/types\/page"}],"author":[{"embeddable":true,"href":"https:\/\/planejeasfinancas.com.br\/tl\/wp-json\/wp\/v2\/users\/4"}],"replies":[{"embeddable":true,"href":"https:\/\/planejeasfinancas.com.br\/tl\/wp-json\/wp\/v2\/comments?post=12569"}],"version-history":[{"count":1,"href":"https:\/\/planejeasfinancas.com.br\/tl\/wp-json\/wp\/v2\/pages\/12569\/revisions"}],"predecessor-version":[{"id":12570,"href":"https:\/\/planejeasfinancas.com.br\/tl\/wp-json\/wp\/v2\/pages\/12569\/revisions\/12570"}],"wp:attachment":[{"href":"https:\/\/planejeasfinancas.com.br\/tl\/wp-json\/wp\/v2\/media?parent=12569"}],"curies":[{"name":"wp","href":"https:\/\/api.w.org\/{rel}","templated":true}]}}