{"id":12569,"date":"2025-02-19T15:43:14","date_gmt":"2025-02-19T15:43:14","guid":{"rendered":"https:\/\/planejeasfinancas.com.br\/?page_id=12569"},"modified":"2025-02-19T15:43:14","modified_gmt":"2025-02-19T15:43:14","slug":"termos-e-condicoes","status":"publish","type":"page","link":"https:\/\/planejeasfinancas.com.br\/tr\/termos-e-condicoes\/","title":{"rendered":"\u015eartlar ve ko\u015fullar"},"content":{"rendered":"<html><body><p>Web sitesine eri\u015firken\u00a0<a href=\"https:\/\/politicaprivacidade.com\/planejeasfinancas.com.br\">Finansman\u0131n\u0131z\u0131 Planlay\u0131n<\/a>, bu hizmet \u015fartlar\u0131na, t\u00fcm ge\u00e7erli yasa ve d\u00fczenlemelere uymay\u0131 kabul edersiniz ve t\u00fcm ge\u00e7erli yerel yasalara uymaktan sorumlu oldu\u011funuzu kabul edersiniz. Bu \u015fartlardan herhangi birini kabul etmiyorsan\u0131z, bu siteyi kullanman\u0131z veya siteye eri\u015fmeniz yasakt\u0131r. Bu web sitesinde yer alan materyaller ge\u00e7erli telif hakk\u0131 ve ticari marka kanunlar\u0131 ile korunmaktad\u0131r.<\/p>\n\n\n\n<h2 class=\"wp-block-heading\">2. Lisans Kullan\u0131m\u0131<\/h2>\n\n\n\n<p>Planeje as Finan\u00e7as&#039;\u0131n web sitesinde yer alan materyallerin (bilgi veya yaz\u0131l\u0131m) yaln\u0131zca ki\u015fisel, ticari olmayan ge\u00e7ici g\u00f6r\u00fcnt\u00fcleme amac\u0131yla ge\u00e7ici olarak bir kopyas\u0131n\u0131n indirilmesine izin verilmektedir. Bu bir lisans verilmesidir, m\u00fclkiyetin devri de\u011fildir ve bu lisans kapsam\u0131nda \u015funlar\u0131 yapamazs\u0131n\u0131z:\u00a0<\/p>\n\n\n\n<ol class=\"wp-block-list\">\n<li>materyalleri de\u011fi\u015ftirmek veya kopyalamak;\u00a0<\/li>\n\n\n\n<li>Malzemeleri herhangi bir ticari ama\u00e7 i\u00e7in veya herhangi bir kamu g\u00f6sterimi i\u00e7in (ticari veya ticari olmayan) kullanmak;\u00a0<\/li>\n\n\n\n<li>Planeje as Finan\u00e7as web sitesinde bulunan herhangi bir yaz\u0131l\u0131m\u0131n derlemesini \u00e7\u00f6zmeye veya tersine m\u00fchendislik uygulamaya \u00e7al\u0131\u015fmak;\u00a0<\/li>\n\n\n\n<li>materyallerden herhangi bir telif hakk\u0131n\u0131 veya di\u011fer m\u00fclkiyet kay\u0131tlar\u0131n\u0131 kald\u0131rmak; veya\u00a0<\/li>\n\n\n\n<li>Materyalleri ba\u015fka bir ki\u015fiye aktaramaz veya ba\u015fka bir sunucuda &#039;yans\u0131tamazs\u0131n\u0131z&#039;.<\/li>\n<\/ol>\n\n\n\n<p>Bu lisans, bu k\u0131s\u0131tlamalardan herhangi birini ihlal etmeniz durumunda otomatik olarak sona erer ve Planeje as Finan\u00e7as taraf\u0131ndan herhangi bir zamanda sonland\u0131r\u0131labilir. Bu materyalleri g\u00f6r\u00fcnt\u00fclemeyi sonland\u0131rd\u0131\u011f\u0131n\u0131zda veya bu lisans\u0131n sona ermesi \u00fczerine, elektronik veya bas\u0131l\u0131 formatta olsun, elinizde bulunan t\u00fcm indirilmi\u015f materyalleri imha etmelisiniz.<\/p>\n\n\n\n<h2 class=\"wp-block-heading\">3. Sorumluluk Reddi<\/h2>\n\n\n\n<ol class=\"wp-block-list\">\n<li>Planeje as Finan\u00e7as&#039;\u0131n internet sitesinde yer alan materyaller &#039;oldu\u011fu gibi&#039; sunulmaktad\u0131r. Planeje as Finan\u00e7as, a\u00e7\u0131k veya z\u0131mni hi\u00e7bir garanti vermez ve pazarlanabilirlik, belirli bir amaca uygunluk veya fikri m\u00fclkiyetin ihlal edilmemesi veya di\u011fer hak ihlalleri dahil ancak bunlarla s\u0131n\u0131rl\u0131 olmamak \u00fczere t\u00fcm di\u011fer garantileri reddeder ve ge\u00e7ersiz k\u0131lar.<\/li>\n\n\n\n<li>Ayr\u0131ca, Planeje as Finan\u00e7as, web sitesinde yer alan materyallerin veya bu materyallerle veya bu siteye ba\u011fl\u0131 herhangi bir siteyle ilgili olarak kullan\u0131m\u0131n\u0131n do\u011frulu\u011fu, muhtemel sonu\u00e7lar\u0131 veya g\u00fcvenilirli\u011fi konusunda hi\u00e7bir garanti vermez veya beyanda bulunmaz.<\/li>\n<\/ol>\n\n\n\n<h2 class=\"wp-block-heading\">4. S\u0131n\u0131rlamalar<\/h2>\n\n\n\n<p>Planeje as Finan\u00e7as veya tedarik\u00e7ileri, Planeje as Finan\u00e7as&#039;\u0131n \u0130nternet sitesinde yer alan materyallerin kullan\u0131m\u0131ndan veya kullan\u0131lamamas\u0131ndan kaynaklanan hi\u00e7bir zarardan (veri veya kar kayb\u0131 veya i\u015f kesintisi nedeniyle olu\u015fan zararlar dahil ancak bunlarla s\u0131n\u0131rl\u0131 olmamak \u00fczere) sorumlu tutulamaz; Planeje as Finan\u00e7as veya Planeje as Finan\u00e7as&#039;\u0131n yetkili bir temsilcisine s\u00f6z konusu zarar olas\u0131l\u0131\u011f\u0131 s\u00f6zl\u00fc veya yaz\u0131l\u0131 olarak bildirilmi\u015f olsa dahi bu durum ge\u00e7erlidir. Baz\u0131 yarg\u0131 b\u00f6lgeleri z\u0131mni garantilere ili\u015fkin s\u0131n\u0131rlamalara veya dolayl\u0131 veya tesad\u00fcfi zararlara ili\u015fkin sorumluluk s\u0131n\u0131rlamalar\u0131na izin vermedi\u011finden, bu s\u0131n\u0131rlamalar sizin i\u00e7in ge\u00e7erli olmayabilir.<\/p>\n\n\n\n<h2 class=\"wp-block-heading\">5. Malzemelerin do\u011frulu\u011fu<\/h2>\n\n\n\n<p>Planeje as Finan\u00e7as&#039;\u0131n internet sitesinde g\u00f6r\u00fcnt\u00fclenen materyaller teknik, tipografik veya foto\u011frafik hatalar i\u00e7erebilir. Planeje as Finan\u00e7as, web sitesinde yer alan hi\u00e7bir materyalin do\u011fru, eksiksiz veya g\u00fcncel oldu\u011funu garanti etmemektedir. Planeje as Finan\u00e7as, web sitesinde yer alan materyallerde herhangi bir bildirimde bulunmaks\u0131z\u0131n her zaman de\u011fi\u015fiklik yapabilir. Ancak Planeje as Finan\u00e7as, materyalleri g\u00fcncelleme konusunda herhangi bir taahh\u00fctte bulunmamaktad\u0131r.<\/p>\n\n\n\n<h2 class=\"wp-block-heading\">6. Ba\u011flant\u0131lar<\/h2>\n\n\n\n<p>Planeje as Finan\u00e7as, web sitesine ba\u011fl\u0131 sitelerin tamam\u0131n\u0131 incelememi\u015ftir ve bu t\u00fcr ba\u011fl\u0131 sitelerin i\u00e7eri\u011finden sorumlu de\u011fildir. Herhangi bir ba\u011flant\u0131n\u0131n eklenmesi Planeje as Finan\u00e7as&#039;\u0131n siteyi onaylad\u0131\u011f\u0131 anlam\u0131na gelmez. Ba\u011flant\u0131l\u0131 herhangi bir web sitesinin kullan\u0131m\u0131 kullan\u0131c\u0131n\u0131n kendi sorumlulu\u011fundad\u0131r.<\/p>\n\n\n\n<h3 class=\"wp-block-heading\">De\u011fi\u015fiklikler<\/h3>\n\n\n\n<p>Planeje as Finan\u00e7as, bu web sitesi hizmet \u015fartlar\u0131n\u0131 herhangi bir zamanda \u00f6nceden haber vermeden de\u011fi\u015ftirebilir. Bu web sitesini kullanarak, bu hizmet \u015fartlar\u0131n\u0131n o anki g\u00fcncel versiyonuna ba\u011fl\u0131 kalmay\u0131 kabul etmi\u015f olursunuz.<\/p>\n\n\n\n<h3 class=\"wp-block-heading\">Uygulanacak hukuk<\/h3>\n\n\n\n<p>Bu h\u00fck\u00fcm ve ko\u015fullar, Planeje as Finan\u00e7as yasalar\u0131na tabidir ve bu yasalara uygun \u015fekilde yorumlan\u0131r ve siz geri d\u00f6n\u00fclemez bir \u015fekilde s\u00f6z konusu Devlet veya konumdaki mahkemelerin m\u00fcnhas\u0131r yarg\u0131 yetkisine tabi olursunuz.<\/p>\n<\/body><\/html>","protected":false},"excerpt":{"rendered":"<p>Ao acessar ao site\u00a0Planeje as Finan\u00e7as, concorda em cumprir estes termos de servi\u00e7o, todas as leis e regulamentos aplic\u00e1veis \u200b\u200be concorda que \u00e9 respons\u00e1vel pelo cumprimento de todas as leis locais aplic\u00e1veis. Se voc\u00ea n\u00e3o concordar com algum desses termos, est\u00e1 proibido de usar ou acessar este site. Os materiais contidos neste site s\u00e3o protegidos [&hellip;]<\/p>\n","protected":false},"author":4,"featured_media":0,"parent":0,"menu_order":0,"comment_status":"closed","ping_status":"closed","template":"","meta":{"footnotes":""},"class_list":["post-12569","page","type-page","status-publish","hentry"],"_links":{"self":[{"href":"https:\/\/planejeasfinancas.com.br\/tr\/wp-json\/wp\/v2\/pages\/12569","targetHints":{"allow":["GET"]}}],"collection":[{"href":"https:\/\/planejeasfinancas.com.br\/tr\/wp-json\/wp\/v2\/pages"}],"about":[{"href":"https:\/\/planejeasfinancas.com.br\/tr\/wp-json\/wp\/v2\/types\/page"}],"author":[{"embeddable":true,"href":"https:\/\/planejeasfinancas.com.br\/tr\/wp-json\/wp\/v2\/users\/4"}],"replies":[{"embeddable":true,"href":"https:\/\/planejeasfinancas.com.br\/tr\/wp-json\/wp\/v2\/comments?post=12569"}],"version-history":[{"count":1,"href":"https:\/\/planejeasfinancas.com.br\/tr\/wp-json\/wp\/v2\/pages\/12569\/revisions"}],"predecessor-version":[{"id":12570,"href":"https:\/\/planejeasfinancas.com.br\/tr\/wp-json\/wp\/v2\/pages\/12569\/revisions\/12570"}],"wp:attachment":[{"href":"https:\/\/planejeasfinancas.com.br\/tr\/wp-json\/wp\/v2\/media?parent=12569"}],"curies":[{"name":"wp","href":"https:\/\/api.w.org\/{rel}","templated":true}]}}