{"id":3,"date":"2025-02-19T14:27:01","date_gmt":"2025-02-19T14:27:01","guid":{"rendered":"https:\/\/planejeasfinancas.com.br\/?page_id=3"},"modified":"2025-02-19T15:42:45","modified_gmt":"2025-02-19T15:42:45","slug":"privacy-policy","status":"publish","type":"page","link":"https:\/\/planejeasfinancas.com.br\/ur\/privacy-policy\/","title":{"rendered":"\u0631\u0627\u0632\u062f\u0627\u0631\u06cc \u06a9\u06cc \u067e\u0627\u0644\u06cc\u0633\u06cc"},"content":{"rendered":"<html><body><p>\u0622\u067e \u06a9\u06cc \u0631\u0627\u0632\u062f\u0627\u0631\u06cc \u06c1\u0645\u0627\u0631\u06d2 \u0644\u06cc\u06d2 \u0627\u06c1\u0645 \u06c1\u06d2\u06d4 \u06cc\u06c1 Planeje \u0628\u0637\u0648\u0631 Finan\u00e7as \u06a9\u06cc \u067e\u0627\u0644\u06cc\u0633\u06cc \u06c1\u06d2 \u06a9\u06c1 \u0648\u06c1 \u06a9\u0633\u06cc \u0628\u06be\u06cc \u0645\u0639\u0644\u0648\u0645\u0627\u062a \u06a9\u06d2 \u0628\u0627\u0631\u06d2 \u0645\u06cc\u06ba \u0622\u067e \u06a9\u06cc \u0631\u0627\u0632\u062f\u0627\u0631\u06cc \u06a9\u0627 \u0627\u062d\u062a\u0631\u0627\u0645 \u06a9\u0631\u06d2 \u062c\u0648 \u06c1\u0645 \u0622\u067e \u0633\u06d2 \u0627\u067e\u0646\u06cc \u0648\u06cc\u0628 \u0633\u0627\u0626\u0679 \u067e\u0631 \u062c\u0645\u0639 \u06a9\u0631 \u0633\u06a9\u062a\u06d2 \u06c1\u06cc\u06ba\u06d4\u00a0<a href=\"https:\/\/politicaprivacidade.com\/planejeasfinancas.com.br\">\u0627\u067e\u0646\u06d2 \u0645\u0627\u0644\u06cc\u0627\u062a \u06a9\u06cc \u0645\u0646\u0635\u0648\u0628\u06c1 \u0628\u0646\u062f\u06cc \u06a9\u0631\u06cc\u06ba\u06d4<\/a>\u0627\u0648\u0631 \u062f\u06cc\u06af\u0631 \u0648\u06cc\u0628 \u0633\u0627\u0626\u0679\u0633 \u062c\u0648 \u06c1\u0645 \u0645\u0627\u0644\u06a9 \u06c1\u06cc\u06ba \u0627\u0648\u0631 \u0686\u0644\u0627\u062a\u06d2 \u06c1\u06cc\u06ba\u06d4<\/p>\n\n\n\n<p>\u06c1\u0645 \u0630\u0627\u062a\u06cc \u0645\u0639\u0644\u0648\u0645\u0627\u062a \u0635\u0631\u0641 \u0627\u0633 \u0648\u0642\u062a \u0645\u0627\u0646\u06af\u062a\u06d2 \u06c1\u06cc\u06ba \u062c\u0628 \u06c1\u0645\u06cc\u06ba \u0648\u0627\u0642\u0639\u06cc \u0622\u067e \u06a9\u0648 \u062e\u062f\u0645\u062a \u0641\u0631\u0627\u06c1\u0645 \u06a9\u0631\u0646\u06d2 \u06a9\u06d2 \u0644\u06cc\u06d2 \u0627\u0633 \u06a9\u06cc \u0636\u0631\u0648\u0631\u062a \u06c1\u0648\u06d4 \u06c1\u0645 \u0622\u067e \u06a9\u06d2 \u0639\u0644\u0645 \u0627\u0648\u0631 \u0631\u0636\u0627\u0645\u0646\u062f\u06cc \u06a9\u06d2 \u0633\u0627\u062a\u06be \u0645\u0646\u0635\u0641\u0627\u0646\u06c1 \u0627\u0648\u0631 \u0642\u0627\u0646\u0648\u0646\u06cc \u0637\u0631\u06cc\u0642\u0648\u06ba \u0633\u06d2 \u0627\u06cc\u0633\u0627 \u06a9\u0631\u062a\u06d2 \u06c1\u06cc\u06ba\u06d4 \u06c1\u0645 \u0622\u067e \u06a9\u0648 \u06cc\u06c1 \u0628\u06be\u06cc \u0628\u062a\u0627\u062a\u06d2 \u06c1\u06cc\u06ba \u06a9\u06c1 \u06c1\u0645 \u0627\u0633\u06d2 \u06a9\u06cc\u0648\u06ba \u062c\u0645\u0639 \u06a9\u0631 \u0631\u06c1\u06d2 \u06c1\u06cc\u06ba \u0627\u0648\u0631 \u0627\u0633\u06d2 \u06a9\u06cc\u0633\u06d2 \u0627\u0633\u062a\u0639\u0645\u0627\u0644 \u06a9\u06cc\u0627 \u062c\u0627\u0626\u06d2 \u06af\u0627\u06d4<\/p>\n\n\n\n<p>\u0622\u067e \u06a9\u0648 \u0622\u067e \u06a9\u06cc \u062f\u0631\u062e\u0648\u0627\u0633\u062a \u06a9\u0631\u062f\u06c1 \u0633\u0631\u0648\u0633 \u0641\u0631\u0627\u06c1\u0645 \u06a9\u0631\u0646\u06d2 \u06a9\u06d2 \u0644\u06cc\u06d2 \u06c1\u0645 \u0635\u0631\u0641 \u0627\u0633 \u0648\u0642\u062a \u062a\u06a9 \u062c\u0645\u0639 \u06a9\u06cc \u06af\u0626\u06cc \u0645\u0639\u0644\u0648\u0645\u0627\u062a \u06a9\u0648 \u0628\u0631\u0642\u0631\u0627\u0631 \u0631\u06a9\u06be\u062a\u06d2 \u06c1\u06cc\u06ba\u06d4 \u06c1\u0645 \u062c\u0648 \u0688\u06cc\u0679\u0627 \u0627\u0633\u0679\u0648\u0631 \u06a9\u0631\u062a\u06d2 \u06c1\u06cc\u06ba\u060c \u06c1\u0645 \u0646\u0642\u0635\u0627\u0646 \u0627\u0648\u0631 \u0686\u0648\u0631\u06cc \u06a9\u0648 \u0631\u0648\u06a9\u0646\u06d2 \u06a9\u06d2 \u0644\u06cc\u06d2 \u062a\u062c\u0627\u0631\u062a\u06cc \u0637\u0648\u0631 \u067e\u0631 \u0642\u0627\u0628\u0644 \u0642\u0628\u0648\u0644 \u0630\u0631\u0627\u0626\u0639 \u06a9\u06d2 \u0633\u0627\u062a\u06be \u0633\u0627\u062a\u06be \u063a\u06cc\u0631 \u0645\u062c\u0627\u0632 \u0631\u0633\u0627\u0626\u06cc\u060c \u0627\u0641\u0634\u0627\u0621\u060c \u06a9\u0627\u067e\u06cc\u060c \u0627\u0633\u062a\u0639\u0645\u0627\u0644 \u06cc\u0627 \u062a\u0631\u0645\u06cc\u0645 \u0633\u06d2 \u062d\u0641\u0627\u0638\u062a \u06a9\u0631\u06cc\u06ba \u06af\u06d2\u06d4<\/p>\n\n\n\n<p>\u06c1\u0645 \u06a9\u0633\u06cc \u0628\u06be\u06cc \u0630\u0627\u062a\u06cc \u0637\u0648\u0631 \u067e\u0631 \u0634\u0646\u0627\u062e\u062a \u06a9\u0631\u0646\u06d2 \u0648\u0627\u0644\u06cc \u0645\u0639\u0644\u0648\u0645\u0627\u062a \u06a9\u0648 \u0639\u0648\u0627\u0645\u06cc \u0637\u0648\u0631 \u067e\u0631 \u06cc\u0627 \u0641\u0631\u06cc\u0642 \u062b\u0627\u0644\u062b \u06a9\u06d2 \u0633\u0627\u062a\u06be \u0634\u06cc\u0626\u0631 \u0646\u06c1\u06cc\u06ba \u06a9\u0631\u062a\u06d2 \u06c1\u06cc\u06ba\u060c \u0633\u0648\u0627\u0626\u06d2 \u0627\u0633 \u06a9\u06d2 \u06a9\u06c1 \u062c\u0628 \u0642\u0627\u0646\u0648\u0646 \u06a9\u06cc \u0636\u0631\u0648\u0631\u062a \u06c1\u0648\u06d4<\/p>\n\n\n\n<p>\u06c1\u0645\u0627\u0631\u06cc \u0648\u06cc\u0628 \u0633\u0627\u0626\u0679 \u0628\u06cc\u0631\u0648\u0646\u06cc \u0648\u06cc\u0628 \u0633\u0627\u0626\u0679\u0633 \u06a9\u06d2 \u0644\u0646\u06a9\u0633 \u067e\u0631 \u0645\u0634\u062a\u0645\u0644 \u06c1\u0648\u0633\u06a9\u062a\u06cc \u06c1\u06d2 \u062c\u0648 \u06c1\u0645\u0627\u0631\u06d2 \u0630\u0631\u06cc\u0639\u06c1 \u0646\u06c1\u06cc\u06ba \u0686\u0644\u0627\u0626\u06cc \u062c\u0627\u062a\u06cc \u06c1\u06cc\u06ba\u06d4 \u0628\u0631\u0627\u06c1 \u06a9\u0631\u0645 \u0622\u06af\u0627\u06c1 \u0631\u06c1\u06cc\u06ba \u06a9\u06c1 \u0627\u0646 \u0633\u0627\u0626\u0679\u0633 \u06a9\u06d2 \u0645\u0648\u0627\u062f \u0627\u0648\u0631 \u0637\u0631\u06cc\u0642\u0648\u06ba \u067e\u0631 \u06c1\u0645\u0627\u0631\u0627 \u06a9\u0648\u0626\u06cc \u06a9\u0646\u0679\u0631\u0648\u0644 \u0646\u06c1\u06cc\u06ba \u06c1\u06d2 \u0627\u0648\u0631 \u06c1\u0645 \u0627\u0646 \u06a9\u06cc \u0645\u062a\u0639\u0644\u0642\u06c1 \u0630\u0645\u06c1 \u062f\u0627\u0631\u06cc \u0642\u0628\u0648\u0644 \u0646\u06c1\u06cc\u06ba \u06a9\u0631 \u0633\u06a9\u062a\u06d2\u00a0<a href=\"https:\/\/politicaprivacidade.com\/\" rel=\"noreferrer noopener\" target=\"_blank\">\u0631\u0627\u0632\u062f\u0627\u0631\u06cc \u06a9\u06cc \u067e\u0627\u0644\u06cc\u0633\u06cc\u0627\u06ba<\/a>.<\/p>\n\n\n\n<p>\u0622\u067e \u0627\u067e\u0646\u06cc \u0630\u0627\u062a\u06cc \u0645\u0639\u0644\u0648\u0645\u0627\u062a \u06a9\u06d2 \u0644\u06cc\u06d2 \u06c1\u0645\u0627\u0631\u06cc \u062f\u0631\u062e\u0648\u0627\u0633\u062a \u06a9\u0648 \u0645\u0633\u062a\u0631\u062f \u06a9\u0631\u0646\u06d2 \u06a9\u06d2 \u0644\u06cc\u06d2 \u0622\u0632\u0627\u062f \u06c1\u06cc\u06ba\u060c \u0627\u0633 \u0633\u0645\u062c\u06be \u06a9\u06d2 \u0633\u0627\u062a\u06be \u06a9\u06c1 \u06c1\u0645 \u0622\u067e \u06a9\u0648 \u0622\u067e \u06a9\u06cc \u06a9\u0686\u06be \u0645\u0637\u0644\u0648\u0628\u06c1 \u062e\u062f\u0645\u0627\u062a \u0641\u0631\u0627\u06c1\u0645 \u06a9\u0631\u0646\u06d2 \u0633\u06d2 \u0642\u0627\u0635\u0631 \u06c1\u06cc\u06ba\u06d4<\/p>\n\n\n\n<p>\u06c1\u0645\u0627\u0631\u06cc \u0648\u06cc\u0628 \u0633\u0627\u0626\u0679 \u06a9\u06d2 \u0622\u067e \u06a9\u06d2 \u0645\u0633\u0644\u0633\u0644 \u0627\u0633\u062a\u0639\u0645\u0627\u0644 \u06a9\u0648 \u0631\u0627\u0632\u062f\u0627\u0631\u06cc \u0627\u0648\u0631 \u0630\u0627\u062a\u06cc \u0645\u0639\u0644\u0648\u0645\u0627\u062a \u06a9\u06d2 \u0628\u0627\u0631\u06d2 \u0645\u06cc\u06ba \u06c1\u0645\u0627\u0631\u06d2 \u0637\u0631\u06cc\u0642\u0648\u06ba \u06a9\u06cc \u0642\u0628\u0648\u0644\u06cc\u062a \u06a9\u06d2 \u0637\u0648\u0631 \u067e\u0631 \u0633\u0645\u062c\u06be\u0627 \u062c\u0627\u0626\u06d2 \u06af\u0627\u06d4 \u0627\u06af\u0631 \u0622\u067e \u06a9\u06d2 \u067e\u0627\u0633 \u0627\u0633 \u0628\u0627\u0631\u06d2 \u0645\u06cc\u06ba \u06a9\u0648\u0626\u06cc \u0633\u0648\u0627\u0644 \u06c1\u06d2 \u06a9\u06c1 \u06c1\u0645 \u0635\u0627\u0631\u0641 \u06a9\u06d2 \u0688\u06cc\u0679\u0627 \u0627\u0648\u0631 \u0630\u0627\u062a\u06cc \u0645\u0639\u0644\u0648\u0645\u0627\u062a \u06a9\u0648 \u06a9\u06cc\u0633\u06d2 \u06c1\u06cc\u0646\u0688\u0644 \u06a9\u0631\u062a\u06d2 \u06c1\u06cc\u06ba\u060c \u062a\u0648 \u0628\u0631\u0627\u06c1 \u06a9\u0631\u0645 \u06c1\u0645 \u0633\u06d2 \u0631\u0627\u0628\u0637\u06c1 \u06a9\u0631\u06cc\u06ba\u06d4<\/p>\n\n\n\n<ul class=\"wp-block-list\">\n<li>\u06af\u0648\u06af\u0644 \u0627\u06cc\u0688\u0633\u06cc\u0646\u0633 \u0633\u0631\u0648\u0633 \u062c\u0633\u06d2 \u06c1\u0645 \u0627\u0634\u062a\u06c1\u0627\u0631 \u067e\u06cc\u0634 \u06a9\u0631\u0646\u06d2 \u06a9\u06d2 \u0644\u06cc\u06d2 \u0627\u0633\u062a\u0639\u0645\u0627\u0644 \u06a9\u0631\u062a\u06d2 \u06c1\u06cc\u06ba \u0648\u06c1 \u067e\u0648\u0631\u06d2 \u0648\u06cc\u0628 \u067e\u0631 \u0645\u0632\u06cc\u062f \u0645\u062a\u0639\u0644\u0642\u06c1 \u0627\u0634\u062a\u06c1\u0627\u0631\u0627\u062a \u067e\u06cc\u0634 \u06a9\u0631\u0646\u06d2 \u06a9\u06d2 \u0644\u06cc\u06d2 \u0688\u0628\u0644 \u06a9\u0644\u06a9 \u06a9\u0648\u06a9\u06cc \u06a9\u0627 \u0627\u0633\u062a\u0639\u0645\u0627\u0644 \u06a9\u0631\u062a\u06cc \u06c1\u06d2 \u0627\u0648\u0631 \u0622\u067e \u06a9\u0648 \u062f\u06cc\u06d2 \u06af\u0626\u06d2 \u0627\u0634\u062a\u06c1\u0627\u0631 \u06a9\u06cc \u062a\u0639\u062f\u0627\u062f \u06a9\u0648 \u0645\u062d\u062f\u0648\u062f \u06a9\u0631\u062a\u06cc \u06c1\u06d2\u06d4<\/li>\n\n\n\n<li>\u06af\u0648\u06af\u0644 \u0627\u06cc\u0688\u0633\u06cc\u0646\u0633 \u06a9\u06d2 \u0628\u0627\u0631\u06d2 \u0645\u06cc\u06ba \u0645\u0632\u06cc\u062f \u0645\u0639\u0644\u0648\u0645\u0627\u062a \u06a9\u06d2 \u0644\u06cc\u06d2\u060c \u0622\u0641\u06cc\u0634\u0644 \u06af\u0648\u06af\u0644 \u0627\u06cc\u0688\u0633\u06cc\u0646\u0633 \u067e\u0631\u0627\u0626\u06cc\u0648\u06cc\u0633\u06cc FAQs \u062f\u06cc\u06a9\u06be\u06cc\u06ba\u06d4<\/li>\n\n\n\n<li>\u06c1\u0645 \u0627\u0633 \u0648\u06cc\u0628 \u0633\u0627\u0626\u0679 \u06a9\u0648 \u0686\u0644\u0627\u0646\u06d2 \u06a9\u06d2 \u0627\u062e\u0631\u0627\u062c\u0627\u062a \u06a9\u0648 \u067e\u0648\u0631\u0627 \u06a9\u0631\u0646\u06d2 \u0627\u0648\u0631 \u0645\u0633\u062a\u0642\u0628\u0644 \u06a9\u06cc \u062a\u0631\u0642\u06cc \u06a9\u06d2 \u0644\u06cc\u06d2 \u0641\u0646\u0688 \u0641\u0631\u0627\u06c1\u0645 \u06a9\u0631\u0646\u06d2 \u06a9\u06d2 \u0644\u06cc\u06d2 \u0627\u0634\u062a\u06c1\u0627\u0631\u0627\u062a \u06a9\u0627 \u0627\u0633\u062a\u0639\u0645\u0627\u0644 \u06a9\u0631\u062a\u06d2 \u06c1\u06cc\u06ba\u06d4 \u0627\u0633 \u0633\u0627\u0626\u0679 \u06a9\u06d2 \u0630\u0631\u06cc\u0639\u06c1 \u0627\u0633\u062a\u0639\u0645\u0627\u0644 \u06a9\u0631\u062f\u06c1 \u0637\u0631\u0632 \u0639\u0645\u0644 \u06a9\u06cc \u0627\u0634\u062a\u06c1\u0627\u0631\u06cc \u06a9\u0648\u06a9\u06cc\u0632 \u06a9\u0648 \u0627\u0633 \u0628\u0627\u062a \u06a9\u0648 \u06cc\u0642\u06cc\u0646\u06cc \u0628\u0646\u0627\u0646\u06d2 \u06a9\u06d2 \u0644\u06cc\u06d2 \u0688\u06cc\u0632\u0627\u0626\u0646 \u06a9\u06cc\u0627 \u06af\u06cc\u0627 \u06c1\u06d2 \u06a9\u06c1 \u06c1\u0645 \u0622\u067e \u06a9\u0648 \u062c\u06c1\u0627\u06ba \u0645\u0645\u06a9\u0646 \u06c1\u0648 \u0622\u067e \u06a9\u06cc \u062f\u0644\u0686\u0633\u067e\u06cc\u0648\u06ba \u06a9\u0648 \u06af\u0645\u0646\u0627\u0645 \u0637\u0648\u0631 \u067e\u0631 \u0679\u0631\u06cc\u06a9 \u06a9\u0631\u06a9\u06d2 \u0627\u0648\u0631 \u0627\u0633\u06cc \u0637\u0631\u062d \u06a9\u06cc \u0686\u06cc\u0632\u06cc\u06ba \u067e\u06cc\u0634 \u06a9\u0631\u062a\u06d2 \u06c1\u06cc\u06ba \u062c\u0648 \u062f\u0644\u0686\u0633\u067e\u06cc \u06a9\u06cc \u06c1\u0648\u0633\u06a9\u062a\u06cc \u06c1\u06cc\u06ba\u06d4<\/li>\n\n\n\n<li>\u06a9\u0626\u06cc \u067e\u0627\u0631\u0679\u0646\u0631\u0632 \u06c1\u0645\u0627\u0631\u06cc \u062c\u0627\u0646\u0628 \u0633\u06d2 \u0627\u0634\u062a\u06c1\u0627\u0631 \u062f\u06cc\u062a\u06d2 \u06c1\u06cc\u06ba \u0627\u0648\u0631 \u0645\u0644\u062d\u0642\u06c1 \u0679\u0631\u06cc\u06a9\u0646\u06af \u06a9\u0648\u06a9\u06cc\u0632 \u06c1\u0645\u06cc\u06ba \u06cc\u06c1 \u062f\u06cc\u06a9\u06be\u0646\u06d2 \u06a9\u06cc \u0627\u062c\u0627\u0632\u062a \u062f\u06cc\u062a\u06d2 \u06c1\u06cc\u06ba \u06a9\u06c1 \u0622\u06cc\u0627 \u06c1\u0645\u0627\u0631\u06d2 \u06af\u0627\u06c1\u06a9 \u06c1\u0645\u0627\u0631\u06cc \u067e\u0627\u0631\u0679\u0646\u0631 \u0633\u0627\u0626\u0679\u0633 \u0645\u06cc\u06ba \u0633\u06d2 \u06a9\u0633\u06cc \u06a9\u06d2 \u0630\u0631\u06cc\u0639\u06d2 \u0633\u0627\u0626\u0679 \u067e\u0631 \u0622\u0626\u06d2 \u06c1\u06cc\u06ba \u062a\u0627\u06a9\u06c1 \u06c1\u0645 \u0627\u0646\u06c1\u06cc\u06ba \u0645\u0646\u0627\u0633\u0628 \u0637\u0648\u0631 \u067e\u0631 \u06a9\u0631\u06cc\u0688\u0679 \u06a9\u0631 \u0633\u06a9\u06cc\u06ba \u0627\u0648\u0631 \u062c\u06c1\u0627\u06ba \u0642\u0627\u0628\u0644 \u0627\u0637\u0644\u0627\u0642 \u06c1\u0648\u060c \u06c1\u0645\u0627\u0631\u06d2 \u0645\u0644\u062d\u0642\u06c1 \u067e\u0627\u0631\u0679\u0646\u0631\u0632 \u06a9\u0648 \u06a9\u0648\u0626\u06cc \u0628\u06be\u06cc \u0628\u0648\u0646\u0633 \u0641\u0631\u0627\u06c1\u0645 \u06a9\u0631\u0646\u06d2 \u06a9\u06cc \u0627\u062c\u0627\u0632\u062a \u062f\u06cc\u06ba \u062c\u0648 \u0648\u06c1 \u0622\u067e \u06a9\u0648 \u062e\u0631\u06cc\u062f\u0627\u0631\u06cc \u06a9\u06d2 \u0644\u06cc\u06d2 \u0641\u0631\u0627\u06c1\u0645 \u06a9\u0631 \u0633\u06a9\u062a\u06d2 \u06c1\u06cc\u06ba\u06d4<\/li>\n<\/ul>\n\n\n\n<h3 class=\"wp-block-heading\">\u0635\u0627\u0631\u0641 \u06a9\u0627 \u0639\u0632\u0645<\/h3>\n\n\n\n<p>\u0635\u0627\u0631\u0641 \u0627\u0633 \u0645\u0648\u0627\u062f \u0627\u0648\u0631 \u0645\u0639\u0644\u0648\u0645\u0627\u062a \u06a9\u0627 \u0645\u0646\u0627\u0633\u0628 \u0627\u0633\u062a\u0639\u0645\u0627\u0644 \u06a9\u0631\u0646\u06d2 \u06a9\u0627 \u0639\u06c1\u062f \u06a9\u0631\u062a\u0627 \u06c1\u06d2 \u062c\u0648 Planeje as Finan\u00e7as \u0648\u06cc\u0628 \u0633\u0627\u0626\u0679 \u067e\u0631 \u067e\u06cc\u0634 \u06a9\u0631\u062a\u0627 \u06c1\u06d2 \u0627\u0648\u0631 \u0645\u062b\u0627\u0644 \u06a9\u06d2 \u0637\u0648\u0631 \u067e\u0631 \u0644\u06cc\u06a9\u0646 \u0627\u0646 \u062a\u06a9 \u0645\u062d\u062f\u0648\u062f \u0646\u06c1\u06cc\u06ba:<\/p>\n\n\n\n<ul class=\"wp-block-list\">\n<li>\u0627\u0644\u0641) \u0627\u06cc\u0633\u06cc \u0633\u0631\u06af\u0631\u0645\u06cc\u0648\u06ba \u0645\u06cc\u06ba \u0645\u0644\u0648\u062b \u0646\u06c1 \u06c1\u0648\u0646\u0627 \u062c\u0648 \u063a\u06cc\u0631 \u0642\u0627\u0646\u0648\u0646\u06cc \u06c1\u0648\u06ba \u06cc\u0627 \u0646\u06cc\u06a9 \u0646\u06cc\u062a\u06cc \u0627\u0648\u0631 \u0627\u0645\u0646 \u0639\u0627\u0645\u06c1 \u06a9\u06d2 \u062e\u0644\u0627\u0641 \u06c1\u0648\u06ba\u06d4<\/li>\n\n\n\n<li>\u0628) \u0646\u0633\u0644 \u067e\u0631\u0633\u062a\u0627\u0646\u06c1\u060c \u0632\u06cc\u0646\u0648\u0641\u0648\u0628\u06a9 \u0646\u0648\u0639\u06cc\u062a \u06a9\u06d2 \u067e\u0631\u0648\u067e\u06cc\u06af\u0646\u0688\u06d2 \u06cc\u0627 \u0645\u0648\u0627\u062f \u06a9\u0648 \u067e\u06be\u06cc\u0644\u0627\u0646\u0627 \u0646\u06c1\u06cc\u06ba\u060c\u00a0<a href=\"https:\/\/betnacionalbrasil.br.com\/\">\u0642\u0648\u0645\u06cc \u0634\u0631\u0637<\/a>\u00a0\u06cc\u0627 \u0628\u062f\u0642\u0633\u0645\u062a\u06cc\u060c \u06a9\u0633\u06cc \u0628\u06be\u06cc \u0642\u0633\u0645 \u06a9\u06cc \u063a\u06cc\u0631 \u0642\u0627\u0646\u0648\u0646\u06cc \u0641\u062d\u0634 \u0646\u06af\u0627\u0631\u06cc\u060c \u062f\u06c1\u0634\u062a \u06af\u0631\u062f\u06cc \u06a9\u06cc \u062d\u0645\u0627\u06cc\u062a \u0645\u06cc\u06ba \u06cc\u0627 \u0627\u0646\u0633\u0627\u0646\u06cc \u062d\u0642\u0648\u0642 \u06a9\u06d2 \u062e\u0644\u0627\u0641\u061b<\/li>\n\n\n\n<li>C) Finan\u00e7as\u060c \u0627\u0633 \u06a9\u06d2 \u0633\u067e\u0644\u0627\u0626\u0631\u0632 \u06cc\u0627 \u062a\u06cc\u0633\u0631\u06d2 \u0641\u0631\u06cc\u0642 \u06a9\u06d2 \u0637\u0648\u0631 \u067e\u0631 Planeje \u06a9\u06d2 \u062c\u0633\u0645\u0627\u0646\u06cc (\u06c1\u0627\u0631\u0688 \u0648\u06cc\u0626\u0631) \u0627\u0648\u0631 \u0645\u0646\u0637\u0642\u06cc (\u0633\u0627\u0641\u0679 \u0648\u06cc\u0626\u0631) \u0633\u0633\u0679\u0645\u0632 \u06a9\u0648 \u0646\u0642\u0635\u0627\u0646 \u0646\u06c1 \u067e\u06c1\u0646\u0686\u0627\u0646\u0627\u060c \u06a9\u0645\u067e\u06cc\u0648\u0679\u0631 \u0648\u0627\u0626\u0631\u0633 \u06cc\u0627 \u06a9\u0633\u06cc \u062f\u0648\u0633\u0631\u06d2 \u06c1\u0627\u0631\u0688 \u0648\u06cc\u0626\u0631 \u06cc\u0627 \u0633\u0627\u0641\u0679 \u0648\u06cc\u0626\u0631 \u0633\u0633\u0679\u0645 \u06a9\u0648 \u0645\u062a\u0639\u0627\u0631\u0641 \u06a9\u0631\u0627\u0646\u06d2 \u06cc\u0627 \u067e\u06be\u06cc\u0644\u0627\u0646\u06d2 \u06a9\u06d2 \u0644\u06cc\u06d2 \u062c\u0648 \u0645\u0630\u06a9\u0648\u0631\u06c1 \u0628\u0627\u0644\u0627 \u0646\u0642\u0635\u0627\u0646 \u067e\u06c1\u0646\u0686\u0627\u0646\u06d2 \u06a9\u06d2 \u0642\u0627\u0628\u0644 \u06c1\u0648\u06ba\u06d4<\/li>\n<\/ul>\n\n\n\n<h3 class=\"wp-block-heading\">\u0645\u0632\u06cc\u062f \u0645\u0639\u0644\u0648\u0645\u0627\u062a<\/h3>\n\n\n\n<p>\u0627\u0645\u06cc\u062f \u06c1\u06d2 \u06a9\u06c1 \u0627\u0633 \u0646\u06d2 \u0622\u067e \u06a9\u06d2 \u0644\u06cc\u06d2 \u0686\u06cc\u0632\u06cc\u06ba \u0648\u0627\u0636\u062d \u06a9\u0631 \u062f\u06cc \u06c1\u06cc\u06ba \u0627\u0648\u0631 \u062c\u06cc\u0633\u0627 \u06a9\u06c1 \u067e\u06c1\u0644\u06d2 \u0630\u06a9\u0631 \u06a9\u06cc\u0627 \u06af\u06cc\u0627 \u062a\u06be\u0627 \u06a9\u06c1 \u0627\u06af\u0631 \u06a9\u0648\u0626\u06cc \u0627\u06cc\u0633\u06cc \u0686\u06cc\u0632 \u06c1\u06d2 \u062c\u0633 \u06a9\u06d2 \u0628\u0627\u0631\u06d2 \u0645\u06cc\u06ba \u0622\u067e \u06a9\u0648 \u06cc\u0642\u06cc\u0646 \u0646\u06c1\u06cc\u06ba \u06c1\u06d2 \u06a9\u06c1 \u0622\u067e \u06a9\u0648 \u0627\u0633 \u06a9\u06cc \u0636\u0631\u0648\u0631\u062a \u06c1\u06d2 \u06cc\u0627 \u0646\u06c1\u06cc\u06ba \u062a\u0648 \u0639\u0627\u0645 \u0637\u0648\u0631 \u067e\u0631 \u06a9\u0648\u06a9\u06cc\u0632 \u06a9\u0648 \u0641\u0639\u0627\u0644 \u0686\u06be\u0648\u0691\u0646\u0627 \u0632\u06cc\u0627\u062f\u06c1 \u0645\u062d\u0641\u0648\u0638 \u06c1\u06d2 \u0627\u06af\u0631 \u06cc\u06c1 \u06c1\u0645\u0627\u0631\u06cc \u0633\u0627\u0626\u0679 \u067e\u0631 \u0627\u0633\u062a\u0639\u0645\u0627\u0644 \u06c1\u0648\u0646\u06d2 \u0648\u0627\u0644\u06cc \u062e\u0635\u0648\u0635\u06cc\u0627\u062a \u0645\u06cc\u06ba \u0633\u06d2 \u06a9\u0633\u06cc \u06a9\u06d2 \u0633\u0627\u062a\u06be \u062a\u0639\u0627\u0645\u0644 \u06a9\u0631\u062a\u06cc \u06c1\u06d2\u06d4<\/p>\n\n\n\n<p>\u06cc\u06c1 \u067e\u0627\u0644\u06cc\u0633\u06cc 19 \u0641\u0631\u0648\u0631\u06cc 2025 15:41 \u0633\u06d2 \u0645\u0648\u062b\u0631 \u06c1\u06d2\u06d4<\/p>\n<\/body><\/html>","protected":false},"excerpt":{"rendered":"<p>A sua privacidade \u00e9 importante para n\u00f3s. \u00c9 pol\u00edtica do Planeje as Finan\u00e7as respeitar a sua privacidade em rela\u00e7\u00e3o a qualquer informa\u00e7\u00e3o sua que possamos coletar no site\u00a0Planeje as Finan\u00e7as, e outros sites que possu\u00edmos e operamos. Solicitamos informa\u00e7\u00f5es pessoais apenas quando realmente precisamos delas para lhe fornecer um servi\u00e7o. Fazemo-lo por meios justos e [&hellip;]<\/p>\n","protected":false},"author":4,"featured_media":0,"parent":0,"menu_order":0,"comment_status":"closed","ping_status":"open","template":"","meta":{"footnotes":""},"class_list":["post-3","page","type-page","status-publish","hentry"],"_links":{"self":[{"href":"https:\/\/planejeasfinancas.com.br\/ur\/wp-json\/wp\/v2\/pages\/3","targetHints":{"allow":["GET"]}}],"collection":[{"href":"https:\/\/planejeasfinancas.com.br\/ur\/wp-json\/wp\/v2\/pages"}],"about":[{"href":"https:\/\/planejeasfinancas.com.br\/ur\/wp-json\/wp\/v2\/types\/page"}],"author":[{"embeddable":true,"href":"https:\/\/planejeasfinancas.com.br\/ur\/wp-json\/wp\/v2\/users\/4"}],"replies":[{"embeddable":true,"href":"https:\/\/planejeasfinancas.com.br\/ur\/wp-json\/wp\/v2\/comments?post=3"}],"version-history":[{"count":1,"href":"https:\/\/planejeasfinancas.com.br\/ur\/wp-json\/wp\/v2\/pages\/3\/revisions"}],"predecessor-version":[{"id":12568,"href":"https:\/\/planejeasfinancas.com.br\/ur\/wp-json\/wp\/v2\/pages\/3\/revisions\/12568"}],"wp:attachment":[{"href":"https:\/\/planejeasfinancas.com.br\/ur\/wp-json\/wp\/v2\/media?parent=3"}],"curies":[{"name":"wp","href":"https:\/\/api.w.org\/{rel}","templated":true}]}}