{"id":3,"date":"2025-02-19T14:27:01","date_gmt":"2025-02-19T14:27:01","guid":{"rendered":"https:\/\/planejeasfinancas.com.br\/?page_id=3"},"modified":"2025-02-19T15:42:45","modified_gmt":"2025-02-19T15:42:45","slug":"privacy-policy","status":"publish","type":"page","link":"https:\/\/planejeasfinancas.com.br\/zh\/privacy-policy\/","title":{"rendered":"\u9690\u79c1\u653f\u7b56"},"content":{"rendered":"<html><body><p>\u60a8\u7684\u9690\u79c1\u5bf9\u6211\u4eec\u5f88\u91cd\u8981\u3002 Planeje as Finan\u00e7as \u7684\u653f\u7b56\u662f\u5c0a\u91cd\u60a8\u7684\u9690\u79c1\uff0c\u6211\u4eec\u53ef\u80fd\u4f1a\u901a\u8fc7\u6211\u4eec\u7684\u7f51\u7ad9\u6536\u96c6\u60a8\u7684\u4efb\u4f55\u4fe1\u606f\u3002\u00a0<a href=\"https:\/\/politicaprivacidade.com\/planejeasfinancas.com.br\">\u89c4\u5212\u4f60\u7684\u8d22\u52a1<\/a>\u4ee5\u53ca\u6211\u4eec\u62e5\u6709\u548c\u8fd0\u8425\u7684\u5176\u4ed6\u7f51\u7ad9\u3002<\/p>\n\n\n\n<p>\u6211\u4eec\u4ec5\u5728\u771f\u6b63\u9700\u8981\u4e3a\u60a8\u63d0\u4f9b\u670d\u52a1\u65f6\u624d\u8981\u6c42\u63d0\u4f9b\u4e2a\u4eba\u4fe1\u606f\u3002\u6211\u4eec\u4f1a\u4ee5\u516c\u5e73\u3001\u5408\u6cd5\u7684\u65b9\u5f0f\uff0c\u5728\u60a8\u77e5\u60c5\u548c\u540c\u610f\u7684\u60c5\u51b5\u4e0b\uff0c\u5b8c\u6210\u4e0a\u8ff0\u64cd\u4f5c\u3002\u6211\u4eec\u8fd8\u4f1a\u8ba9\u60a8\u77e5\u9053\u6211\u4eec\u6536\u96c6\u8fd9\u4e9b\u4fe1\u606f\u7684\u539f\u56e0\u4ee5\u53ca\u8fd9\u4e9b\u4fe1\u606f\u7684\u7528\u9014\u3002<\/p>\n\n\n\n<p>\u6211\u4eec\u53ea\u4f1a\u5728\u5411\u60a8\u63d0\u4f9b\u6240\u9700\u670d\u52a1\u6240\u9700\u7684\u65f6\u95f4\u5185\u4fdd\u7559\u6240\u6536\u96c6\u7684\u4fe1\u606f\u3002\u6211\u4eec\u5c06\u4ee5\u5546\u4e1a\u4e0a\u53ef\u63a5\u53d7\u7684\u65b9\u5f0f\u4fdd\u62a4\u6211\u4eec\u5b58\u50a8\u7684\u6570\u636e\uff0c\u4ee5\u9632\u6b62\u4e22\u5931\u548c\u76d7\u7a83\uff0c\u4ee5\u53ca\u672a\u7ecf\u6388\u6743\u7684\u8bbf\u95ee\u3001\u62ab\u9732\u3001\u590d\u5236\u3001\u4f7f\u7528\u6216\u4fee\u6539\u3002<\/p>\n\n\n\n<p>\u9664\u975e\u6cd5\u5f8b\u8981\u6c42\uff0c\u5426\u5219\u6211\u4eec\u4e0d\u4f1a\u516c\u5f00\u6216\u4e0e\u7b2c\u4e09\u65b9\u5206\u4eab\u4efb\u4f55\u4e2a\u4eba\u8eab\u4efd\u4fe1\u606f\u3002<\/p>\n\n\n\n<p>\u6211\u4eec\u7684\u7f51\u7ad9\u53ef\u80fd\u5305\u542b\u975e\u6211\u4eec\u8fd0\u8425\u7684\u5916\u90e8\u7f51\u7ad9\u7684\u94fe\u63a5\u3002\u8bf7\u6ce8\u610f\uff0c\u6211\u4eec\u65e0\u6cd5\u63a7\u5236\u8fd9\u4e9b\u7f51\u7ad9\u7684\u5185\u5bb9\u548c\u505a\u6cd5\uff0c\u4e5f\u4e0d\u80fd\u5bf9\u5176\u5404\u81ea\u7684\u00a0<a href=\"https:\/\/politicaprivacidade.com\/\" rel=\"noreferrer noopener\" target=\"_blank\">\u9690\u79c1\u653f\u7b56<\/a>.<\/p>\n\n\n\n<p>\u60a8\u53ef\u4ee5\u81ea\u7531\u62d2\u7edd\u6211\u4eec\u5bf9\u60a8\u7684\u4e2a\u4eba\u4fe1\u606f\u7684\u8bf7\u6c42\uff0c\u4f46\u6211\u4eec\u53ef\u80fd\u65e0\u6cd5\u4e3a\u60a8\u63d0\u4f9b\u67d0\u4e9b\u6240\u9700\u7684\u670d\u52a1\u3002<\/p>\n\n\n\n<p>\u60a8\u7ee7\u7eed\u4f7f\u7528\u6211\u4eec\u7684\u7f51\u7ad9\u5c06\u88ab\u89c6\u4e3a\u63a5\u53d7\u6211\u4eec\u6709\u5173\u9690\u79c1\u548c\u4e2a\u4eba\u4fe1\u606f\u7684\u505a\u6cd5\u3002\u5982\u679c\u60a8\u5bf9\u6211\u4eec\u5982\u4f55\u5904\u7406\u7528\u6237\u6570\u636e\u548c\u4e2a\u4eba\u4fe1\u606f\u6709\u4efb\u4f55\u7591\u95ee\uff0c\u8bf7\u8054\u7cfb\u6211\u4eec\u3002<\/p>\n\n\n\n<ul class=\"wp-block-list\">\n<li>\u6211\u4eec\u7528\u4e8e\u6295\u653e\u5e7f\u544a\u7684 Google AdSense \u670d\u52a1\u4f7f\u7528 DoubleClick cookie \u5728\u7f51\u7edc\u4e0a\u6295\u653e\u66f4\u76f8\u5173\u7684\u5e7f\u544a\uff0c\u5e76\u9650\u5236\u5411\u60a8\u5c55\u793a\u7279\u5b9a\u5e7f\u544a\u7684\u6b21\u6570\u3002<\/li>\n\n\n\n<li>\u6709\u5173 Google AdSense \u7684\u66f4\u591a\u4fe1\u606f\uff0c\u8bf7\u53c2\u9605\u5b98\u65b9 Google AdSense \u9690\u79c1\u5e38\u89c1\u95ee\u9898\u89e3\u7b54\u3002<\/li>\n\n\n\n<li>\u6211\u4eec\u4f7f\u7528\u5e7f\u544a\u6765\u62b5\u6d88\u8fd0\u8425\u672c\u7f51\u7ad9\u7684\u6210\u672c\u5e76\u4e3a\u672a\u6765\u7684\u53d1\u5c55\u63d0\u4f9b\u8d44\u91d1\u3002\u672c\u7f51\u7ad9\u4f7f\u7528\u7684\u884c\u4e3a\u5e7f\u544a cookie \u65e8\u5728\u786e\u4fdd\u6211\u4eec\u901a\u8fc7\u533f\u540d\u8ddf\u8e2a\u60a8\u7684\u5174\u8da3\u5e76\u5448\u73b0\u60a8\u53ef\u80fd\u611f\u5174\u8da3\u7684\u7c7b\u4f3c\u5185\u5bb9\uff0c\u5c3d\u53ef\u80fd\u4e3a\u60a8\u63d0\u4f9b\u6700\u76f8\u5173\u7684\u5e7f\u544a\u3002<\/li>\n\n\n\n<li>\u4e00\u4e9b\u5408\u4f5c\u4f19\u4f34\u4ee3\u8868\u6211\u4eec\u505a\u5e7f\u544a\uff0c\u800c\u8054\u5c5e\u8ddf\u8e2a cookie \u53ea\u662f\u8ba9\u6211\u4eec\u4e86\u89e3\u6211\u4eec\u7684\u5ba2\u6237\u662f\u5426\u901a\u8fc7\u6211\u4eec\u7684\u67d0\u4e2a\u5408\u4f5c\u4f19\u4f34\u7f51\u7ad9\u6765\u5230\u8be5\u7f51\u7ad9\uff0c\u4ee5\u4fbf\u6211\u4eec\u80fd\u591f\u9002\u5f53\u5730\u7ed9\u4e88\u4ed6\u4eec\u4fe1\u7528\uff0c\u5e76\u5728\u9002\u7528\u7684\u60c5\u51b5\u4e0b\u5141\u8bb8\u6211\u4eec\u7684\u8054\u5c5e\u5408\u4f5c\u4f19\u4f34\u63d0\u4f9b\u4ed6\u4eec\u53ef\u80fd\u4e3a\u60a8\u63d0\u4f9b\u7684\u8d2d\u4e70\u5956\u52b1\u3002<\/li>\n<\/ul>\n\n\n\n<h3 class=\"wp-block-heading\">\u7528\u6237\u627f\u8bfa<\/h3>\n\n\n\n<p>\u7528\u6237\u627f\u8bfa\u9002\u5f53\u4f7f\u7528 Planeje as Finan\u00e7as \u5728\u7f51\u7ad9\u4e0a\u63d0\u4f9b\u7684\u5185\u5bb9\u548c\u4fe1\u606f\uff0c\u4f8b\u5982\u4f46\u4e0d\u9650\u4e8e\uff1a<\/p>\n\n\n\n<ul class=\"wp-block-list\">\n<li>a) \u4e0d\u4ece\u4e8b\u975e\u6cd5\u6216\u8fdd\u53cd\u8bda\u4fe1\u548c\u793e\u4f1a\u79e9\u5e8f\u7684\u6d3b\u52a8\uff1b<\/li>\n\n\n\n<li>B) \u4e0d\u5f97\u4f20\u64ad\u79cd\u65cf\u4e3b\u4e49\u3001\u4ec7\u5916\u4e3b\u4e49\u7684\u5ba3\u4f20\u6216\u5185\u5bb9\uff0c\u00a0<a href=\"https:\/\/betnacionalbrasil.br.com\/\">\u56fd\u5bb6\u535a\u5f69<\/a>\u00a0\u6216\u5384\u8fd0\u3001\u4efb\u4f55\u7c7b\u578b\u7684\u975e\u6cd5\u8272\u60c5\u3001\u652f\u6301\u6050\u6016\u4e3b\u4e49\u6216\u8fdd\u53cd\u4eba\u6743\uff1b<\/li>\n\n\n\n<li>C) \u4e0d\u5f97\u5bf9 Planeje as Finan\u00e7as\u3001\u5176\u4f9b\u5e94\u5546\u6216\u7b2c\u4e09\u65b9\u7684\u7269\u7406\uff08\u786c\u4ef6\uff09\u548c\u903b\u8f91\uff08\u8f6f\u4ef6\uff09\u7cfb\u7edf\u9020\u6210\u635f\u5bb3\uff0c\u4e0d\u5f97\u5f15\u5165\u6216\u4f20\u64ad\u8ba1\u7b97\u673a\u75c5\u6bd2\u6216\u4efb\u4f55\u5176\u4ed6\u53ef\u80fd\u9020\u6210\u4e0a\u8ff0\u635f\u5bb3\u7684\u786c\u4ef6\u6216\u8f6f\u4ef6\u7cfb\u7edf\u3002<\/li>\n<\/ul>\n\n\n\n<h3 class=\"wp-block-heading\">\u66f4\u591a\u4fe1\u606f<\/h3>\n\n\n\n<p>\u5e0c\u671b\u8fd9\u80fd\u4e3a\u60a8\u6f84\u6e05\u4e00\u4e9b\u4e8b\u60c5\uff0c\u5e76\u4e14\u5982\u524d\u6240\u8ff0\uff0c\u5982\u679c\u60a8\u4e0d\u786e\u5b9a\u662f\u5426\u9700\u8981\u67d0\u4e9b\u4e1c\u897f\uff0c\u901a\u5e38\u66f4\u5b89\u5168\u7684\u505a\u6cd5\u662f\u4fdd\u6301 cookie \u5904\u4e8e\u542f\u7528\u72b6\u6001\uff0c\u4ee5\u9632\u5b83\u4e0e\u60a8\u5728\u6211\u4eec\u7f51\u7ad9\u4e0a\u4f7f\u7528\u7684\u67d0\u4e2a\u529f\u80fd\u8fdb\u884c\u4ea4\u4e92\u3002<\/p>\n\n\n\n<p>\u672c\u653f\u7b56\u81ea2025\u5e742\u670819\u65e515:41\u8d77\u751f\u6548<\/p>\n<\/body><\/html>","protected":false},"excerpt":{"rendered":"<p>A sua privacidade \u00e9 importante para n\u00f3s. \u00c9 pol\u00edtica do Planeje as Finan\u00e7as respeitar a sua privacidade em rela\u00e7\u00e3o a qualquer informa\u00e7\u00e3o sua que possamos coletar no site\u00a0Planeje as Finan\u00e7as, e outros sites que possu\u00edmos e operamos. Solicitamos informa\u00e7\u00f5es pessoais apenas quando realmente precisamos delas para lhe fornecer um servi\u00e7o. Fazemo-lo por meios justos e [&hellip;]<\/p>\n","protected":false},"author":4,"featured_media":0,"parent":0,"menu_order":0,"comment_status":"closed","ping_status":"open","template":"","meta":{"footnotes":""},"class_list":["post-3","page","type-page","status-publish","hentry"],"_links":{"self":[{"href":"https:\/\/planejeasfinancas.com.br\/zh\/wp-json\/wp\/v2\/pages\/3","targetHints":{"allow":["GET"]}}],"collection":[{"href":"https:\/\/planejeasfinancas.com.br\/zh\/wp-json\/wp\/v2\/pages"}],"about":[{"href":"https:\/\/planejeasfinancas.com.br\/zh\/wp-json\/wp\/v2\/types\/page"}],"author":[{"embeddable":true,"href":"https:\/\/planejeasfinancas.com.br\/zh\/wp-json\/wp\/v2\/users\/4"}],"replies":[{"embeddable":true,"href":"https:\/\/planejeasfinancas.com.br\/zh\/wp-json\/wp\/v2\/comments?post=3"}],"version-history":[{"count":1,"href":"https:\/\/planejeasfinancas.com.br\/zh\/wp-json\/wp\/v2\/pages\/3\/revisions"}],"predecessor-version":[{"id":12568,"href":"https:\/\/planejeasfinancas.com.br\/zh\/wp-json\/wp\/v2\/pages\/3\/revisions\/12568"}],"wp:attachment":[{"href":"https:\/\/planejeasfinancas.com.br\/zh\/wp-json\/wp\/v2\/media?parent=3"}],"curies":[{"name":"wp","href":"https:\/\/api.w.org\/{rel}","templated":true}]}}